{"id":1417,"date":"2025-11-03T12:05:29","date_gmt":"2025-11-03T12:05:29","guid":{"rendered":"https:\/\/goldzinocasino.org\/app\/"},"modified":"2026-03-17T09:43:34","modified_gmt":"2026-03-17T09:43:34","slug":"app","status":"publish","type":"page","link":"https:\/\/goldzinocasino.org\/de\/app\/","title":{"rendered":"App"},"content":{"rendered":"<h1>Goldzino App<\/h1>\n<p>Spielen Sie \u00fcber 6.000 Spiele, darunter Online-Slots, Tischspiele und Live-Dealer-Titel auf iOS und Android, und genie\u00dfen Sie mit der Goldzino App jederzeit ein erstklassiges Casino-Erlebnis. Wir haben unsere mobile Plattform so gestaltet, dass sie dieselben Funktionen wie die Desktop-Version bietet, sodass Sie die besten Online-Spiele genie\u00dfen k\u00f6nnen, egal wo Sie sich gerade befinden.<\/p>\n<div class=\"banner-wrap\" aria-label=\"Banner\"><img src=\"https:\/\/goldzinocasino.org\/wp-content\/uploads\/2025\/10\/Goldzino-Banner-Desktop.webp\" class=\"w-100 d-none d-lg-block img-pc main-banner-img\" alt=\"goldzino bonus desktop\" fetchpriority=\"high\" decoding=\"async\"><img src=\"https:\/\/goldzinocasino.org\/wp-content\/uploads\/2025\/10\/Gold-zino-Mobile-Banner.webp\" class=\"w-100 d-none d-md-block d-lg-none main-banner-img\" alt=\"goldzino bonus mobile\" fetchpriority=\"high\" decoding=\"async\"><img src=\"https:\/\/goldzinocasino.org\/wp-content\/uploads\/2025\/10\/Gold-zino-Mobile-Banner.webp\" class=\"w-100 d-md-none\" alt=\"goldzino bonus mobile\" fetchpriority=\"high\" decoding=\"async\"><div class=\"banner-description\">\n<div class=\"banner-title\">Willkommensboni<\/div>\n<p class=\"banner-header-title\">1500 \u20ac<\/p>\n<div class=\"banner-header-AdditionalText\">+ 250 Freispiele<\/div>\n<button data-item=\"homepage_banner_link\" class=\"goto m-button m-gradient-border m-button--primary m-button--large banner-button btn-orange\">\n            <div class=\"m-button-content\">\n                <span>Jetzt anmelden<\/span>\n                <span><\/span>\n            <\/div>\n        <\/button>\n<\/div>\n<div class=\"WelcomePack\">\n<p><img loading=\"lazy\" decoding=\"async\" class=\"alignnone size-full wp-image-1376\" src=\"https:\/\/goldzinocasino.org\/wp-content\/uploads\/2025\/10\/welcome-crown.svg\" alt=\"crown\" width=\"25\" height=\"26\" \/><\/p>\n<div class=\"WelcomePack-Info\">W\u00f6chentlicher Cashback von bis zu 25 %<\/div>\n<p><img loading=\"lazy\" decoding=\"async\" class=\"alignnone size-full wp-image-1376\" src=\"https:\/\/goldzinocasino.org\/wp-content\/uploads\/2025\/10\/welcome-crown.svg\" alt=\"crown\" width=\"25\" height=\"26\" \/><\/p>\n<\/div>\n<\/div>\n<h2>Goldzino Casino App<\/h2>\n<p>Angesichts der Tatsache, dass die meisten Menschen weltweit ihr Mobiltelefon f\u00fcr alles nutzen, ist es nicht verwunderlich, dass viele Spieler auch auf ihren Handheld-Ger\u00e4ten Online-Casinospiele spielen m\u00f6chten. Unsere Casino-App wurde f\u00fcr Spieler entwickelt, die Flexibilit\u00e4t und ein gutes Spielerlebnis f\u00fcr unterwegs verlangen. Im Gegensatz zu einem PC, an den man gebunden ist, bietet Ihnen unsere mobile App die Freiheit, \u00fcberall und jederzeit ohne Einschr\u00e4nkungen zu spielen. Unsere Android- und iOS-Apps zeichnen sich durch ein intuitives Design aus, das eine nat\u00fcrliche Navigation erm\u00f6glicht. Mit unserer mobilen App haben Sie Zugriff auf:<\/p>\n<ul>\n<li>\u00dcber 6.000 Spielautomaten, Jackpots, Karten- und Tischspiele sowie Live-Casino<\/li>\n<li>Mehrere Zahlungsoptionen, von E-Wallets und Debitkarten bis hin zu Kryptotransaktionen<\/li>\n<li>Kundensupport rund um die Uhr, der Ihnen per E-Mail oder Live-Chat<\/li>\n<li>Genie\u00dfen Sie Willkommensboni, Cashback-Angebote und Reload-Boni mit Freispielen.<\/li>\n<li>Push-Benachrichtigungen f\u00fcr neue Werbeaktionen und Spiele.<\/li>\n<\/ul>\n<p><div class=\"scrollable-content-wrap my-5\"><div class=\"scrollable-content-inner\"><h2>Goldzino App f\u00fcr Android<\/h2>\n<p>Unsere PWA-App f\u00fcr Android bietet neuen und wiederkehrenden Spielern eine nahtlose M\u00f6glichkeit, ihre Lieblingsspiele auch unterwegs zu genie\u00dfen. Wir haben unsere App so optimiert, dass sie auf den meisten Android-Smartphones und -Tablets mit Android 8.0 oder h\u00f6her reibungslos l\u00e4uft. Sie verf\u00fcgt \u00fcber denselben Verifizierungsprozess wie unsere Desktop-Version und bietet Zugriff auf Ein- und Auszahlungen sowie die besten Online-Casinospiele.<\/p>\n<p>Android-Nutzer k\u00f6nnen mit unserer progressiven Webanwendung (PWA), die von unserer Website heruntergeladen werden kann, mobiles Gaming genie\u00dfen. Es ist keine Goldzino APK-Datei erforderlich. Der Nutzer \u00f6ffnet einfach den Casino-App-Bereich und folgt den Installationsanweisungen. Auch wenn unser mobiles Casino nicht direkt aus dem Google Play Store heruntergeladen wird, bietet es dennoch volle Unterst\u00fctzung f\u00fcr Ein- und Auszahlungen, Live-Chats, f\u00fcr Mobilger\u00e4te optimierte Slots, Tische und Live-Dealer-Titel.<\/p>\n<p>Installationsanleitung:<\/p>\n<ol>\n<li>Klicken Sie unten auf der Startseite auf den Abschnitt \u201eCasino-App\u201c.<\/li>\n<li>Tippen Sie auf \u201eInstallieren\u201c, um den Download der Goldzino-App zu starten.<\/li>\n<li>Installieren Sie die mobile Anwendung. Best\u00e4tigen Sie die Auswahl.<\/li>\n<\/ol>\n<p><img loading=\"lazy\" decoding=\"async\" class=\"alignnone size-full wp-image-1418\" src=\"https:\/\/goldzinocasino.org\/wp-content\/uploads\/2025\/11\/Gold-Zino-Android-Application.webp\" alt=\"Gold-Zino Android\" width=\"1248\" height=\"536\" srcset=\"https:\/\/goldzinocasino.org\/wp-content\/uploads\/2025\/11\/Gold-Zino-Android-Application.webp 1248w, https:\/\/goldzinocasino.org\/wp-content\/uploads\/2025\/11\/Gold-Zino-Android-Application-300x129.webp 300w, https:\/\/goldzinocasino.org\/wp-content\/uploads\/2025\/11\/Gold-Zino-Android-Application-1024x440.webp 1024w, https:\/\/goldzinocasino.org\/wp-content\/uploads\/2025\/11\/Gold-Zino-Android-Application-768x330.webp 768w\" sizes=\"auto, (max-width: 1248px) 100vw, 1248px\" \/><\/p>\n<\/div><\/div><div style=\"clear: both\"><\/div><div class=\"d-flex justify-content-center\"><button data-item=\"decouvrez_link\" data-group=\"website_links\" class=\"goto fw-bold rounded-pill btn btn-orange\" aria-label=\"Sie die Goldzino-App herunter\" >Sie die Goldzino-App herunter<\/button><\/div><div class=\"scrollable-content-wrap my-5\"><div class=\"scrollable-content-inner\"><h2>Goldzino App f\u00fcr iOS<\/h2>\n<p>iOS-Nutzer k\u00f6nnen unsere mobile Erfahrung \u00fcber eine Progressive Web App genie\u00dfen, die \u00fcber Ihren mobilen Browser l\u00e4uft und von unserer offiziellen Website heruntergeladen werden kann. Befolgen Sie diese einfachen Schritte, um die Gold Zino App zu Ihrem iPad- oder iPhone-Startbildschirm hinzuzuf\u00fcgen:<\/p>\n<ol>\n<li>Sobald Sie sich auf der mobilen Homepage von Gold Zino befinden, klicken Sie unten auf der Seite auf den Bereich \u201eCasino-App\u201c.<\/li>\n<li>Wenn Sie dazu aufgefordert werden, tippen Sie auf \u201eInstallieren\u201c, und die App wird heruntergeladen.<\/li>\n<li>Das Gold-Zino-Symbol wird auf Ihrem Startbildschirm angezeigt. Tippen Sie darauf, um die App zu starten.<\/li>\n<\/ol>\n<p>Nach der Installation funktioniert die Goldzino PWA genau wie eine native App und erm\u00f6glicht Ihnen den Zugriff auf Ihre Lieblings-Online-Casinospiele, schnelle Ein- und Auszahlungen sowie Live-Chat-Support direkt \u00fcber Ihren Browser.<\/p>\n<p><img loading=\"lazy\" decoding=\"async\" class=\"alignnone size-full wp-image-1986\" src=\"https:\/\/goldzinocasino.org\/wp-content\/uploads\/2025\/11\/Gold-Zino-iOS-Application-de.webp\" alt=\"Gold Zino iOS Application\" width=\"1248\" height=\"536\" srcset=\"https:\/\/goldzinocasino.org\/wp-content\/uploads\/2025\/11\/Gold-Zino-iOS-Application-de.webp 1248w, https:\/\/goldzinocasino.org\/wp-content\/uploads\/2025\/11\/Gold-Zino-iOS-Application-de-300x129.webp 300w, https:\/\/goldzinocasino.org\/wp-content\/uploads\/2025\/11\/Gold-Zino-iOS-Application-de-1024x440.webp 1024w, https:\/\/goldzinocasino.org\/wp-content\/uploads\/2025\/11\/Gold-Zino-iOS-Application-de-768x330.webp 768w\" sizes=\"auto, (max-width: 1248px) 100vw, 1248px\" \/><\/p>\n<\/div><\/div><div style=\"clear: both\"><\/div><div class=\"d-flex justify-content-center\"><button data-item=\"decouvrez_link\" data-group=\"website_links\" class=\"goto fw-bold rounded-pill btn btn-orange\" aria-label=\"Sie die Goldzino-App herunter\" >Sie die Goldzino-App herunter<\/button><\/div><div class=\"scrollable-content-wrap my-5\"><div class=\"scrollable-content-inner\"><h2>Goldzino Casino Desktop-App \u2013 Windows\/macOS<\/h2>\n<p>Spieler k\u00f6nnen \u00fcber ihren Desktop-Browser sowohl unter Windows als auch unter macOS ganz einfach auf unsere Online-Casino-Plattform zugreifen. Die offizielle Gold Zino-Website funktioniert mit g\u00e4ngigen Browsern wie Google Chrome, Mozilla Firefox und Safari. Alle Funktionen, einschlie\u00dflich Gameplay, Kontoverwaltung und Kundensupport, sind \u00fcber den Browser vollst\u00e4ndig zug\u00e4nglich. Spieler k\u00f6nnen auch unsere PWA-App f\u00fcr Windows und macOS direkt von unserer Website herunterladen, um schneller auf ihre Lieblings-Online-Casinospiele zugreifen zu k\u00f6nnen.<\/p>\n<p><img loading=\"lazy\" decoding=\"async\" class=\"alignnone size-full wp-image-1779\" src=\"https:\/\/goldzinocasino.org\/wp-content\/uploads\/2025\/11\/Gold-Zino-Website.webp\" alt=\"Gold-Zino PC\" width=\"1248\" height=\"536\" srcset=\"https:\/\/goldzinocasino.org\/wp-content\/uploads\/2025\/11\/Gold-Zino-Website.webp 1248w, https:\/\/goldzinocasino.org\/wp-content\/uploads\/2025\/11\/Gold-Zino-Website-300x129.webp 300w, https:\/\/goldzinocasino.org\/wp-content\/uploads\/2025\/11\/Gold-Zino-Website-1024x440.webp 1024w, https:\/\/goldzinocasino.org\/wp-content\/uploads\/2025\/11\/Gold-Zino-Website-768x330.webp 768w\" sizes=\"auto, (max-width: 1248px) 100vw, 1248px\" \/><\/p>\n<\/div><\/div><div style=\"clear: both\"><\/div><div class=\"d-flex justify-content-center\"><button data-item=\"decouvrez_link\" data-group=\"website_links\" class=\"goto fw-bold rounded-pill btn btn-orange\" aria-label=\"Sie die Goldzino-App herunter\" >Sie die Goldzino-App herunter<\/button><\/div><div class=\"scrollable-content-wrap my-5\"><div class=\"scrollable-content-inner\"><h2>H\u00e4ufig gestellte Fragen<\/h2>\n<h3>Kann ich in der Goldzino Casino App Kundensupport erhalten?<\/h3>\n<p>Ja, das k\u00f6nnen Sie. Unser Kundensupport-Team ist rund um die Uhr direkt \u00fcber die App und auf unserer offiziellen Website erreichbar. Sie k\u00f6nnen uns per Live-Chat oder E-Mail kontaktieren, wenn Sie Fragen zu Einzahlungen, Verifizierung, Auszahlungen, Kontoerstellung oder Werbeaktionen haben.<\/p>\n<h3>Sind alle Spiele in der App verf\u00fcgbar?<\/h3>\n<p>\u00dcber 6.000 Slots, Tische und Live-Dealer-Spiele sind \u00fcber unser mobiles Casino verf\u00fcgbar. Es spielt keine Rolle, ob Sie iOS, Android, Windows oder macOS verwenden \u2013 Sie erhalten die besten Online-Casinospiele von f\u00fchrenden Softwareanbietern wie Pragmatic Play, Evolution, Playson, BGaming, Spinomenal und anderen.<\/p>\n<h3>Wie kann ich ein Konto erstellen, um die Goldzino-App zu nutzen?<\/h3>\n<p>Die Erstellung eines Kontos ist mit der Gold Zino-App ganz schnell erledigt. Starten Sie unser mobiles Casino, w\u00e4hlen Sie \u201eAnmelden\u201c, geben Sie Ihre E-Mail-Adresse ein, erstellen Sie ein sicheres Passwort und geben Sie einen Promo-Code ein, falls Sie einen haben. Schlie\u00dfen Sie die Einrichtung Ihres Kontos ab, indem Sie unseren Allgemeinen Gesch\u00e4ftsbedingungen zustimmen und Ihre Anmeldung best\u00e4tigen.<\/p>\n<h3>Wie aktualisiert man die Goldzino Casino App?<\/h3>\n<p>Unsere mobile App wird automatisch aktualisiert, da wir regelm\u00e4\u00dfig Updates ver\u00f6ffentlichen, um neue Funktionen, Werbeaktionen und Casinospiele einzuf\u00fchren. Sobald die App \u00fcber APK auf Ihrem Smartphone installiert ist, werden Sie zu unserer offiziellen Website weitergeleitet, um die neueste Gold Zino APK-Datei herunterzuladen. Wenn Sie die PWA-App verwenden, m\u00fcssen Sie nichts weiter tun, da jedes Update in Echtzeit erfolgt, ohne dass ein Download erforderlich ist.<\/p>\n<h3>Ist die Goldzino-App sicher in der Anwendung?<\/h3>\n<p>Ja, unsere App verwendet SSL-Verschl\u00fcsselung und sichere Server, um Spielerdaten und Transaktionen zu sch\u00fctzen. Unsere Systeme entsprechen den strengen Richtlinien der Anjouan eGaming-Regulierung, um Datenschutz, faires und verantwortungsbewusstes Spielen zu gew\u00e4hrleisten.<\/p>\n<\/div><\/div><\/p>\n","protected":false},"excerpt":{"rendered":"<p>Goldzino App Spielen Sie \u00fcber 6.000 Spiele, darunter Online-Slots, Tischspiele und Live-Dealer-Titel auf iOS und Android, und genie\u00dfen Sie mit der Goldzino App jederzeit ein erstklassiges Casino-Erlebnis. Wir haben unsere mobile Plattform so gestaltet, dass sie dieselben Funktionen wie die Desktop-Version bietet, sodass Sie die besten Online-Spiele genie\u00dfen k\u00f6nnen, egal wo Sie sich gerade befinden. [&hellip;]<\/p>\n","protected":false},"author":1,"featured_media":0,"parent":0,"menu_order":0,"comment_status":"closed","ping_status":"closed","template":"template-builder.php","meta":{"_acf_changed":false,"inline_featured_image":false,"footnotes":""},"class_list":["post-1417","page","type-page","status-publish","hentry"],"acf":[],"yoast_head":"<!-- This site is optimized with the Yoast SEO plugin v27.3 - https:\/\/yoast.com\/product\/yoast-seo-wordpress\/ -->\n<title>Goldzino App: iOS- und Android-PWA, Installation in einer Minute<\/title>\n<meta name=\"description\" content=\"Die Goldzino App ist eine progressive Web-App (PWA) f\u00fcr iOS, Android, Windows und macOS. F\u00fcgen Sie sie einfach \u00fcber Chrome oder Safari zu Ihrem Startbildschirm oder Desktop hinzu und \u00f6ffnen Sie die Lobby mit nur einem Fingertipp. Es werden keine APK-Dateien ben\u00f6tigt, und Updates erfolgen automatisch.\" \/>\n<meta name=\"robots\" content=\"index, follow, max-snippet:-1, max-image-preview:large, max-video-preview:-1\" \/>\n<link rel=\"canonical\" href=\"https:\/\/goldzinocasino.org\/de\/app\/\" \/>\n<meta property=\"og:locale\" content=\"de_DE\" \/>\n<meta property=\"og:type\" content=\"article\" \/>\n<meta property=\"og:title\" content=\"Goldzino App: iOS- und Android-PWA, Installation in einer Minute\" \/>\n<meta property=\"og:description\" content=\"Die Goldzino App ist eine progressive Web-App (PWA) f\u00fcr iOS, Android, Windows und macOS. F\u00fcgen Sie sie einfach \u00fcber Chrome oder Safari zu Ihrem Startbildschirm oder Desktop hinzu und \u00f6ffnen Sie die Lobby mit nur einem Fingertipp. Es werden keine APK-Dateien ben\u00f6tigt, und Updates erfolgen automatisch.\" \/>\n<meta property=\"og:url\" content=\"https:\/\/goldzinocasino.org\/de\/app\/\" \/>\n<meta property=\"og:site_name\" content=\"goldzino\" \/>\n<meta property=\"article:modified_time\" content=\"2026-03-17T09:43:34+00:00\" \/>\n<meta name=\"twitter:card\" content=\"summary_large_image\" \/>\n<meta name=\"twitter:label1\" content=\"Gesch\u00e4tzte Lesezeit\" \/>\n\t<meta name=\"twitter:data1\" content=\"1\u00a0Minute\" \/>\n<script type=\"application\/ld+json\" class=\"yoast-schema-graph\">{\"@context\":\"https:\\\/\\\/schema.org\",\"@graph\":[{\"@type\":\"WebPage\",\"@id\":\"https:\\\/\\\/goldzinocasino.org\\\/de\\\/app\\\/\",\"url\":\"https:\\\/\\\/goldzinocasino.org\\\/de\\\/app\\\/\",\"name\":\"Goldzino App: iOS- und Android-PWA, Installation in einer Minute\",\"isPartOf\":{\"@id\":\"https:\\\/\\\/goldzinocasino.org\\\/de\\\/#website\"},\"datePublished\":\"2025-11-03T12:05:29+00:00\",\"dateModified\":\"2026-03-17T09:43:34+00:00\",\"description\":\"Die Goldzino App ist eine progressive Web-App (PWA) f\u00fcr iOS, Android, Windows und macOS. F\u00fcgen Sie sie einfach \u00fcber Chrome oder Safari zu Ihrem Startbildschirm oder Desktop hinzu und \u00f6ffnen Sie die Lobby mit nur einem Fingertipp. Es werden keine APK-Dateien ben\u00f6tigt, und Updates erfolgen automatisch.\",\"breadcrumb\":{\"@id\":\"https:\\\/\\\/goldzinocasino.org\\\/de\\\/app\\\/#breadcrumb\"},\"inLanguage\":\"de\",\"potentialAction\":[{\"@type\":\"ReadAction\",\"target\":[\"https:\\\/\\\/goldzinocasino.org\\\/de\\\/app\\\/\"]}]},{\"@type\":\"BreadcrumbList\",\"@id\":\"https:\\\/\\\/goldzinocasino.org\\\/de\\\/app\\\/#breadcrumb\",\"itemListElement\":[{\"@type\":\"ListItem\",\"position\":1,\"name\":\"GoldZino\",\"item\":\"https:\\\/\\\/goldzinocasino.org\\\/de\\\/\"},{\"@type\":\"ListItem\",\"position\":2,\"name\":\"App\"}]},{\"@type\":\"WebSite\",\"@id\":\"https:\\\/\\\/goldzinocasino.org\\\/de\\\/#website\",\"url\":\"https:\\\/\\\/goldzinocasino.org\\\/de\\\/\",\"name\":\"GoldZino\",\"description\":\"\",\"publisher\":{\"@id\":\"https:\\\/\\\/goldzinocasino.org\\\/de\\\/#organization\"},\"potentialAction\":[{\"@type\":\"SearchAction\",\"target\":{\"@type\":\"EntryPoint\",\"urlTemplate\":\"https:\\\/\\\/goldzinocasino.org\\\/de\\\/?s={search_term_string}\"},\"query-input\":{\"@type\":\"PropertyValueSpecification\",\"valueRequired\":true,\"valueName\":\"search_term_string\"}}],\"inLanguage\":\"de\"},{\"@type\":\"Organization\",\"@id\":\"https:\\\/\\\/goldzinocasino.org\\\/de\\\/#organization\",\"name\":\"GoldZino\",\"url\":\"https:\\\/\\\/goldzinocasino.org\\\/de\\\/\",\"logo\":{\"@type\":\"ImageObject\",\"inLanguage\":\"de\",\"@id\":\"https:\\\/\\\/goldzinocasino.org\\\/de\\\/#\\\/schema\\\/logo\\\/image\\\/\",\"url\":\"https:\\\/\\\/goldzinocasino.org\\\/wp-content\\\/uploads\\\/2025\\\/08\\\/80u1FaquEZeR6OUTeJCc.png\",\"contentUrl\":\"https:\\\/\\\/goldzinocasino.org\\\/wp-content\\\/uploads\\\/2025\\\/08\\\/80u1FaquEZeR6OUTeJCc.png\",\"width\":209,\"height\":46,\"caption\":\"GoldZino\"},\"image\":{\"@id\":\"https:\\\/\\\/goldzinocasino.org\\\/de\\\/#\\\/schema\\\/logo\\\/image\\\/\"}}]}<\/script>\n<!-- \/ Yoast SEO plugin. -->","yoast_head_json":{"title":"Goldzino App: iOS- und Android-PWA, Installation in einer Minute","description":"Die Goldzino App ist eine progressive Web-App (PWA) f\u00fcr iOS, Android, Windows und macOS. F\u00fcgen Sie sie einfach \u00fcber Chrome oder Safari zu Ihrem Startbildschirm oder Desktop hinzu und \u00f6ffnen Sie die Lobby mit nur einem Fingertipp. Es werden keine APK-Dateien ben\u00f6tigt, und Updates erfolgen automatisch.","robots":{"index":"index","follow":"follow","max-snippet":"max-snippet:-1","max-image-preview":"max-image-preview:large","max-video-preview":"max-video-preview:-1"},"canonical":"https:\/\/goldzinocasino.org\/de\/app\/","og_locale":"de_DE","og_type":"article","og_title":"Goldzino App: iOS- und Android-PWA, Installation in einer Minute","og_description":"Die Goldzino App ist eine progressive Web-App (PWA) f\u00fcr iOS, Android, Windows und macOS. F\u00fcgen Sie sie einfach \u00fcber Chrome oder Safari zu Ihrem Startbildschirm oder Desktop hinzu und \u00f6ffnen Sie die Lobby mit nur einem Fingertipp. Es werden keine APK-Dateien ben\u00f6tigt, und Updates erfolgen automatisch.","og_url":"https:\/\/goldzinocasino.org\/de\/app\/","og_site_name":"goldzino","article_modified_time":"2026-03-17T09:43:34+00:00","twitter_card":"summary_large_image","twitter_misc":{"Gesch\u00e4tzte Lesezeit":"1\u00a0Minute"},"schema":{"@context":"https:\/\/schema.org","@graph":[{"@type":"WebPage","@id":"https:\/\/goldzinocasino.org\/de\/app\/","url":"https:\/\/goldzinocasino.org\/de\/app\/","name":"Goldzino App: iOS- und Android-PWA, Installation in einer Minute","isPartOf":{"@id":"https:\/\/goldzinocasino.org\/de\/#website"},"datePublished":"2025-11-03T12:05:29+00:00","dateModified":"2026-03-17T09:43:34+00:00","description":"Die Goldzino App ist eine progressive Web-App (PWA) f\u00fcr iOS, Android, Windows und macOS. F\u00fcgen Sie sie einfach \u00fcber Chrome oder Safari zu Ihrem Startbildschirm oder Desktop hinzu und \u00f6ffnen Sie die Lobby mit nur einem Fingertipp. Es werden keine APK-Dateien ben\u00f6tigt, und Updates erfolgen automatisch.","breadcrumb":{"@id":"https:\/\/goldzinocasino.org\/de\/app\/#breadcrumb"},"inLanguage":"de","potentialAction":[{"@type":"ReadAction","target":["https:\/\/goldzinocasino.org\/de\/app\/"]}]},{"@type":"BreadcrumbList","@id":"https:\/\/goldzinocasino.org\/de\/app\/#breadcrumb","itemListElement":[{"@type":"ListItem","position":1,"name":"GoldZino","item":"https:\/\/goldzinocasino.org\/de\/"},{"@type":"ListItem","position":2,"name":"App"}]},{"@type":"WebSite","@id":"https:\/\/goldzinocasino.org\/de\/#website","url":"https:\/\/goldzinocasino.org\/de\/","name":"GoldZino","description":"","publisher":{"@id":"https:\/\/goldzinocasino.org\/de\/#organization"},"potentialAction":[{"@type":"SearchAction","target":{"@type":"EntryPoint","urlTemplate":"https:\/\/goldzinocasino.org\/de\/?s={search_term_string}"},"query-input":{"@type":"PropertyValueSpecification","valueRequired":true,"valueName":"search_term_string"}}],"inLanguage":"de"},{"@type":"Organization","@id":"https:\/\/goldzinocasino.org\/de\/#organization","name":"GoldZino","url":"https:\/\/goldzinocasino.org\/de\/","logo":{"@type":"ImageObject","inLanguage":"de","@id":"https:\/\/goldzinocasino.org\/de\/#\/schema\/logo\/image\/","url":"https:\/\/goldzinocasino.org\/wp-content\/uploads\/2025\/08\/80u1FaquEZeR6OUTeJCc.png","contentUrl":"https:\/\/goldzinocasino.org\/wp-content\/uploads\/2025\/08\/80u1FaquEZeR6OUTeJCc.png","width":209,"height":46,"caption":"GoldZino"},"image":{"@id":"https:\/\/goldzinocasino.org\/de\/#\/schema\/logo\/image\/"}}]}},"_links":{"self":[{"href":"https:\/\/goldzinocasino.org\/de\/wp-json\/wp\/v2\/pages\/1417","targetHints":{"allow":["GET"]}}],"collection":[{"href":"https:\/\/goldzinocasino.org\/de\/wp-json\/wp\/v2\/pages"}],"about":[{"href":"https:\/\/goldzinocasino.org\/de\/wp-json\/wp\/v2\/types\/page"}],"author":[{"embeddable":true,"href":"https:\/\/goldzinocasino.org\/de\/wp-json\/wp\/v2\/users\/1"}],"replies":[{"embeddable":true,"href":"https:\/\/goldzinocasino.org\/de\/wp-json\/wp\/v2\/comments?post=1417"}],"version-history":[{"count":5,"href":"https:\/\/goldzinocasino.org\/de\/wp-json\/wp\/v2\/pages\/1417\/revisions"}],"predecessor-version":[{"id":2321,"href":"https:\/\/goldzinocasino.org\/de\/wp-json\/wp\/v2\/pages\/1417\/revisions\/2321"}],"wp:attachment":[{"href":"https:\/\/goldzinocasino.org\/de\/wp-json\/wp\/v2\/media?parent=1417"}],"curies":[{"name":"wp","href":"https:\/\/api.w.org\/{rel}","templated":true}]}}