{"id":1485,"date":"2025-11-03T12:09:39","date_gmt":"2025-11-03T12:09:39","guid":{"rendered":"https:\/\/goldzinocasino.org\/login-and-registration\/"},"modified":"2026-03-17T09:14:35","modified_gmt":"2026-03-17T09:14:35","slug":"anmeldung-und-registrierung","status":"publish","type":"page","link":"https:\/\/goldzinocasino.org\/de\/anmeldung-und-registrierung\/","title":{"rendered":"Anmeldung und Registrierung"},"content":{"rendered":"<h1>Goldzino Anmeldung und Kontoer\u00f6ffnung<\/h1>\n<p>Bei Goldzino Casino bieten wir Ihnen ein sicheres und lohnendes Online-Casino-Erlebnis. Um Zugang zu unseren kompletten Dienstleistungen zu erhalten, m\u00fcssen Sie sich mit einem einfachen Goldzino Login registrieren. Wir haben daf\u00fcr gesorgt, dass unsere Registrierung schnell und mit nur wenigen Klicks erledigt ist.<\/p>\n<p><div class=\"banner-wrap\" aria-label=\"Banner\"><img src=\"https:\/\/goldzinocasino.org\/wp-content\/uploads\/2025\/10\/Goldzino-Banner-Desktop.webp\" class=\"w-100 d-none d-lg-block img-pc main-banner-img\" alt=\"goldzino bonus desktop\" fetchpriority=\"high\" decoding=\"async\"><img src=\"https:\/\/goldzinocasino.org\/wp-content\/uploads\/2025\/10\/Gold-zino-Mobile-Banner.webp\" class=\"w-100 d-none d-md-block d-lg-none main-banner-img\" alt=\"goldzino bonus mobile\" fetchpriority=\"high\" decoding=\"async\"><img src=\"https:\/\/goldzinocasino.org\/wp-content\/uploads\/2025\/10\/Gold-zino-Mobile-Banner.webp\" class=\"w-100 d-md-none\" alt=\"goldzino bonus mobile\" fetchpriority=\"high\" decoding=\"async\"><div class=\"banner-description\">\n<div class=\"banner-title\">Willkommensboni<\/div>\n<p class=\"banner-header-title\">1500 \u20ac<\/p>\n<div class=\"banner-header-AdditionalText\">+ 250 Freispiele<\/div>\n<button data-item=\"homepage_banner_link\" class=\"goto m-button m-gradient-border m-button--primary m-button--large banner-button btn-orange\">\n            <div class=\"m-button-content\">\n                <span>Jetzt anmelden<\/span>\n                <span><\/span>\n            <\/div>\n        <\/button>\n<\/div>\n<div class=\"WelcomePack\">\n<p><img loading=\"lazy\" decoding=\"async\" class=\"alignnone size-full wp-image-1376\" src=\"https:\/\/goldzinocasino.org\/wp-content\/uploads\/2025\/10\/welcome-crown.svg\" alt=\"crown\" width=\"25\" height=\"26\" \/><\/p>\n<div class=\"WelcomePack-Info\">W\u00f6chentlicher Cashback von bis zu 25 %<\/div>\n<p><img loading=\"lazy\" decoding=\"async\" class=\"alignnone size-full wp-image-1376\" src=\"https:\/\/goldzinocasino.org\/wp-content\/uploads\/2025\/10\/welcome-crown.svg\" alt=\"crown\" width=\"25\" height=\"26\" \/><\/p>\n<\/div>\n<\/div><div class=\"scrollable-content-wrap my-5\"><div class=\"scrollable-content-inner\"><h2>So registrieren Sie ein Konto<\/h2>\n<p>Wenn Sie ein Konto bei Gold Zino registrieren, erhalten Sie uneingeschr\u00e4nkten Zugriff auf unsere \u00fcber 6.000 Casino-Spiele, darunter Slots, Tischspiele und Live-Dealer-Titel. Neue Spieler k\u00f6nnen unser Willkommenspaket in Anspruch nehmen, das bis zu 1.500 \u20ac + 250 Freispiele umfasst. Wiederkehrende Spieler k\u00f6nnen einen w\u00f6chentlichen Cashback-Bonus von bis zu 25 % in Anspruch nehmen. Ihr Konto dient als zentrale Anlaufstelle f\u00fcr die Verwaltung Ihrer Ein- und Auszahlungen, die Verfolgung Ihrer Boni, die Verwaltung Ihrer Treuepr\u00e4mien und die Festlegung von Spiellimits.<\/p>\n<p>Bei Goldzino Casino bieten wir Ihnen ein sicheres und lohnendes Online-Casino. Um Zugang zu unseren kompletten Dienstleistungen zu erhalten, m\u00fcssen Sie sich schnell registrieren und anschlie\u00dfend einfach bei Goldzino einloggen. Wir haben unseren Registrierungsprozess so gestaltet, dass er f\u00fcr neue Spieler schnell und einfach zu absolvieren ist. Befolgen Sie diese Schritte, um Ihr neues Konto bei Goldzino zu erstellen:<\/p>\n<ol>\n<li>Gehen Sie zur offiziellen Website von Goldzino Casino und klicken Sie oben rechts auf \u201eAnmelden\u201d.<\/li>\n<li>Geben Sie Ihre E-Mail-Adresse ein und w\u00e4hlen Sie ein Passwort.<\/li>\n<li>Geben Sie einen Promo-Code an, falls Sie einen haben.<\/li>\n<li>Akzeptieren Sie die Allgemeinen Gesch\u00e4ftsbedingungen und best\u00e4tigen Sie, dass Sie vollj\u00e4hrig sind.<\/li>\n<li>Nachdem Sie Ihre Daten eingegeben haben, erhalten Sie eine E-Mail zur Best\u00e4tigung, um den Registrierungsprozess abzuschlie\u00dfen.<\/li>\n<\/ol>\n<p>Um die Kontoerstellung zu beschleunigen, k\u00f6nnen sich Erstnutzer mit wenigen Klicks anmelden, indem sie ihr Google-Konto mit unserem Casino verbinden. Sobald das Konto genehmigt ist, erhalten Sie vollen Zugriff auf Einzahlungen und Spiele. Auszahlungen werden nach Abschluss des unten beschriebenen Verifizierungsprozesses vorgenommen.<\/p>\n<h2>Goldzino-Anmeldeschritte<\/h2>\n<p>Der schnelle Zugriff auf Ihr Konto ist sehr wichtig. Deshalb haben wir den Goldzino-Anmeldeprozess vereinfacht. Befolgen Sie diese Schritte:<\/p>\n<ol>\n<li>Klicken Sie oben rechts auf der Homepage von Goldzino auf \u201eAnmelden\u201c.<\/li>\n<li>Geben Sie Ihre registrierte E-Mail-Adresse und Ihr Passwort ein.<\/li>\n<\/ol>\n<p>Nach erfolgreicher Anmeldung k\u00f6nnen Sie auf Ihr Konto-Dashboard zugreifen, wo Sie Folgendes tun k\u00f6nnen:<\/p>\n<ul>\n<li>Zeigen Sie Ihren Kontostand, Ihre Transaktionshistorie und Ihren Bonusstatus an.<\/li>\n<li>Besuchen Sie den Zahlungsbereich, um Geld einzuzahlen und abzuheben.<\/li>\n<li>Aktualisieren Sie Ihre Profilinformationen, verwalten Sie Ihr Passwort oder legen Sie Einzahlungslimits fest.<\/li>\n<li>Wenden Sie sich jederzeit \u00fcber den Live-Chat an unser Support-Team, um Hilfe zu erhalten.<\/li>\n<\/ul>\n<h3>Passwort vergessen?<\/h3>\n<p>Wenn Sie sich nicht in Ihr Konto einloggen k\u00f6nnen, weil Sie Ihr Passwort vergessen haben, befolgen Sie diese Schritte, um wieder Zugriff auf Ihr Konto zu erhalten:<\/p>\n<ol>\n<li>W\u00e4hlen Sie auf der Seite Goldzino-Anmeldung die Option \u201ePasswort vergessen?\u201c.<\/li>\n<li>Geben Sie die E-Mail-Adresse ein, die mit Ihrem Goldzino Casino-Konto verkn\u00fcpft ist.<\/li>\n<li>Klicken Sie auf \u201ePasswort zur\u00fccksetzen\u201c.<\/li>\n<li>Wir senden einen Link zum Zur\u00fccksetzen des Passworts an die E-Mail-Adresse.<\/li>\n<li>Klicken Sie auf den Link und legen Sie ein Passwort fest.<\/li>\n<\/ol>\n<h2>Goldzino Casino Verifizierung<\/h2>\n<p>Wir verpflichten uns zu verantwortungsvollem Spielen und legen daher gr\u00f6\u00dften Wert auf die Sicherheit unserer Kunden. Um sicherzustellen, dass wir die Vorschriften von Anjouan eGaming einhalten, f\u00fchren wir eine obligatorische Konto\u00fcberpr\u00fcfung durch. Im Rahmen unserer Know-Your-Customer-Pr\u00fcfung (KYC) m\u00fcssen Sie unserem Team Kopien bestimmter Dokumente vorlegen, um Ihre Identit\u00e4t zu best\u00e4tigen. Um Auszahlungen zu beantragen und Zugriff auf alle Funktionen Ihres Kontos zu erhalten, m\u00fcssen Sie Folgendes einreichen:<\/p>\n<table>\n<tbody>\n<tr>\n<td>Dokumente<\/td>\n<td>Zweck der Einreichung<\/td>\n<td>Erforderliche Unterlagen<\/td>\n<\/tr>\n<tr>\n<td>Identit\u00e4tsnachweis<\/td>\n<td>Um den offiziellen Namen und das Geburtsdatum des Spielers zu best\u00e4tigen.<\/td>\n<td>Ein g\u00fcltiger, von einer Beh\u00f6rde ausgestellter Lichtbildausweis (Reisepass, F\u00fchrerschein oder Personalausweis).<\/td>\n<\/tr>\n<tr>\n<td>Adressnachweis<\/td>\n<td>Zur \u00dcberpr\u00fcfung der aktuellen Wohnadresse des Spielers.<\/td>\n<td>Eine Stromrechnung oder ein Kontoauszug (ausgestellt innerhalb der letzten drei Monate), auf dem der Name und die Adresse des Spielers angegeben sind.<\/td>\n<\/tr>\n<tr>\n<td>Zahlungsnachweis<\/td>\n<td>Um die Eigentumsverh\u00e4ltnisse der verwendeten Einzahlungsmethode zu \u00fcberpr\u00fcfen.<\/td>\n<td>Um Ihre Karte zu verifizieren, m\u00fcssen Sie die ersten sechs und letzten vier Ziffern, Ihren Namen und das Ablaufdatum angeben.<\/p>\n<p>Um E-Wallets zu verifizieren, machen Sie einen Screenshot, auf dem Ihre E-Mail-Adresse, Kontonummer\/ID und Ihr Name zu sehen sind.<\/td>\n<\/tr>\n<\/tbody>\n<\/table>\n<p>Sobald Sie Ihre Unterlagen eingereicht haben, f\u00fchrt unser engagiertes Team eine gr\u00fcndliche Pr\u00fcfung durch. Wir benachrichtigen Sie per E-Mail, sobald der \u00dcberpr\u00fcfungsprozess abgeschlossen ist.<\/p>\n<h2>H\u00e4ufig gestellte Fragen<\/h2>\n<h3>Kann ich mich von mehreren Ger\u00e4ten gleichzeitig in mein Goldzino-Konto einloggen?<\/h3>\n<p>Aus Sicherheitsgr\u00fcnden ist Ihr Konto auf eine aktive Sitzung gleichzeitig beschr\u00e4nkt. Wenn Sie sich auf einem zweiten Ger\u00e4t anmelden, wird die erste Sitzung automatisch beendet.<\/p>\n<h3>Was soll ich tun, wenn mein Konto gesperrt ist?<\/h3>\n<p>Wenn Ihr Goldzino-Casino-Konto als gesperrt angezeigt wird, handelt es sich in der Regel um eine Ma\u00dfnahme zu Ihrer Sicherheit, beispielsweise aufgrund mehrerer fehlgeschlagener Anmeldeversuche. Sie sollten sich umgehend \u00fcber den Live-Chat oder per E-Mail an unser mehrsprachiges Support-Team wenden. Unser Mitarbeiter wird Ihnen dabei helfen, wieder Zugriff auf Ihr Gold Zino-Konto zu erhalten.<\/p>\n<h3>Wie kann ich mein Konto schlie\u00dfen oder vor\u00fcbergehend sperren?<\/h3>\n<p>Wir unterst\u00fctzen verantwortungsbewusstes Spielen voll und ganz. Wenn Sie Ihr Konto dauerhaft schlie\u00dfen oder eine vor\u00fcbergehende Selbstsperre beantragen m\u00f6chten, k\u00f6nnen Sie dies ganz einfach tun. Bitte wenden Sie sich direkt an unseren Kundendienst.<\/p>\n<h3>Wie kann ich meine Kontoeinstellungen verwalten?<\/h3>\n<p>Spieler k\u00f6nnen ihre Einstellungen \u00fcber ihr Konto-Dashboard verwalten. Von hier aus k\u00f6nnen Sie Ihre Kontaktdaten aktualisieren, Ihr Passwort \u00e4ndern und Einzahlungs- oder Verlustlimits festlegen.<\/p>\n<\/div><\/div><\/p>\n","protected":false},"excerpt":{"rendered":"<p>Goldzino Anmeldung und Kontoer\u00f6ffnung Bei Goldzino Casino bieten wir Ihnen ein sicheres und lohnendes Online-Casino-Erlebnis. Um Zugang zu unseren kompletten Dienstleistungen zu erhalten, m\u00fcssen Sie sich mit einem einfachen Goldzino Login registrieren. Wir haben daf\u00fcr gesorgt, dass unsere Registrierung schnell und mit nur wenigen Klicks erledigt ist.<\/p>\n","protected":false},"author":1,"featured_media":0,"parent":0,"menu_order":0,"comment_status":"closed","ping_status":"closed","template":"template-builder.php","meta":{"_acf_changed":false,"inline_featured_image":false,"footnotes":""},"class_list":["post-1485","page","type-page","status-publish","hentry"],"acf":[],"yoast_head":"<!-- This site is optimized with the Yoast SEO plugin v27.3 - https:\/\/yoast.com\/product\/yoast-seo-wordpress\/ -->\n<title>Goldzino Login: Kontozugriff, 2FA, Passwort zur\u00fccksetzen &amp; KYC<\/title>\n<meta name=\"description\" content=\"Melden Sie sich mit Goldzino Login bei Ihrem Konto an und verwenden Sie dazu Ihre E-Mail-Adresse und Ihr Passwort, oder w\u00e4hlen Sie auf demselben Bildschirm Google aus. Ihr Dashboard bietet Ihnen alle wichtigen Funktionen an einem Ort: Zahlungen, Boni, Treuefortschritte und Limits.\" \/>\n<meta name=\"robots\" content=\"index, follow, max-snippet:-1, max-image-preview:large, max-video-preview:-1\" \/>\n<link rel=\"canonical\" href=\"https:\/\/goldzinocasino.org\/de\/anmeldung-und-registrierung\/\" \/>\n<meta property=\"og:locale\" content=\"de_DE\" \/>\n<meta property=\"og:type\" content=\"article\" \/>\n<meta property=\"og:title\" content=\"Goldzino Login: Kontozugriff, 2FA, Passwort zur\u00fccksetzen &amp; KYC\" \/>\n<meta property=\"og:description\" content=\"Melden Sie sich mit Goldzino Login bei Ihrem Konto an und verwenden Sie dazu Ihre E-Mail-Adresse und Ihr Passwort, oder w\u00e4hlen Sie auf demselben Bildschirm Google aus. Ihr Dashboard bietet Ihnen alle wichtigen Funktionen an einem Ort: Zahlungen, Boni, Treuefortschritte und Limits.\" \/>\n<meta property=\"og:url\" content=\"https:\/\/goldzinocasino.org\/de\/anmeldung-und-registrierung\/\" \/>\n<meta property=\"og:site_name\" content=\"goldzino\" \/>\n<meta property=\"article:modified_time\" content=\"2026-03-17T09:14:35+00:00\" \/>\n<meta name=\"twitter:card\" content=\"summary_large_image\" \/>\n<meta name=\"twitter:label1\" content=\"Gesch\u00e4tzte Lesezeit\" \/>\n\t<meta name=\"twitter:data1\" content=\"1\u00a0Minute\" \/>\n<script type=\"application\/ld+json\" class=\"yoast-schema-graph\">{\"@context\":\"https:\\\/\\\/schema.org\",\"@graph\":[{\"@type\":\"WebPage\",\"@id\":\"https:\\\/\\\/goldzinocasino.org\\\/de\\\/anmeldung-und-registrierung\\\/\",\"url\":\"https:\\\/\\\/goldzinocasino.org\\\/de\\\/anmeldung-und-registrierung\\\/\",\"name\":\"Goldzino Login: Kontozugriff, 2FA, Passwort zur\u00fccksetzen & KYC\",\"isPartOf\":{\"@id\":\"https:\\\/\\\/goldzinocasino.org\\\/de\\\/#website\"},\"datePublished\":\"2025-11-03T12:09:39+00:00\",\"dateModified\":\"2026-03-17T09:14:35+00:00\",\"description\":\"Melden Sie sich mit Goldzino Login bei Ihrem Konto an und verwenden Sie dazu Ihre E-Mail-Adresse und Ihr Passwort, oder w\u00e4hlen Sie auf demselben Bildschirm Google aus. Ihr Dashboard bietet Ihnen alle wichtigen Funktionen an einem Ort: Zahlungen, Boni, Treuefortschritte und Limits.\",\"breadcrumb\":{\"@id\":\"https:\\\/\\\/goldzinocasino.org\\\/de\\\/anmeldung-und-registrierung\\\/#breadcrumb\"},\"inLanguage\":\"de\",\"potentialAction\":[{\"@type\":\"ReadAction\",\"target\":[\"https:\\\/\\\/goldzinocasino.org\\\/de\\\/anmeldung-und-registrierung\\\/\"]}]},{\"@type\":\"BreadcrumbList\",\"@id\":\"https:\\\/\\\/goldzinocasino.org\\\/de\\\/anmeldung-und-registrierung\\\/#breadcrumb\",\"itemListElement\":[{\"@type\":\"ListItem\",\"position\":1,\"name\":\"GoldZino\",\"item\":\"https:\\\/\\\/goldzinocasino.org\\\/de\\\/\"},{\"@type\":\"ListItem\",\"position\":2,\"name\":\"Anmeldung und Registrierung\"}]},{\"@type\":\"WebSite\",\"@id\":\"https:\\\/\\\/goldzinocasino.org\\\/de\\\/#website\",\"url\":\"https:\\\/\\\/goldzinocasino.org\\\/de\\\/\",\"name\":\"GoldZino\",\"description\":\"\",\"publisher\":{\"@id\":\"https:\\\/\\\/goldzinocasino.org\\\/de\\\/#organization\"},\"potentialAction\":[{\"@type\":\"SearchAction\",\"target\":{\"@type\":\"EntryPoint\",\"urlTemplate\":\"https:\\\/\\\/goldzinocasino.org\\\/de\\\/?s={search_term_string}\"},\"query-input\":{\"@type\":\"PropertyValueSpecification\",\"valueRequired\":true,\"valueName\":\"search_term_string\"}}],\"inLanguage\":\"de\"},{\"@type\":\"Organization\",\"@id\":\"https:\\\/\\\/goldzinocasino.org\\\/de\\\/#organization\",\"name\":\"GoldZino\",\"url\":\"https:\\\/\\\/goldzinocasino.org\\\/de\\\/\",\"logo\":{\"@type\":\"ImageObject\",\"inLanguage\":\"de\",\"@id\":\"https:\\\/\\\/goldzinocasino.org\\\/de\\\/#\\\/schema\\\/logo\\\/image\\\/\",\"url\":\"https:\\\/\\\/goldzinocasino.org\\\/wp-content\\\/uploads\\\/2025\\\/08\\\/80u1FaquEZeR6OUTeJCc.png\",\"contentUrl\":\"https:\\\/\\\/goldzinocasino.org\\\/wp-content\\\/uploads\\\/2025\\\/08\\\/80u1FaquEZeR6OUTeJCc.png\",\"width\":209,\"height\":46,\"caption\":\"GoldZino\"},\"image\":{\"@id\":\"https:\\\/\\\/goldzinocasino.org\\\/de\\\/#\\\/schema\\\/logo\\\/image\\\/\"}}]}<\/script>\n<!-- \/ Yoast SEO plugin. -->","yoast_head_json":{"title":"Goldzino Login: Kontozugriff, 2FA, Passwort zur\u00fccksetzen & KYC","description":"Melden Sie sich mit Goldzino Login bei Ihrem Konto an und verwenden Sie dazu Ihre E-Mail-Adresse und Ihr Passwort, oder w\u00e4hlen Sie auf demselben Bildschirm Google aus. Ihr Dashboard bietet Ihnen alle wichtigen Funktionen an einem Ort: Zahlungen, Boni, Treuefortschritte und Limits.","robots":{"index":"index","follow":"follow","max-snippet":"max-snippet:-1","max-image-preview":"max-image-preview:large","max-video-preview":"max-video-preview:-1"},"canonical":"https:\/\/goldzinocasino.org\/de\/anmeldung-und-registrierung\/","og_locale":"de_DE","og_type":"article","og_title":"Goldzino Login: Kontozugriff, 2FA, Passwort zur\u00fccksetzen & KYC","og_description":"Melden Sie sich mit Goldzino Login bei Ihrem Konto an und verwenden Sie dazu Ihre E-Mail-Adresse und Ihr Passwort, oder w\u00e4hlen Sie auf demselben Bildschirm Google aus. Ihr Dashboard bietet Ihnen alle wichtigen Funktionen an einem Ort: Zahlungen, Boni, Treuefortschritte und Limits.","og_url":"https:\/\/goldzinocasino.org\/de\/anmeldung-und-registrierung\/","og_site_name":"goldzino","article_modified_time":"2026-03-17T09:14:35+00:00","twitter_card":"summary_large_image","twitter_misc":{"Gesch\u00e4tzte Lesezeit":"1\u00a0Minute"},"schema":{"@context":"https:\/\/schema.org","@graph":[{"@type":"WebPage","@id":"https:\/\/goldzinocasino.org\/de\/anmeldung-und-registrierung\/","url":"https:\/\/goldzinocasino.org\/de\/anmeldung-und-registrierung\/","name":"Goldzino Login: Kontozugriff, 2FA, Passwort zur\u00fccksetzen & KYC","isPartOf":{"@id":"https:\/\/goldzinocasino.org\/de\/#website"},"datePublished":"2025-11-03T12:09:39+00:00","dateModified":"2026-03-17T09:14:35+00:00","description":"Melden Sie sich mit Goldzino Login bei Ihrem Konto an und verwenden Sie dazu Ihre E-Mail-Adresse und Ihr Passwort, oder w\u00e4hlen Sie auf demselben Bildschirm Google aus. Ihr Dashboard bietet Ihnen alle wichtigen Funktionen an einem Ort: Zahlungen, Boni, Treuefortschritte und Limits.","breadcrumb":{"@id":"https:\/\/goldzinocasino.org\/de\/anmeldung-und-registrierung\/#breadcrumb"},"inLanguage":"de","potentialAction":[{"@type":"ReadAction","target":["https:\/\/goldzinocasino.org\/de\/anmeldung-und-registrierung\/"]}]},{"@type":"BreadcrumbList","@id":"https:\/\/goldzinocasino.org\/de\/anmeldung-und-registrierung\/#breadcrumb","itemListElement":[{"@type":"ListItem","position":1,"name":"GoldZino","item":"https:\/\/goldzinocasino.org\/de\/"},{"@type":"ListItem","position":2,"name":"Anmeldung und Registrierung"}]},{"@type":"WebSite","@id":"https:\/\/goldzinocasino.org\/de\/#website","url":"https:\/\/goldzinocasino.org\/de\/","name":"GoldZino","description":"","publisher":{"@id":"https:\/\/goldzinocasino.org\/de\/#organization"},"potentialAction":[{"@type":"SearchAction","target":{"@type":"EntryPoint","urlTemplate":"https:\/\/goldzinocasino.org\/de\/?s={search_term_string}"},"query-input":{"@type":"PropertyValueSpecification","valueRequired":true,"valueName":"search_term_string"}}],"inLanguage":"de"},{"@type":"Organization","@id":"https:\/\/goldzinocasino.org\/de\/#organization","name":"GoldZino","url":"https:\/\/goldzinocasino.org\/de\/","logo":{"@type":"ImageObject","inLanguage":"de","@id":"https:\/\/goldzinocasino.org\/de\/#\/schema\/logo\/image\/","url":"https:\/\/goldzinocasino.org\/wp-content\/uploads\/2025\/08\/80u1FaquEZeR6OUTeJCc.png","contentUrl":"https:\/\/goldzinocasino.org\/wp-content\/uploads\/2025\/08\/80u1FaquEZeR6OUTeJCc.png","width":209,"height":46,"caption":"GoldZino"},"image":{"@id":"https:\/\/goldzinocasino.org\/de\/#\/schema\/logo\/image\/"}}]}},"_links":{"self":[{"href":"https:\/\/goldzinocasino.org\/de\/wp-json\/wp\/v2\/pages\/1485","targetHints":{"allow":["GET"]}}],"collection":[{"href":"https:\/\/goldzinocasino.org\/de\/wp-json\/wp\/v2\/pages"}],"about":[{"href":"https:\/\/goldzinocasino.org\/de\/wp-json\/wp\/v2\/types\/page"}],"author":[{"embeddable":true,"href":"https:\/\/goldzinocasino.org\/de\/wp-json\/wp\/v2\/users\/1"}],"replies":[{"embeddable":true,"href":"https:\/\/goldzinocasino.org\/de\/wp-json\/wp\/v2\/comments?post=1485"}],"version-history":[{"count":2,"href":"https:\/\/goldzinocasino.org\/de\/wp-json\/wp\/v2\/pages\/1485\/revisions"}],"predecessor-version":[{"id":1782,"href":"https:\/\/goldzinocasino.org\/de\/wp-json\/wp\/v2\/pages\/1485\/revisions\/1782"}],"wp:attachment":[{"href":"https:\/\/goldzinocasino.org\/de\/wp-json\/wp\/v2\/media?parent=1485"}],"curies":[{"name":"wp","href":"https:\/\/api.w.org\/{rel}","templated":true}]}}