{"id":1427,"date":"2025-11-03T12:05:29","date_gmt":"2025-11-03T12:05:29","guid":{"rendered":"https:\/\/goldzinocasino.org\/app\/"},"modified":"2026-03-17T10:04:13","modified_gmt":"2026-03-17T10:04:13","slug":"aplicacion","status":"publish","type":"page","link":"https:\/\/goldzinocasino.org\/es\/aplicacion\/","title":{"rendered":"Aplicaci\u00f3n"},"content":{"rendered":"<h1>Aplicaci\u00f3n Goldzino<\/h1>\n<p>Juega a m\u00e1s de 6000 juegos, incluyendo tragaperras online, juegos de mesa y t\u00edtulos con crupier en vivo en iOS y Android para disfrutar de una experiencia de casino premium en cualquier momento con la Goldzino app. Hemos creado nuestra plataforma m\u00f3vil para ofrecer las mismas funciones que la versi\u00f3n de escritorio, para que puedas disfrutar de los mejores juegos online, sin importar d\u00f3nde te encuentres.<\/p>\n<div class=\"banner-wrap\" aria-label=\"Banner\"><img src=\"https:\/\/goldzinocasino.org\/wp-content\/uploads\/2025\/10\/Goldzino-Banner-Desktop.webp\" class=\"w-100 d-none d-lg-block img-pc main-banner-img\" alt=\"goldzino bonus desktop\" fetchpriority=\"high\" decoding=\"async\"><img src=\"https:\/\/goldzinocasino.org\/wp-content\/uploads\/2025\/10\/Gold-zino-Mobile-Banner.webp\" class=\"w-100 d-none d-md-block d-lg-none main-banner-img\" alt=\"goldzino bonus mobile\" fetchpriority=\"high\" decoding=\"async\"><img src=\"https:\/\/goldzinocasino.org\/wp-content\/uploads\/2025\/10\/Gold-zino-Mobile-Banner.webp\" class=\"w-100 d-md-none\" alt=\"goldzino bonus mobile\" fetchpriority=\"high\" decoding=\"async\"><div class=\"banner-description\">\n<div class=\"banner-title\">Bonos de Bienvenida<\/div>\n<p class=\"banner-header-title\">1500 \u20ac<\/p>\n<div class=\"banner-header-AdditionalText\">+ 250 Giros Gratis<\/div>\n<button data-item=\"homepage_banner_link\" class=\"goto m-button m-gradient-border m-button--primary m-button--large banner-button btn-orange\">\n            <div class=\"m-button-content\">\n                <span>Reg\u00edstrese ahora<\/span>\n                <span><\/span>\n            <\/div>\n        <\/button>\n<\/div>\n<div class=\"WelcomePack\">\n<p><img loading=\"lazy\" decoding=\"async\" class=\"alignnone size-full wp-image-1376\" src=\"https:\/\/goldzinocasino.org\/wp-content\/uploads\/2025\/10\/welcome-crown.svg\" alt=\"crown\" width=\"25\" height=\"26\" \/><\/p>\n<div class=\"WelcomePack-Info\">Reembolso semanal de hasta el 25 %<\/div>\n<p><img loading=\"lazy\" decoding=\"async\" class=\"alignnone size-full wp-image-1376\" src=\"https:\/\/goldzinocasino.org\/wp-content\/uploads\/2025\/10\/welcome-crown.svg\" alt=\"crown\" width=\"25\" height=\"26\" \/><\/p>\n<\/div>\n<\/div>\n<h2>Goldzino Casino App<\/h2>\n<p>Dado que la mayor\u00eda de las personas en todo el mundo utilizan sus tel\u00e9fonos m\u00f3viles para todo, no es de extra\u00f1ar que muchos jugadores espa\u00f1oles tambi\u00e9n quieran jugar a juegos de casino online en sus dispositivos m\u00f3viles. Nuestra aplicaci\u00f3n de casino est\u00e1 dise\u00f1ada para jugadores que exigen flexibilidad y una buena experiencia de juego sobre la marcha. A diferencia de estar atado a un PC, nuestra aplicaci\u00f3n m\u00f3vil te da la libertad de jugar en cualquier lugar y en cualquier momento sin compromisos. Nuestras aplicaciones para Android e iOS cuentan con un dise\u00f1o intuitivo que hace que la navegaci\u00f3n sea natural. Nuestra aplicaci\u00f3n m\u00f3vil te da acceso a:<\/p>\n<ul>\n<li>M\u00e1s de 6000 tragamonedas, botes, juegos de cartas y de mesa, y casino en vivo.<\/li>\n<li>M\u00faltiples opciones de pago, desde monederos electr\u00f3nicos y tarjetas de d\u00e9bito hasta transacciones con criptomonedas.<\/li>\n<li>Atenci\u00f3n al cliente 24 horas al d\u00eda, 7 d\u00edas a la semana, para ayudarle por correo electr\u00f3nico o chat en vivo.<\/li>\n<li>Disfruta de bonos de bienvenida, ofertas de reembolso y bonos de recarga con tiradas gratis.<\/li>\n<li>Notificaciones push para nuevas promociones y juegos.<\/li>\n<\/ul>\n<p><div class=\"scrollable-content-wrap my-5\"><div class=\"scrollable-content-inner\"><h2>Aplicaci\u00f3n Goldzino para Android<\/h2>\n<p>Nuestra aplicaci\u00f3n PWA para Android ofrece a los jugadores nuevos y habituales una forma sencilla de disfrutar de sus juegos favoritos sobre la marcha. Hemos optimizado nuestra aplicaci\u00f3n para que funcione sin problemas en la mayor\u00eda de los smartphones y tabletas Android con Android 8.0 o posterior. Cuenta con el mismo proceso de verificaci\u00f3n que nuestra versi\u00f3n de escritorio, adem\u00e1s de acceso a dep\u00f3sitos, retiradas y los mejores juegos de casino online.<\/p>\n<p>Los usuarios de Android pueden disfrutar de los juegos m\u00f3viles con nuestra aplicaci\u00f3n web progresiva (PWA) descargada desde nuestro sitio web. No se necesita ning\u00fan archivo Goldzino APK. El usuario solo tiene que abrir la secci\u00f3n de aplicaciones del casino y seguir las instrucciones de instalaci\u00f3n. Aunque nuestro casino m\u00f3vil no se descarga directamente desde Google Play Store, incluye soporte completo para dep\u00f3sitos y retiradas, chats en vivo, tragaperras optimizadas para m\u00f3viles, mesas y t\u00edtulos con crupier en vivo.<\/p>\n<p>C\u00f3mo instalar:<\/p>\n<ol>\n<li>Haga clic en la secci\u00f3n \u00abAplicaci\u00f3n del casino\u00bb en la parte inferior de la p\u00e1gina de inicio.<\/li>\n<li>Pulsa \u00abInstalar\u00bb para iniciar la descarga de la aplicaci\u00f3n Goldzino.<\/li>\n<li>Instala la aplicaci\u00f3n m\u00f3vil. Confirma la selecci\u00f3n.<\/li>\n<\/ol>\n<p><img loading=\"lazy\" decoding=\"async\" class=\"alignnone size-full wp-image-1428\" src=\"https:\/\/goldzinocasino.org\/wp-content\/uploads\/2025\/11\/Gold-Zino-Android-Application.webp\" alt=\"Gold-Zino Android\" width=\"1248\" height=\"536\" srcset=\"https:\/\/goldzinocasino.org\/wp-content\/uploads\/2025\/11\/Gold-Zino-Android-Application.webp 1248w, https:\/\/goldzinocasino.org\/wp-content\/uploads\/2025\/11\/Gold-Zino-Android-Application-300x129.webp 300w, https:\/\/goldzinocasino.org\/wp-content\/uploads\/2025\/11\/Gold-Zino-Android-Application-1024x440.webp 1024w, https:\/\/goldzinocasino.org\/wp-content\/uploads\/2025\/11\/Gold-Zino-Android-Application-768x330.webp 768w\" sizes=\"auto, (max-width: 1248px) 100vw, 1248px\" \/><\/p>\n<\/div><\/div><div style=\"clear: both\"><\/div><div class=\"d-flex justify-content-center\"><button data-item=\"decouvrez_link\" data-group=\"website_links\" class=\"goto fw-bold rounded-pill btn btn-orange\" aria-label=\"Descarga la aplicaci\u00f3n Goldzino\" >Descarga la aplicaci\u00f3n Goldzino<\/button><\/div><div class=\"scrollable-content-wrap my-5\"><div class=\"scrollable-content-inner\"><h2>Aplicaci\u00f3n Goldzino para iOS<\/h2>\n<p>Los usuarios de iOS pueden disfrutar de nuestra experiencia m\u00f3vil a trav\u00e9s de una aplicaci\u00f3n web progresiva, lo que significa que se ejecuta a trav\u00e9s del navegador de su m\u00f3vil y se puede descargar desde nuestro sitio web oficial. Siga estos sencillos pasos para a\u00f1adir la aplicaci\u00f3n Gold Zino a la pantalla de inicio de su iPad o iPhone:<\/p>\n<ol>\n<li>Una vez que est\u00e9s en la p\u00e1gina de inicio m\u00f3vil de Gold Zino, haz clic en la secci\u00f3n \u00abAplicaci\u00f3n del casino\u00bb en la parte inferior de la p\u00e1gina.<\/li>\n<li>Cuando se le solicite, pulse \u00abInstalar\u00bb y la aplicaci\u00f3n comenzar\u00e1 a descargarse.<\/li>\n<li>El icono dorado de Zino aparecer\u00e1 en tu pantalla de inicio. T\u00f3calo para iniciar la aplicaci\u00f3n.<\/li>\n<\/ol>\n<p>Una vez instalada, la PWA de Goldzino funciona igual que una aplicaci\u00f3n nativa, permiti\u00e9ndote acceder a tus juegos de casino online favoritos, realizar dep\u00f3sitos y retiradas r\u00e1pidas y disfrutar de asistencia mediante chat en vivo directamente desde tu navegador.<\/p>\n<p><img loading=\"lazy\" decoding=\"async\" class=\"alignnone size-full wp-image-2153\" src=\"https:\/\/goldzinocasino.org\/wp-content\/uploads\/2025\/11\/Gold-Zino-iOS-Application-es.webp\" alt=\"Gold Zino iOS Application\" width=\"1248\" height=\"536\" srcset=\"https:\/\/goldzinocasino.org\/wp-content\/uploads\/2025\/11\/Gold-Zino-iOS-Application-es.webp 1248w, https:\/\/goldzinocasino.org\/wp-content\/uploads\/2025\/11\/Gold-Zino-iOS-Application-es-300x129.webp 300w, https:\/\/goldzinocasino.org\/wp-content\/uploads\/2025\/11\/Gold-Zino-iOS-Application-es-1024x440.webp 1024w, https:\/\/goldzinocasino.org\/wp-content\/uploads\/2025\/11\/Gold-Zino-iOS-Application-es-768x330.webp 768w\" sizes=\"auto, (max-width: 1248px) 100vw, 1248px\" \/><\/p>\n<\/div><\/div><div style=\"clear: both\"><\/div><div class=\"d-flex justify-content-center\"><button data-item=\"decouvrez_link\" data-group=\"website_links\" class=\"goto fw-bold rounded-pill btn btn-orange\" aria-label=\"Descarga la aplicaci\u00f3n Goldzino\" >Descarga la aplicaci\u00f3n Goldzino<\/button><\/div><div class=\"scrollable-content-wrap my-5\"><div class=\"scrollable-content-inner\"><h2>Aplicaci\u00f3n de escritorio de Goldzino Casino: Windows\/macOS<\/h2>\n<p>Los jugadores pueden acceder f\u00e1cilmente a nuestra plataforma de casino online a trav\u00e9s del navegador de su ordenador, tanto en Windows como en macOS. La p\u00e1gina web oficial de Gold Zino funciona en navegadores populares como Google Chrome, Mozilla Firefox y Safari. Todas las funciones, incluyendo el juego, la gesti\u00f3n de la cuenta y la atenci\u00f3n al cliente, son totalmente accesibles a trav\u00e9s del navegador. Los jugadores tambi\u00e9n pueden descargar nuestra aplicaci\u00f3n PWA para Windows y macOS directamente desde nuestra p\u00e1gina web para acceder m\u00e1s r\u00e1pidamente a sus juegos de casino online favoritos.<\/p>\n<p><img loading=\"lazy\" decoding=\"async\" class=\"alignnone size-full wp-image-2163\" src=\"https:\/\/goldzinocasino.org\/wp-content\/uploads\/2025\/11\/Gold-Zino-Website.webp\" alt=\"Gold-Zino PC\" width=\"1248\" height=\"536\" srcset=\"https:\/\/goldzinocasino.org\/wp-content\/uploads\/2025\/11\/Gold-Zino-Website.webp 1248w, https:\/\/goldzinocasino.org\/wp-content\/uploads\/2025\/11\/Gold-Zino-Website-300x129.webp 300w, https:\/\/goldzinocasino.org\/wp-content\/uploads\/2025\/11\/Gold-Zino-Website-1024x440.webp 1024w, https:\/\/goldzinocasino.org\/wp-content\/uploads\/2025\/11\/Gold-Zino-Website-768x330.webp 768w\" sizes=\"auto, (max-width: 1248px) 100vw, 1248px\" \/><\/p>\n<\/div><\/div><div style=\"clear: both\"><\/div><div class=\"d-flex justify-content-center\"><button data-item=\"decouvrez_link\" data-group=\"website_links\" class=\"goto fw-bold rounded-pill btn btn-orange\" aria-label=\"Descarga la aplicaci\u00f3n Goldzino\" >Descarga la aplicaci\u00f3n Goldzino<\/button><\/div><div class=\"scrollable-content-wrap my-5\"><div class=\"scrollable-content-inner\"><h2>Preguntas frecuentes<\/h2>\n<h3>\u00bfPuedo obtener asistencia al cliente en la aplicaci\u00f3n Goldzino Casino?<\/h3>\n<p>S\u00ed, puede hacerlo. Nuestro equipo de atenci\u00f3n al cliente est\u00e1 disponible las 24 horas del d\u00eda, los 7 d\u00edas de la semana, directamente a trav\u00e9s de la aplicaci\u00f3n y en nuestro sitio web oficial. Puede ponerse en contacto con nosotros a trav\u00e9s del chat en vivo o por correo electr\u00f3nico para cualquier consulta sobre dep\u00f3sitos, verificaci\u00f3n, retiradas, creaci\u00f3n de cuentas o promociones.<\/p>\n<h3>\u00bfTodos los juegos est\u00e1n disponibles en la aplicaci\u00f3n?<\/h3>\n<p>M\u00e1s de 6000 tragamonedas, mesas y juegos con crupier en vivo est\u00e1n disponibles a trav\u00e9s de nuestro casino m\u00f3vil. No importa si utilizas iOS, Android, Windows o macOS; obtendr\u00e1s los mejores juegos de casino en l\u00ednea proporcionados por los principales proveedores de software, como Pragmatic Play, Evolution, Playson, BGaming, Spinomenal y otros.<\/p>\n<h3>\u00bfC\u00f3mo puedo crear una cuenta para utilizar la aplicaci\u00f3n Goldzino?<\/h3>\n<p>Crear una cuenta es un proceso r\u00e1pido con la aplicaci\u00f3n Gold Zino. Al iniciar nuestro casino m\u00f3vil, selecciona \u00abRegistrarse\u00bb, introduce tu direcci\u00f3n de correo electr\u00f3nico, crea una contrase\u00f1a segura e introduce un c\u00f3digo promocional si tienes uno. Finaliza la configuraci\u00f3n de tu cuenta aceptando nuestros t\u00e9rminos y condiciones y confirmando tu registro.<\/p>\n<h3>\u00bfC\u00f3mo actualizar la aplicaci\u00f3n Goldzino Casino?<\/h3>\n<p>Nuestra aplicaci\u00f3n m\u00f3vil se actualiza autom\u00e1ticamente, ya que lanzamos actualizaciones peri\u00f3dicamente para introducir nuevas funciones, promociones y juegos de casino. Una vez que la aplicaci\u00f3n est\u00e9 en tu tel\u00e9fono a trav\u00e9s del APK, se te redirigir\u00e1 a nuestro sitio web oficial para descargar el \u00faltimo archivo APK de Gold Zino. Si utilizas la aplicaci\u00f3n PWA, no tienes que hacer nada, ya que todas las actualizaciones se realizan en tiempo real sin necesidad de descargas.<\/p>\n<h3>\u00bfEs seguro utilizar la aplicaci\u00f3n Goldzino?<\/h3>\n<p>S\u00ed, nuestra aplicaci\u00f3n utiliza cifrado SSL y servidores seguros para proteger los datos y las transacciones de los jugadores. Nuestros sistemas cumplen con las estrictas pol\u00edticas de la normativa sobre juegos electr\u00f3nicos de Anjouan para garantizar la privacidad y un juego justo y responsable.<\/p>\n<\/div><\/div><\/p>\n","protected":false},"excerpt":{"rendered":"<p>Aplicaci\u00f3n Goldzino Juega a m\u00e1s de 6000 juegos, incluyendo tragaperras online, juegos de mesa y t\u00edtulos con crupier en vivo en iOS y Android para disfrutar de una experiencia de casino premium en cualquier momento con la Goldzino app. Hemos creado nuestra plataforma m\u00f3vil para ofrecer las mismas funciones que la versi\u00f3n de escritorio, para [&hellip;]<\/p>\n","protected":false},"author":1,"featured_media":0,"parent":0,"menu_order":0,"comment_status":"closed","ping_status":"closed","template":"template-builder.php","meta":{"_acf_changed":false,"inline_featured_image":false,"footnotes":""},"class_list":["post-1427","page","type-page","status-publish","hentry"],"acf":[],"yoast_head":"<!-- This site is optimized with the Yoast SEO plugin v27.3 - https:\/\/yoast.com\/product\/yoast-seo-wordpress\/ -->\n<title>Goldzino App: PWA para iOS y Android, se instala en un minuto, sin APK<\/title>\n<meta name=\"description\" content=\"Goldzino app es una aplicaci\u00f3n web progresiva (PWA) para iOS, Android, Windows y macOS. A\u00f1\u00e1dela desde Chrome o Safari a tu pantalla de inicio o escritorio y abre la p\u00e1gina principal con un solo toque. No requiere archivos APK y las actualizaciones se realizan autom\u00e1ticamente a trav\u00e9s de nuestro sitio web oficial.\" \/>\n<meta name=\"robots\" content=\"index, follow, max-snippet:-1, max-image-preview:large, max-video-preview:-1\" \/>\n<link rel=\"canonical\" href=\"https:\/\/goldzinocasino.org\/es\/aplicacion\/\" \/>\n<meta property=\"og:locale\" content=\"es_ES\" \/>\n<meta property=\"og:type\" content=\"article\" \/>\n<meta property=\"og:title\" content=\"Goldzino App: PWA para iOS y Android, se instala en un minuto, sin APK\" \/>\n<meta property=\"og:description\" content=\"Goldzino app es una aplicaci\u00f3n web progresiva (PWA) para iOS, Android, Windows y macOS. A\u00f1\u00e1dela desde Chrome o Safari a tu pantalla de inicio o escritorio y abre la p\u00e1gina principal con un solo toque. No requiere archivos APK y las actualizaciones se realizan autom\u00e1ticamente a trav\u00e9s de nuestro sitio web oficial.\" \/>\n<meta property=\"og:url\" content=\"https:\/\/goldzinocasino.org\/es\/aplicacion\/\" \/>\n<meta property=\"og:site_name\" content=\"goldzino\" \/>\n<meta property=\"article:modified_time\" content=\"2026-03-17T10:04:13+00:00\" \/>\n<meta name=\"twitter:card\" content=\"summary_large_image\" \/>\n<meta name=\"twitter:label1\" content=\"Est. reading time\" \/>\n\t<meta name=\"twitter:data1\" content=\"2 minutes\" \/>\n<script type=\"application\/ld+json\" class=\"yoast-schema-graph\">{\"@context\":\"https:\\\/\\\/schema.org\",\"@graph\":[{\"@type\":\"WebPage\",\"@id\":\"https:\\\/\\\/goldzinocasino.org\\\/es\\\/aplicacion\\\/\",\"url\":\"https:\\\/\\\/goldzinocasino.org\\\/es\\\/aplicacion\\\/\",\"name\":\"Goldzino App: PWA para iOS y Android, se instala en un minuto, sin APK\",\"isPartOf\":{\"@id\":\"https:\\\/\\\/goldzinocasino.org\\\/es\\\/#website\"},\"datePublished\":\"2025-11-03T12:05:29+00:00\",\"dateModified\":\"2026-03-17T10:04:13+00:00\",\"description\":\"Goldzino app es una aplicaci\u00f3n web progresiva (PWA) para iOS, Android, Windows y macOS. A\u00f1\u00e1dela desde Chrome o Safari a tu pantalla de inicio o escritorio y abre la p\u00e1gina principal con un solo toque. No requiere archivos APK y las actualizaciones se realizan autom\u00e1ticamente a trav\u00e9s de nuestro sitio web oficial.\",\"breadcrumb\":{\"@id\":\"https:\\\/\\\/goldzinocasino.org\\\/es\\\/aplicacion\\\/#breadcrumb\"},\"inLanguage\":\"es-ES\",\"potentialAction\":[{\"@type\":\"ReadAction\",\"target\":[\"https:\\\/\\\/goldzinocasino.org\\\/es\\\/aplicacion\\\/\"]}]},{\"@type\":\"BreadcrumbList\",\"@id\":\"https:\\\/\\\/goldzinocasino.org\\\/es\\\/aplicacion\\\/#breadcrumb\",\"itemListElement\":[{\"@type\":\"ListItem\",\"position\":1,\"name\":\"GoldZino\",\"item\":\"https:\\\/\\\/goldzinocasino.org\\\/es\\\/\"},{\"@type\":\"ListItem\",\"position\":2,\"name\":\"Aplicaci\u00f3n\"}]},{\"@type\":\"WebSite\",\"@id\":\"https:\\\/\\\/goldzinocasino.org\\\/es\\\/#website\",\"url\":\"https:\\\/\\\/goldzinocasino.org\\\/es\\\/\",\"name\":\"GoldZino\",\"description\":\"\",\"publisher\":{\"@id\":\"https:\\\/\\\/goldzinocasino.org\\\/es\\\/#organization\"},\"potentialAction\":[{\"@type\":\"SearchAction\",\"target\":{\"@type\":\"EntryPoint\",\"urlTemplate\":\"https:\\\/\\\/goldzinocasino.org\\\/es\\\/?s={search_term_string}\"},\"query-input\":{\"@type\":\"PropertyValueSpecification\",\"valueRequired\":true,\"valueName\":\"search_term_string\"}}],\"inLanguage\":\"es-ES\"},{\"@type\":\"Organization\",\"@id\":\"https:\\\/\\\/goldzinocasino.org\\\/es\\\/#organization\",\"name\":\"GoldZino\",\"url\":\"https:\\\/\\\/goldzinocasino.org\\\/es\\\/\",\"logo\":{\"@type\":\"ImageObject\",\"inLanguage\":\"es-ES\",\"@id\":\"https:\\\/\\\/goldzinocasino.org\\\/es\\\/#\\\/schema\\\/logo\\\/image\\\/\",\"url\":\"https:\\\/\\\/goldzinocasino.org\\\/wp-content\\\/uploads\\\/2025\\\/08\\\/80u1FaquEZeR6OUTeJCc.png\",\"contentUrl\":\"https:\\\/\\\/goldzinocasino.org\\\/wp-content\\\/uploads\\\/2025\\\/08\\\/80u1FaquEZeR6OUTeJCc.png\",\"width\":209,\"height\":46,\"caption\":\"GoldZino\"},\"image\":{\"@id\":\"https:\\\/\\\/goldzinocasino.org\\\/es\\\/#\\\/schema\\\/logo\\\/image\\\/\"}}]}<\/script>\n<!-- \/ Yoast SEO plugin. -->","yoast_head_json":{"title":"Goldzino App: PWA para iOS y Android, se instala en un minuto, sin APK","description":"Goldzino app es una aplicaci\u00f3n web progresiva (PWA) para iOS, Android, Windows y macOS. A\u00f1\u00e1dela desde Chrome o Safari a tu pantalla de inicio o escritorio y abre la p\u00e1gina principal con un solo toque. No requiere archivos APK y las actualizaciones se realizan autom\u00e1ticamente a trav\u00e9s de nuestro sitio web oficial.","robots":{"index":"index","follow":"follow","max-snippet":"max-snippet:-1","max-image-preview":"max-image-preview:large","max-video-preview":"max-video-preview:-1"},"canonical":"https:\/\/goldzinocasino.org\/es\/aplicacion\/","og_locale":"es_ES","og_type":"article","og_title":"Goldzino App: PWA para iOS y Android, se instala en un minuto, sin APK","og_description":"Goldzino app es una aplicaci\u00f3n web progresiva (PWA) para iOS, Android, Windows y macOS. A\u00f1\u00e1dela desde Chrome o Safari a tu pantalla de inicio o escritorio y abre la p\u00e1gina principal con un solo toque. No requiere archivos APK y las actualizaciones se realizan autom\u00e1ticamente a trav\u00e9s de nuestro sitio web oficial.","og_url":"https:\/\/goldzinocasino.org\/es\/aplicacion\/","og_site_name":"goldzino","article_modified_time":"2026-03-17T10:04:13+00:00","twitter_card":"summary_large_image","twitter_misc":{"Est. reading time":"2 minutes"},"schema":{"@context":"https:\/\/schema.org","@graph":[{"@type":"WebPage","@id":"https:\/\/goldzinocasino.org\/es\/aplicacion\/","url":"https:\/\/goldzinocasino.org\/es\/aplicacion\/","name":"Goldzino App: PWA para iOS y Android, se instala en un minuto, sin APK","isPartOf":{"@id":"https:\/\/goldzinocasino.org\/es\/#website"},"datePublished":"2025-11-03T12:05:29+00:00","dateModified":"2026-03-17T10:04:13+00:00","description":"Goldzino app es una aplicaci\u00f3n web progresiva (PWA) para iOS, Android, Windows y macOS. A\u00f1\u00e1dela desde Chrome o Safari a tu pantalla de inicio o escritorio y abre la p\u00e1gina principal con un solo toque. No requiere archivos APK y las actualizaciones se realizan autom\u00e1ticamente a trav\u00e9s de nuestro sitio web oficial.","breadcrumb":{"@id":"https:\/\/goldzinocasino.org\/es\/aplicacion\/#breadcrumb"},"inLanguage":"es-ES","potentialAction":[{"@type":"ReadAction","target":["https:\/\/goldzinocasino.org\/es\/aplicacion\/"]}]},{"@type":"BreadcrumbList","@id":"https:\/\/goldzinocasino.org\/es\/aplicacion\/#breadcrumb","itemListElement":[{"@type":"ListItem","position":1,"name":"GoldZino","item":"https:\/\/goldzinocasino.org\/es\/"},{"@type":"ListItem","position":2,"name":"Aplicaci\u00f3n"}]},{"@type":"WebSite","@id":"https:\/\/goldzinocasino.org\/es\/#website","url":"https:\/\/goldzinocasino.org\/es\/","name":"GoldZino","description":"","publisher":{"@id":"https:\/\/goldzinocasino.org\/es\/#organization"},"potentialAction":[{"@type":"SearchAction","target":{"@type":"EntryPoint","urlTemplate":"https:\/\/goldzinocasino.org\/es\/?s={search_term_string}"},"query-input":{"@type":"PropertyValueSpecification","valueRequired":true,"valueName":"search_term_string"}}],"inLanguage":"es-ES"},{"@type":"Organization","@id":"https:\/\/goldzinocasino.org\/es\/#organization","name":"GoldZino","url":"https:\/\/goldzinocasino.org\/es\/","logo":{"@type":"ImageObject","inLanguage":"es-ES","@id":"https:\/\/goldzinocasino.org\/es\/#\/schema\/logo\/image\/","url":"https:\/\/goldzinocasino.org\/wp-content\/uploads\/2025\/08\/80u1FaquEZeR6OUTeJCc.png","contentUrl":"https:\/\/goldzinocasino.org\/wp-content\/uploads\/2025\/08\/80u1FaquEZeR6OUTeJCc.png","width":209,"height":46,"caption":"GoldZino"},"image":{"@id":"https:\/\/goldzinocasino.org\/es\/#\/schema\/logo\/image\/"}}]}},"_links":{"self":[{"href":"https:\/\/goldzinocasino.org\/es\/wp-json\/wp\/v2\/pages\/1427","targetHints":{"allow":["GET"]}}],"collection":[{"href":"https:\/\/goldzinocasino.org\/es\/wp-json\/wp\/v2\/pages"}],"about":[{"href":"https:\/\/goldzinocasino.org\/es\/wp-json\/wp\/v2\/types\/page"}],"author":[{"embeddable":true,"href":"https:\/\/goldzinocasino.org\/es\/wp-json\/wp\/v2\/users\/1"}],"replies":[{"embeddable":true,"href":"https:\/\/goldzinocasino.org\/es\/wp-json\/wp\/v2\/comments?post=1427"}],"version-history":[{"count":4,"href":"https:\/\/goldzinocasino.org\/es\/wp-json\/wp\/v2\/pages\/1427\/revisions"}],"predecessor-version":[{"id":2330,"href":"https:\/\/goldzinocasino.org\/es\/wp-json\/wp\/v2\/pages\/1427\/revisions\/2330"}],"wp:attachment":[{"href":"https:\/\/goldzinocasino.org\/es\/wp-json\/wp\/v2\/media?parent=1427"}],"curies":[{"name":"wp","href":"https:\/\/api.w.org\/{rel}","templated":true}]}}