{"id":1490,"date":"2025-11-03T12:09:39","date_gmt":"2025-11-03T12:09:39","guid":{"rendered":"https:\/\/goldzinocasino.org\/login-and-registration\/"},"modified":"2026-03-17T09:13:48","modified_gmt":"2026-03-17T09:13:48","slug":"login-and-registration","status":"publish","type":"page","link":"https:\/\/goldzinocasino.org\/es\/login-and-registration\/","title":{"rendered":"Inicio de sesi\u00f3n y registro"},"content":{"rendered":"<h1>Inicio de sesi\u00f3n en Goldzino y registro de cuenta<\/h1>\n<p>En Goldzino Casino, ofrecemos una experiencia de casino online segura y gratificante. Para acceder a todos nuestros servicios, solo tienes que completar tu registro con un sencillo Goldzino login. Nos hemos asegurado de que nuestro proceso de registro sea r\u00e1pido y se pueda completar con solo un par de clics.<\/p>\n<p><div class=\"banner-wrap\" aria-label=\"Banner\"><img src=\"https:\/\/goldzinocasino.org\/wp-content\/uploads\/2025\/10\/Goldzino-Banner-Desktop.webp\" class=\"w-100 d-none d-lg-block img-pc main-banner-img\" alt=\"goldzino bonus desktop\" fetchpriority=\"high\" decoding=\"async\"><img src=\"https:\/\/goldzinocasino.org\/wp-content\/uploads\/2025\/10\/Gold-zino-Mobile-Banner.webp\" class=\"w-100 d-none d-md-block d-lg-none main-banner-img\" alt=\"goldzino bonus mobile\" fetchpriority=\"high\" decoding=\"async\"><img src=\"https:\/\/goldzinocasino.org\/wp-content\/uploads\/2025\/10\/Gold-zino-Mobile-Banner.webp\" class=\"w-100 d-md-none\" alt=\"goldzino bonus mobile\" fetchpriority=\"high\" decoding=\"async\"><div class=\"banner-description\">\n<div class=\"banner-title\">Bonos de Bienvenida<\/div>\n<p class=\"banner-header-title\">1500 \u20ac<\/p>\n<div class=\"banner-header-AdditionalText\">+ 250 Giros Gratis<\/div>\n<button data-item=\"homepage_banner_link\" class=\"goto m-button m-gradient-border m-button--primary m-button--large banner-button btn-orange\">\n            <div class=\"m-button-content\">\n                <span>Reg\u00edstrese ahora<\/span>\n                <span><\/span>\n            <\/div>\n        <\/button>\n<\/div>\n<div class=\"WelcomePack\">\n<p><img loading=\"lazy\" decoding=\"async\" class=\"alignnone size-full wp-image-1376\" src=\"https:\/\/goldzinocasino.org\/wp-content\/uploads\/2025\/10\/welcome-crown.svg\" alt=\"crown\" width=\"25\" height=\"26\" \/><\/p>\n<div class=\"WelcomePack-Info\">Reembolso semanal de hasta el 25 %<\/div>\n<p><img loading=\"lazy\" decoding=\"async\" class=\"alignnone size-full wp-image-1376\" src=\"https:\/\/goldzinocasino.org\/wp-content\/uploads\/2025\/10\/welcome-crown.svg\" alt=\"crown\" width=\"25\" height=\"26\" \/><\/p>\n<\/div>\n<\/div><div class=\"scrollable-content-wrap my-5\"><div class=\"scrollable-content-inner\"><h2>C\u00f3mo registrar una cuenta<\/h2>\n<p>Al registrar una cuenta en Gold Zino, tendr\u00e1s acceso completo a nuestros m\u00e1s de 6000 juegos de casino, incluyendo tragamonedas, juegos de mesa y t\u00edtulos con crupier en vivo. Los nuevos jugadores espa\u00f1oles pueden reclamar nuestro paquete de bienvenida, que ofrece hasta 1500 \u20ac + 250 tiradas gratis. Los jugadores que vuelven pueden reclamar un bono de reembolso semanal de hasta el 25 %. Tu cuenta act\u00faa como centro de gesti\u00f3n de tus dep\u00f3sitos y retiradas, seguimiento de tus bonos, gesti\u00f3n de recompensas por fidelidad y establecimiento de l\u00edmites de juego.<\/p>\n<p>En Goldzino Casino, ofrecemos un casino online seguro y gratificante. Para acceder a todos nuestros servicios, solo tienes que registrarte r\u00e1pidamente y, a continuaci\u00f3n, iniciar sesi\u00f3n en Goldzino. Hemos dise\u00f1ado nuestro proceso de registro para que los nuevos jugadores puedan completarlo de forma r\u00e1pida y sencilla. Sigue estos pasos para crear tu nueva cuenta en Goldzino:<\/p>\n<ol>\n<li>Ve al casino oficial Goldzino y haz clic en \u00abRegistrarse\u00bb en la esquina superior derecha.<\/li>\n<li>Introduce tu direcci\u00f3n de correo electr\u00f3nico y elige una contrase\u00f1a.<\/li>\n<li>Si tienes un c\u00f3digo promocional, ind\u00edcalo aqu\u00ed.<\/li>\n<li>Acepta los t\u00e9rminos y condiciones, y confirma que eres mayor de edad.<\/li>\n<li>Despu\u00e9s de enviar tus datos, recibir\u00e1s un correo electr\u00f3nico de verificaci\u00f3n para completar el proceso de registro.<\/li>\n<\/ol>\n<p>Para crear una cuenta m\u00e1s r\u00e1pidamente, los usuarios nuevos pueden registrarse con unos pocos clics conectando su cuenta de Google a nuestro casino. Una vez que la cuenta sea aprobada, obtendr\u00e1 acceso completo para depositar y jugar. Los retiros estar\u00e1n pendientes hasta que se complete el proceso de verificaci\u00f3n que se describe a continuaci\u00f3n.<\/p>\n<h2>Pasos para iniciar sesi\u00f3n en Goldzino<\/h2>\n<p>Es muy importante poder acceder r\u00e1pidamente a tu cuenta; por eso hemos simplificado el proceso de inicio de sesi\u00f3n en Goldzino. Sigue estos pasos:<\/p>\n<ol>\n<li>Haga clic en \u00abIniciar sesi\u00f3n\u00bb en la esquina superior derecha de la p\u00e1gina de inicio de Goldzino.<\/li>\n<li>Introduce tu correo electr\u00f3nico registrado y contrase\u00f1a.<\/li>\n<\/ol>\n<p>Despu\u00e9s de iniciar sesi\u00f3n correctamente, podr\u00e1s acceder al panel de control de tu cuenta, donde podr\u00e1s:<\/p>\n<ul>\n<li>Consulte su saldo, historial de transacciones y estado de bonificaciones.<\/li>\n<li>Visita la secci\u00f3n de pagos para depositar y retirar fondos.<\/li>\n<li>Actualiza la informaci\u00f3n de tu perfil, gestiona tu contrase\u00f1a o establece l\u00edmites de dep\u00f3sito.<\/li>\n<li>P\u00f3ngase en contacto con nuestro equipo de asistencia a trav\u00e9s del chat en vivo para obtener ayuda en cualquier momento.<\/li>\n<\/ul>\n<h3>\u00bfOlvid\u00f3 su contrase\u00f1a?<\/h3>\n<p>Si no puede acceder a su cuenta porque ha olvidado su contrase\u00f1a, siga estos pasos para recuperarla:<\/p>\n<ol>\n<li>En la p\u00e1gina Inicio de sesi\u00f3n en Goldzino, selecciona \u00ab\u00bfHas olvidado tu contrase\u00f1a?\u00bb.<\/li>\n<li>Introduce la direcci\u00f3n de correo electr\u00f3nico vinculada a tu cuenta de Goldzino Casino.<\/li>\n<li>Haga clic en \u00abRestablecer contrase\u00f1a\u00bb.<\/li>\n<li>Le enviaremos un enlace para restablecer la contrase\u00f1a a la direcci\u00f3n de correo electr\u00f3nico.<\/li>\n<li>Haga clic en el enlace y establezca una contrase\u00f1a.<\/li>\n<\/ol>\n<h2>Casino Goldzino Verificaci\u00f3n<\/h2>\n<p>Estamos comprometidos con el juego responsable, por lo que damos prioridad a la seguridad y protecci\u00f3n de nuestros clientes. Para garantizar el cumplimiento de la normativa de Anjouan eGaming, aplicamos un proceso obligatorio de verificaci\u00f3n de cuentas. Nuestras comprobaciones \u00abConozca a su cliente\u00bb (KYC) requieren que env\u00ede copias de determinados documentos a nuestro equipo para confirmar su identidad. Para solicitar retiradas y acceder a todas las funciones de su cuenta, debe enviar lo siguiente:<\/p>\n<table>\n<tbody>\n<tr>\n<td>Documentos<\/td>\n<td>Objetivo de la presentaci\u00f3n<\/td>\n<td>Documentaci\u00f3n requerida<\/td>\n<\/tr>\n<tr>\n<td>Prueba de identidad<\/td>\n<td>Para confirmar el nombre legal y la fecha de nacimiento del jugador.<\/td>\n<td>Un documento de identidad v\u00e1lido con fotograf\u00eda expedido por el gobierno (pasaporte, permiso de conducir o documento nacional de identidad).<\/td>\n<\/tr>\n<tr>\n<td>Prueba de domicilio<\/td>\n<td>Para verificar la direcci\u00f3n residencial actual del jugador.<\/td>\n<td>Una factura de servicios p\u00fablicos o un extracto bancario (emitido en los \u00faltimos tres meses) en el que figure el nombre y la direcci\u00f3n del jugador.<\/td>\n<\/tr>\n<tr>\n<td>Comprobante de pago<\/td>\n<td>Para verificar la titularidad del m\u00e9todo de dep\u00f3sito utilizado.<\/td>\n<td>Para verificar tu tarjeta, debes mostrar los primeros seis y los \u00faltimos cuatro d\u00edgitos, tu nombre y la fecha de caducidad.<\/p>\n<p>Para verificar los monederos electr\u00f3nicos, haz una captura de pantalla que muestre tu correo electr\u00f3nico, n\u00famero de cuenta\/ID y nombre.<\/td>\n<\/tr>\n<\/tbody>\n<\/table>\n<p>Una vez que env\u00ede sus documentos, nuestro equipo especializado llevar\u00e1 a cabo una revisi\u00f3n exhaustiva. Le notificaremos por correo electr\u00f3nico una vez que se haya completado el proceso de verificaci\u00f3n.<\/p>\n<h2>Preguntas frecuentes<\/h2>\n<h3>\u00bfPuedo iniciar sesi\u00f3n en mi cuenta de Goldzino desde varios dispositivos al mismo tiempo?<\/h3>\n<p>Por motivos de seguridad, tu cuenta est\u00e1 restringida a una sola sesi\u00f3n activa a la vez. Si inicias sesi\u00f3n en un segundo dispositivo, la primera sesi\u00f3n se cerrar\u00e1 autom\u00e1ticamente.<\/p>\n<h3>\u00bfQu\u00e9 debo hacer si mi cuenta est\u00e1 bloqueada?<\/h3>\n<p>Si tu cuenta del casino Goldzino aparece bloqueada, normalmente se trata de una medida tomada para proteger tu seguridad, por ejemplo, debido a m\u00faltiples intentos fallidos de inicio de sesi\u00f3n. Debes ponerte en contacto inmediatamente con nuestro equipo de asistencia multiling\u00fce a trav\u00e9s del chat en vivo o por correo electr\u00f3nico. Nuestro representante te ayudar\u00e1 a recuperar el acceso a tu cuenta de Gold Zino.<\/p>\n<h3>\u00bfC\u00f3mo cierro o suspendo temporalmente mi cuenta?<\/h3>\n<p>Apoyamos totalmente el juego responsable. Si desea cerrar su cuenta de forma permanente o aplicar un periodo de autoexclusi\u00f3n temporal, puede hacerlo f\u00e1cilmente. P\u00f3ngase en contacto directamente con nuestro equipo de asistencia.<\/p>\n<h3>\u00bfC\u00f3mo puedo gestionar la configuraci\u00f3n de mi cuenta?<\/h3>\n<p>Los jugadores pueden gestionar su configuraci\u00f3n desde el panel de control de su cuenta. Desde aqu\u00ed, pueden actualizar sus datos de contacto, cambiar su contrase\u00f1a y establecer l\u00edmites de dep\u00f3sito o p\u00e9rdidas.<\/p>\n<\/div><\/div><\/p>\n","protected":false},"excerpt":{"rendered":"<p>Inicio de sesi\u00f3n en Goldzino y registro de cuenta En Goldzino Casino, ofrecemos una experiencia de casino online segura y gratificante. Para acceder a todos nuestros servicios, solo tienes que completar tu registro con un sencillo Goldzino login. Nos hemos asegurado de que nuestro proceso de registro sea r\u00e1pido y se pueda completar con solo [&hellip;]<\/p>\n","protected":false},"author":1,"featured_media":0,"parent":0,"menu_order":0,"comment_status":"closed","ping_status":"closed","template":"template-builder.php","meta":{"_acf_changed":false,"inline_featured_image":false,"footnotes":""},"class_list":["post-1490","page","type-page","status-publish","hentry"],"acf":[],"yoast_head":"<!-- This site is optimized with the Yoast SEO plugin v27.3 - https:\/\/yoast.com\/product\/yoast-seo-wordpress\/ -->\n<title>Goldzino Login: acceso a la cuenta, 2FA, restablecimiento de contrase\u00f1a<\/title>\n<meta name=\"description\" content=\"Usa Goldzino login para acceder a tu cuenta con correo electr\u00f3nico y contrase\u00f1a, o selecciona Google en la misma pantalla. Tu panel de control re\u00fane todas las herramientas clave: pagos, bonos, progreso de fidelidad y l\u00edmites. Es posible que se requiera verificaci\u00f3n (KYC) antes de realizar retiros.\" \/>\n<meta name=\"robots\" content=\"index, follow, max-snippet:-1, max-image-preview:large, max-video-preview:-1\" \/>\n<link rel=\"canonical\" href=\"https:\/\/goldzinocasino.org\/es\/login-and-registration\/\" \/>\n<meta property=\"og:locale\" content=\"es_ES\" \/>\n<meta property=\"og:type\" content=\"article\" \/>\n<meta property=\"og:title\" content=\"Goldzino Login: acceso a la cuenta, 2FA, restablecimiento de contrase\u00f1a\" \/>\n<meta property=\"og:description\" content=\"Usa Goldzino login para acceder a tu cuenta con correo electr\u00f3nico y contrase\u00f1a, o selecciona Google en la misma pantalla. Tu panel de control re\u00fane todas las herramientas clave: pagos, bonos, progreso de fidelidad y l\u00edmites. Es posible que se requiera verificaci\u00f3n (KYC) antes de realizar retiros.\" \/>\n<meta property=\"og:url\" content=\"https:\/\/goldzinocasino.org\/es\/login-and-registration\/\" \/>\n<meta property=\"og:site_name\" content=\"goldzino\" \/>\n<meta property=\"article:modified_time\" content=\"2026-03-17T09:13:48+00:00\" \/>\n<meta name=\"twitter:card\" content=\"summary_large_image\" \/>\n<meta name=\"twitter:label1\" content=\"Est. reading time\" \/>\n\t<meta name=\"twitter:data1\" content=\"1 minute\" \/>\n<script type=\"application\/ld+json\" class=\"yoast-schema-graph\">{\"@context\":\"https:\\\/\\\/schema.org\",\"@graph\":[{\"@type\":\"WebPage\",\"@id\":\"https:\\\/\\\/goldzinocasino.org\\\/es\\\/login-and-registration\\\/\",\"url\":\"https:\\\/\\\/goldzinocasino.org\\\/es\\\/login-and-registration\\\/\",\"name\":\"Goldzino Login: acceso a la cuenta, 2FA, restablecimiento de contrase\u00f1a\",\"isPartOf\":{\"@id\":\"https:\\\/\\\/goldzinocasino.org\\\/es\\\/#website\"},\"datePublished\":\"2025-11-03T12:09:39+00:00\",\"dateModified\":\"2026-03-17T09:13:48+00:00\",\"description\":\"Usa Goldzino login para acceder a tu cuenta con correo electr\u00f3nico y contrase\u00f1a, o selecciona Google en la misma pantalla. Tu panel de control re\u00fane todas las herramientas clave: pagos, bonos, progreso de fidelidad y l\u00edmites. Es posible que se requiera verificaci\u00f3n (KYC) antes de realizar retiros.\",\"breadcrumb\":{\"@id\":\"https:\\\/\\\/goldzinocasino.org\\\/es\\\/login-and-registration\\\/#breadcrumb\"},\"inLanguage\":\"es-ES\",\"potentialAction\":[{\"@type\":\"ReadAction\",\"target\":[\"https:\\\/\\\/goldzinocasino.org\\\/es\\\/login-and-registration\\\/\"]}]},{\"@type\":\"BreadcrumbList\",\"@id\":\"https:\\\/\\\/goldzinocasino.org\\\/es\\\/login-and-registration\\\/#breadcrumb\",\"itemListElement\":[{\"@type\":\"ListItem\",\"position\":1,\"name\":\"GoldZino\",\"item\":\"https:\\\/\\\/goldzinocasino.org\\\/es\\\/\"},{\"@type\":\"ListItem\",\"position\":2,\"name\":\"Inicio de sesi\u00f3n y registro\"}]},{\"@type\":\"WebSite\",\"@id\":\"https:\\\/\\\/goldzinocasino.org\\\/es\\\/#website\",\"url\":\"https:\\\/\\\/goldzinocasino.org\\\/es\\\/\",\"name\":\"GoldZino\",\"description\":\"\",\"publisher\":{\"@id\":\"https:\\\/\\\/goldzinocasino.org\\\/es\\\/#organization\"},\"potentialAction\":[{\"@type\":\"SearchAction\",\"target\":{\"@type\":\"EntryPoint\",\"urlTemplate\":\"https:\\\/\\\/goldzinocasino.org\\\/es\\\/?s={search_term_string}\"},\"query-input\":{\"@type\":\"PropertyValueSpecification\",\"valueRequired\":true,\"valueName\":\"search_term_string\"}}],\"inLanguage\":\"es-ES\"},{\"@type\":\"Organization\",\"@id\":\"https:\\\/\\\/goldzinocasino.org\\\/es\\\/#organization\",\"name\":\"GoldZino\",\"url\":\"https:\\\/\\\/goldzinocasino.org\\\/es\\\/\",\"logo\":{\"@type\":\"ImageObject\",\"inLanguage\":\"es-ES\",\"@id\":\"https:\\\/\\\/goldzinocasino.org\\\/es\\\/#\\\/schema\\\/logo\\\/image\\\/\",\"url\":\"https:\\\/\\\/goldzinocasino.org\\\/wp-content\\\/uploads\\\/2025\\\/08\\\/80u1FaquEZeR6OUTeJCc.png\",\"contentUrl\":\"https:\\\/\\\/goldzinocasino.org\\\/wp-content\\\/uploads\\\/2025\\\/08\\\/80u1FaquEZeR6OUTeJCc.png\",\"width\":209,\"height\":46,\"caption\":\"GoldZino\"},\"image\":{\"@id\":\"https:\\\/\\\/goldzinocasino.org\\\/es\\\/#\\\/schema\\\/logo\\\/image\\\/\"}}]}<\/script>\n<!-- \/ Yoast SEO plugin. -->","yoast_head_json":{"title":"Goldzino Login: acceso a la cuenta, 2FA, restablecimiento de contrase\u00f1a","description":"Usa Goldzino login para acceder a tu cuenta con correo electr\u00f3nico y contrase\u00f1a, o selecciona Google en la misma pantalla. Tu panel de control re\u00fane todas las herramientas clave: pagos, bonos, progreso de fidelidad y l\u00edmites. Es posible que se requiera verificaci\u00f3n (KYC) antes de realizar retiros.","robots":{"index":"index","follow":"follow","max-snippet":"max-snippet:-1","max-image-preview":"max-image-preview:large","max-video-preview":"max-video-preview:-1"},"canonical":"https:\/\/goldzinocasino.org\/es\/login-and-registration\/","og_locale":"es_ES","og_type":"article","og_title":"Goldzino Login: acceso a la cuenta, 2FA, restablecimiento de contrase\u00f1a","og_description":"Usa Goldzino login para acceder a tu cuenta con correo electr\u00f3nico y contrase\u00f1a, o selecciona Google en la misma pantalla. Tu panel de control re\u00fane todas las herramientas clave: pagos, bonos, progreso de fidelidad y l\u00edmites. Es posible que se requiera verificaci\u00f3n (KYC) antes de realizar retiros.","og_url":"https:\/\/goldzinocasino.org\/es\/login-and-registration\/","og_site_name":"goldzino","article_modified_time":"2026-03-17T09:13:48+00:00","twitter_card":"summary_large_image","twitter_misc":{"Est. reading time":"1 minute"},"schema":{"@context":"https:\/\/schema.org","@graph":[{"@type":"WebPage","@id":"https:\/\/goldzinocasino.org\/es\/login-and-registration\/","url":"https:\/\/goldzinocasino.org\/es\/login-and-registration\/","name":"Goldzino Login: acceso a la cuenta, 2FA, restablecimiento de contrase\u00f1a","isPartOf":{"@id":"https:\/\/goldzinocasino.org\/es\/#website"},"datePublished":"2025-11-03T12:09:39+00:00","dateModified":"2026-03-17T09:13:48+00:00","description":"Usa Goldzino login para acceder a tu cuenta con correo electr\u00f3nico y contrase\u00f1a, o selecciona Google en la misma pantalla. Tu panel de control re\u00fane todas las herramientas clave: pagos, bonos, progreso de fidelidad y l\u00edmites. Es posible que se requiera verificaci\u00f3n (KYC) antes de realizar retiros.","breadcrumb":{"@id":"https:\/\/goldzinocasino.org\/es\/login-and-registration\/#breadcrumb"},"inLanguage":"es-ES","potentialAction":[{"@type":"ReadAction","target":["https:\/\/goldzinocasino.org\/es\/login-and-registration\/"]}]},{"@type":"BreadcrumbList","@id":"https:\/\/goldzinocasino.org\/es\/login-and-registration\/#breadcrumb","itemListElement":[{"@type":"ListItem","position":1,"name":"GoldZino","item":"https:\/\/goldzinocasino.org\/es\/"},{"@type":"ListItem","position":2,"name":"Inicio de sesi\u00f3n y registro"}]},{"@type":"WebSite","@id":"https:\/\/goldzinocasino.org\/es\/#website","url":"https:\/\/goldzinocasino.org\/es\/","name":"GoldZino","description":"","publisher":{"@id":"https:\/\/goldzinocasino.org\/es\/#organization"},"potentialAction":[{"@type":"SearchAction","target":{"@type":"EntryPoint","urlTemplate":"https:\/\/goldzinocasino.org\/es\/?s={search_term_string}"},"query-input":{"@type":"PropertyValueSpecification","valueRequired":true,"valueName":"search_term_string"}}],"inLanguage":"es-ES"},{"@type":"Organization","@id":"https:\/\/goldzinocasino.org\/es\/#organization","name":"GoldZino","url":"https:\/\/goldzinocasino.org\/es\/","logo":{"@type":"ImageObject","inLanguage":"es-ES","@id":"https:\/\/goldzinocasino.org\/es\/#\/schema\/logo\/image\/","url":"https:\/\/goldzinocasino.org\/wp-content\/uploads\/2025\/08\/80u1FaquEZeR6OUTeJCc.png","contentUrl":"https:\/\/goldzinocasino.org\/wp-content\/uploads\/2025\/08\/80u1FaquEZeR6OUTeJCc.png","width":209,"height":46,"caption":"GoldZino"},"image":{"@id":"https:\/\/goldzinocasino.org\/es\/#\/schema\/logo\/image\/"}}]}},"_links":{"self":[{"href":"https:\/\/goldzinocasino.org\/es\/wp-json\/wp\/v2\/pages\/1490","targetHints":{"allow":["GET"]}}],"collection":[{"href":"https:\/\/goldzinocasino.org\/es\/wp-json\/wp\/v2\/pages"}],"about":[{"href":"https:\/\/goldzinocasino.org\/es\/wp-json\/wp\/v2\/types\/page"}],"author":[{"embeddable":true,"href":"https:\/\/goldzinocasino.org\/es\/wp-json\/wp\/v2\/users\/1"}],"replies":[{"embeddable":true,"href":"https:\/\/goldzinocasino.org\/es\/wp-json\/wp\/v2\/comments?post=1490"}],"version-history":[{"count":2,"href":"https:\/\/goldzinocasino.org\/es\/wp-json\/wp\/v2\/pages\/1490\/revisions"}],"predecessor-version":[{"id":2166,"href":"https:\/\/goldzinocasino.org\/es\/wp-json\/wp\/v2\/pages\/1490\/revisions\/2166"}],"wp:attachment":[{"href":"https:\/\/goldzinocasino.org\/es\/wp-json\/wp\/v2\/media?parent=1490"}],"curies":[{"name":"wp","href":"https:\/\/api.w.org\/{rel}","templated":true}]}}