{"id":1415,"date":"2025-11-03T12:05:29","date_gmt":"2025-11-03T12:05:29","guid":{"rendered":"https:\/\/goldzinocasino.org\/app\/"},"modified":"2026-03-17T09:41:11","modified_gmt":"2026-03-17T09:41:11","slug":"app","status":"publish","type":"page","link":"https:\/\/goldzinocasino.org\/fr\/app\/","title":{"rendered":"App"},"content":{"rendered":"<h1>Application Goldzino<\/h1>\n<p>Jouez \u00e0 plus de 6 000 jeux, dont des machines \u00e0 sous en ligne, des jeux de table et des titres avec croupier en direct sur iOS et Android pour une exp\u00e9rience de casino haut de gamme \u00e0 tout moment avec la Goldzino app. Nous avons cr\u00e9\u00e9 notre plateforme mobile afin d&rsquo;offrir les m\u00eames fonctionnalit\u00e9s que celles disponibles sur la version bureau, afin que vous puissiez profiter des meilleurs jeux en ligne, o\u00f9 que vous soyez.<\/p>\n<div class=\"banner-wrap\" aria-label=\"Banner\"><img src=\"https:\/\/goldzinocasino.org\/wp-content\/uploads\/2025\/10\/Goldzino-Banner-Desktop.webp\" class=\"w-100 d-none d-lg-block img-pc main-banner-img\" alt=\"goldzino bonus desktop\" fetchpriority=\"high\" decoding=\"async\"><img src=\"https:\/\/goldzinocasino.org\/wp-content\/uploads\/2025\/10\/Gold-zino-Mobile-Banner.webp\" class=\"w-100 d-none d-md-block d-lg-none main-banner-img\" alt=\"goldzino bonus mobile\" fetchpriority=\"high\" decoding=\"async\"><img src=\"https:\/\/goldzinocasino.org\/wp-content\/uploads\/2025\/10\/Gold-zino-Mobile-Banner.webp\" class=\"w-100 d-md-none\" alt=\"goldzino bonus mobile\" fetchpriority=\"high\" decoding=\"async\"><div class=\"banner-description\">\n<div class=\"banner-title\">Bonus de Bienvenue<\/div>\n<p class=\"banner-header-title\">1500 \u20ac<\/p>\n<div class=\"banner-header-AdditionalText\">+ 250 Tours Gratuits<\/div>\n<button data-item=\"homepage_banner_link\" class=\"goto m-button m-gradient-border m-button--primary m-button--large banner-button btn-orange\">\n            <div class=\"m-button-content\">\n                <span>Inscrivez-vous d\u00e8s maintenant<\/span>\n                <span><\/span>\n            <\/div>\n        <\/button>\n<\/div>\n<div class=\"WelcomePack\">\n<p><img loading=\"lazy\" decoding=\"async\" class=\"alignnone size-full wp-image-1376\" src=\"https:\/\/goldzinocasino.org\/wp-content\/uploads\/2025\/10\/welcome-crown.svg\" alt=\"crown\" width=\"25\" height=\"26\" \/><\/p>\n<div class=\"WelcomePack-Info\">Cashback hebdomadaire jusqu&rsquo;\u00e0 25 %<\/div>\n<p><img loading=\"lazy\" decoding=\"async\" class=\"alignnone size-full wp-image-1376\" src=\"https:\/\/goldzinocasino.org\/wp-content\/uploads\/2025\/10\/welcome-crown.svg\" alt=\"crown\" width=\"25\" height=\"26\" \/><\/p>\n<\/div>\n<\/div>\n<h2>Application Goldzino Casino<\/h2>\n<p>\u00c9tant donn\u00e9 que la plupart des gens dans le monde utilisent leur t\u00e9l\u00e9phone portable pour tout, il n&rsquo;est pas surprenant que de nombreux joueurs souhaitent \u00e9galement jouer \u00e0 des jeux de casino en ligne sur leurs appareils mobiles. Notre application de casino est con\u00e7ue pour les joueurs qui exigent de la flexibilit\u00e9 et une bonne exp\u00e9rience de jeu lors de leurs d\u00e9placements. Contrairement \u00e0 un PC, notre application mobile vous offre la libert\u00e9 de jouer n&rsquo;importe o\u00f9 et n&rsquo;importe quand, sans compromis. Nos applications Android et iOS pr\u00e9sentent un design intuitif qui rend la navigation naturelle. Notre application mobile vous donne acc\u00e8s \u00e0 :<\/p>\n<ul>\n<li>Plus de 6 000 machines \u00e0 sous, jackpots, jeux de cartes et de table, et casino en direct<\/li>\n<li>Plusieurs options de paiement, des portefeuilles \u00e9lectroniques et cartes de d\u00e9bit aux transactions cryptographiques<\/li>\n<li>Assistance client\u00e8le 24 h\/24, 7 j\/7 pour vous aider par e-mail ou chat en direct<\/li>\n<li>Profitez de bonus de bienvenue, d&rsquo;offres de cashback et de bonus de recharge avec des tours gratuits.<\/li>\n<li>Notifications push pour les nouvelles promotions et les nouveaux jeux.<\/li>\n<\/ul>\n<p><div class=\"scrollable-content-wrap my-5\"><div class=\"scrollable-content-inner\"><h2>Application Goldzino pour Android<\/h2>\n<p>Notre application PWA pour Android offre aux nouveaux joueurs et aux joueurs r\u00e9guliers un moyen simple de profiter de leurs jeux pr\u00e9f\u00e9r\u00e9s o\u00f9 qu&rsquo;ils soient. Nous avons optimis\u00e9 notre application pour qu&rsquo;elle fonctionne parfaitement sur la plupart des smartphones et tablettes Android \u00e9quip\u00e9s d&rsquo;Android 8.0 ou d&rsquo;une version ult\u00e9rieure. Elle propose le m\u00eame processus de v\u00e9rification que notre version pour ordinateur, ainsi que l&rsquo;acc\u00e8s aux d\u00e9p\u00f4ts, aux retraits et aux meilleurs jeux de casino en ligne.<\/p>\n<p>Les utilisateurs Android peuvent profiter des jeux mobiles gr\u00e2ce \u00e0 notre application web progressive (PWA) t\u00e9l\u00e9chargeable depuis notre site web. Aucun fichier Goldzino APK n&rsquo;est n\u00e9cessaire. L&rsquo;utilisateur n&rsquo;a qu&rsquo;\u00e0 ouvrir la section application casino et suivre les instructions d&rsquo;installation. M\u00eame si notre casino mobile n&rsquo;est pas t\u00e9l\u00e9charg\u00e9 directement depuis le Google Play Store, il prend tout de m\u00eame en charge les d\u00e9p\u00f4ts et les retraits, les chats en direct, les machines \u00e0 sous optimis\u00e9es pour les mobiles, les tables et les titres avec croupiers en direct.<\/p>\n<p>Comment installer :<\/p>\n<ol>\n<li>Cliquez sur la section \u00ab Application Casino \u00bb en bas de la page d&rsquo;accueil.<\/li>\n<li>Appuyez sur \u00ab Installer \u00bb pour lancer le t\u00e9l\u00e9chargement de l&rsquo;application Goldzino.<\/li>\n<li>Installez l&rsquo;application mobile. Confirmez votre s\u00e9lection.<\/li>\n<\/ol>\n<p><img loading=\"lazy\" decoding=\"async\" class=\"alignnone size-full wp-image-1416\" src=\"https:\/\/goldzinocasino.org\/wp-content\/uploads\/2025\/11\/Gold-Zino-Android-Application.webp\" alt=\"Gold-Zino Android\" width=\"1248\" height=\"536\" srcset=\"https:\/\/goldzinocasino.org\/wp-content\/uploads\/2025\/11\/Gold-Zino-Android-Application.webp 1248w, https:\/\/goldzinocasino.org\/wp-content\/uploads\/2025\/11\/Gold-Zino-Android-Application-300x129.webp 300w, https:\/\/goldzinocasino.org\/wp-content\/uploads\/2025\/11\/Gold-Zino-Android-Application-1024x440.webp 1024w, https:\/\/goldzinocasino.org\/wp-content\/uploads\/2025\/11\/Gold-Zino-Android-Application-768x330.webp 768w\" sizes=\"auto, (max-width: 1248px) 100vw, 1248px\" \/><\/p>\n<\/div><\/div><div style=\"clear: both\"><\/div><div class=\"d-flex justify-content-center\"><button data-item=\"decouvrez_link\" data-group=\"website_links\" class=\"goto fw-bold rounded-pill btn btn-orange\" aria-label=\"T\u00e9l\u00e9chargez l\u2019appli Goldzino\" >T\u00e9l\u00e9chargez l\u2019appli Goldzino<\/button><\/div><div class=\"scrollable-content-wrap my-5\"><div class=\"scrollable-content-inner\"><h2>Application Goldzino pour iOS<\/h2>\n<p>Les utilisateurs iOS peuvent profiter de notre exp\u00e9rience mobile gr\u00e2ce \u00e0 une application web progressive, ce qui signifie qu&rsquo;elle fonctionne via votre navigateur mobile et peut \u00eatre t\u00e9l\u00e9charg\u00e9e depuis notre site web officiel. Suivez ces \u00e9tapes simples pour ajouter l&rsquo;application Gold Zino \u00e0 l&rsquo;\u00e9cran d&rsquo;accueil de votre iPad ou iPhone :<\/p>\n<ol>\n<li>Une fois sur la page d&rsquo;accueil mobile de Gold Zino, cliquez sur la section \u00ab Casino app \u00bb (application casino) en bas de la page.<\/li>\n<li>Lorsque vous y \u00eates invit\u00e9, appuyez sur \u00ab Installer \u00bb et le t\u00e9l\u00e9chargement de l&rsquo;application commencera.<\/li>\n<li>L&rsquo;ic\u00f4ne Gold Zino appara\u00eetra sur votre \u00e9cran d&rsquo;accueil. Appuyez dessus pour lancer l&rsquo;application.<\/li>\n<\/ol>\n<p>Une fois install\u00e9e, l&rsquo;application PWA Goldzino fonctionne comme une application native, vous permettant d&rsquo;acc\u00e9der \u00e0 vos jeux de casino en ligne pr\u00e9f\u00e9r\u00e9s, d&rsquo;effectuer des d\u00e9p\u00f4ts et des retraits rapides et de b\u00e9n\u00e9ficier d&rsquo;une assistance par chat en direct directement depuis votre navigateur.<\/p>\n<p><img loading=\"lazy\" decoding=\"async\" class=\"alignnone size-full wp-image-1996\" src=\"https:\/\/goldzinocasino.org\/wp-content\/uploads\/2025\/11\/Gold-Zino-iOS-Application-fr.webp\" alt=\"Gold Zino iOS Application\" width=\"1248\" height=\"536\" srcset=\"https:\/\/goldzinocasino.org\/wp-content\/uploads\/2025\/11\/Gold-Zino-iOS-Application-fr.webp 1248w, https:\/\/goldzinocasino.org\/wp-content\/uploads\/2025\/11\/Gold-Zino-iOS-Application-fr-300x129.webp 300w, https:\/\/goldzinocasino.org\/wp-content\/uploads\/2025\/11\/Gold-Zino-iOS-Application-fr-1024x440.webp 1024w, https:\/\/goldzinocasino.org\/wp-content\/uploads\/2025\/11\/Gold-Zino-iOS-Application-fr-768x330.webp 768w\" sizes=\"auto, (max-width: 1248px) 100vw, 1248px\" \/><\/p>\n<\/div><\/div><div style=\"clear: both\"><\/div><div class=\"d-flex justify-content-center\"><button data-item=\"decouvrez_link\" data-group=\"website_links\" class=\"goto fw-bold rounded-pill btn btn-orange\" aria-label=\"T\u00e9l\u00e9chargez l\u2019appli Goldzino\" >T\u00e9l\u00e9chargez l\u2019appli Goldzino<\/button><\/div><div class=\"scrollable-content-wrap my-5\"><div class=\"scrollable-content-inner\"><h2>Application de bureau Goldzino Casino \u2013 Windows\/macOS<\/h2>\n<p>Les joueurs peuvent facilement acc\u00e9der \u00e0 notre plateforme de casino en ligne via leur navigateur de bureau, aussi bien sous Windows que sous macOS. Le site officiel de Gold Zino fonctionne sur les navigateurs courants tels que Google Chrome, Mozilla Firefox et Safari. Toutes les fonctionnalit\u00e9s, y compris le gameplay, la gestion des comptes et le service client, sont enti\u00e8rement accessibles via le navigateur. Les joueurs peuvent \u00e9galement t\u00e9l\u00e9charger notre application PWA pour Windows et macOS directement depuis notre site web afin d&rsquo;acc\u00e9der plus rapidement \u00e0 leurs jeux de casino en ligne pr\u00e9f\u00e9r\u00e9s.<\/p>\n<p><img loading=\"lazy\" decoding=\"async\" class=\"alignnone size-full wp-image-1638\" src=\"https:\/\/goldzinocasino.org\/wp-content\/uploads\/2025\/11\/Gold-Zino-Website.webp\" alt=\"Gold-Zino PC\" width=\"1248\" height=\"536\" srcset=\"https:\/\/goldzinocasino.org\/wp-content\/uploads\/2025\/11\/Gold-Zino-Website.webp 1248w, https:\/\/goldzinocasino.org\/wp-content\/uploads\/2025\/11\/Gold-Zino-Website-300x129.webp 300w, https:\/\/goldzinocasino.org\/wp-content\/uploads\/2025\/11\/Gold-Zino-Website-1024x440.webp 1024w, https:\/\/goldzinocasino.org\/wp-content\/uploads\/2025\/11\/Gold-Zino-Website-768x330.webp 768w\" sizes=\"auto, (max-width: 1248px) 100vw, 1248px\" \/><\/p>\n<\/div><\/div><div style=\"clear: both\"><\/div><div class=\"d-flex justify-content-center\"><button data-item=\"decouvrez_link\" data-group=\"website_links\" class=\"goto fw-bold rounded-pill btn btn-orange\" aria-label=\"T\u00e9l\u00e9chargez l\u2019appli Goldzino\" >T\u00e9l\u00e9chargez l\u2019appli Goldzino<\/button><\/div><div class=\"scrollable-content-wrap my-5\"><div class=\"scrollable-content-inner\"><h2>Foire aux questions<\/h2>\n<h3>Puis-je b\u00e9n\u00e9ficier d&rsquo;une assistance client\u00e8le dans l&rsquo;application Goldzino Casino ?<\/h3>\n<p>Oui, c&rsquo;est possible. Notre \u00e9quipe d&rsquo;assistance client\u00e8le est disponible 24 h\/24 et 7 j\/7 directement via l&rsquo;application et sur notre site Web officiel. Vous pouvez nous contacter par chat en direct ou par e-mail pour toute question concernant les d\u00e9p\u00f4ts, la v\u00e9rification, les retraits, la cr\u00e9ation de compte ou les promotions.<\/p>\n<h3>Tous les jeux sont-ils disponibles dans l&rsquo;application ?<\/h3>\n<p>Plus de 6 000 machines \u00e0 sous, tables et jeux avec croupier en direct sont disponibles sur notre casino mobile. Que vous utilisiez iOS, Android, Windows ou macOS, vous b\u00e9n\u00e9ficiez des meilleurs jeux de casino en ligne fournis par les meilleurs fournisseurs de logiciels tels que Pragmatic Play, Evolution, Playson, BGaming, Spinomenal et bien d&rsquo;autres.<\/p>\n<h3>Comment cr\u00e9er un compte pour utiliser l&rsquo;application Goldzino ?<\/h3>\n<p>La cr\u00e9ation d&rsquo;un compte est un processus rapide avec l&rsquo;application Gold Zino. Apr\u00e8s avoir lanc\u00e9 notre casino mobile, s\u00e9lectionnez \u00ab S&rsquo;inscrire \u00bb, entrez votre adresse e-mail, cr\u00e9ez un mot de passe s\u00e9curis\u00e9 et entrez un code promotionnel si vous en avez un. Finalisez la configuration de votre compte en acceptant nos conditions g\u00e9n\u00e9rales et en confirmant votre inscription.<\/p>\n<h3>Comment mettre \u00e0 jour l&rsquo;application Goldzino Casino ?<\/h3>\n<p>Notre application mobile est mise \u00e0 jour automatiquement, car nous publions r\u00e9guli\u00e8rement des mises \u00e0 jour pour introduire de nouvelles fonctionnalit\u00e9s, promotions et jeux de casino. Une fois l&rsquo;application install\u00e9e sur votre t\u00e9l\u00e9phone via APK, vous serez redirig\u00e9 vers notre site officiel pour t\u00e9l\u00e9charger le dernier fichier APK Gold Zino. Si vous utilisez l&rsquo;application PWA, vous n&rsquo;avez rien \u00e0 faire, car chaque mise \u00e0 jour est effectu\u00e9e en temps r\u00e9el sans avoir \u00e0 t\u00e9l\u00e9charger quoi que ce soit.<\/p>\n<h3>L&rsquo;application Goldzino est-elle s\u00fbre \u00e0 utiliser ?<\/h3>\n<p>Oui, notre application utilise le cryptage SSL et des serveurs s\u00e9curis\u00e9s pour prot\u00e9ger les donn\u00e9es et les transactions des joueurs. Nos syst\u00e8mes sont conformes aux politiques strictes de la r\u00e9glementation Anjouan eGaming afin de garantir la confidentialit\u00e9, l&rsquo;\u00e9quit\u00e9 et la responsabilit\u00e9 des jeux.<\/p>\n<\/div><\/div><\/p>\n","protected":false},"excerpt":{"rendered":"<p>Application Goldzino Jouez \u00e0 plus de 6 000 jeux, dont des machines \u00e0 sous en ligne, des jeux de table et des titres avec croupier en direct sur iOS et Android pour une exp\u00e9rience de casino haut de gamme \u00e0 tout moment avec la Goldzino app. Nous avons cr\u00e9\u00e9 notre plateforme mobile afin d&rsquo;offrir les [&hellip;]<\/p>\n","protected":false},"author":1,"featured_media":0,"parent":0,"menu_order":0,"comment_status":"closed","ping_status":"closed","template":"template-builder.php","meta":{"_acf_changed":false,"inline_featured_image":false,"footnotes":""},"class_list":["post-1415","page","type-page","status-publish","hentry"],"acf":[],"yoast_head":"<!-- This site is optimized with the Yoast SEO plugin v27.3 - https:\/\/yoast.com\/product\/yoast-seo-wordpress\/ -->\n<title>Goldzino App : PWA iOS et Android, installation en une minute<\/title>\n<meta name=\"description\" content=\"Goldzino app est une application web progressive (PWA) pour iOS, Android, Windows et macOS. Ajoutez-la depuis Chrome ou Safari \u00e0 votre \u00e9cran d&#039;accueil ou \u00e0 votre bureau et acc\u00e9dez au lobby en un clic. Aucun fichier APK n&#039;est requis, et les mises \u00e0 jour sont automatiques via notre site web officiel.\" \/>\n<meta name=\"robots\" content=\"index, follow, max-snippet:-1, max-image-preview:large, max-video-preview:-1\" \/>\n<link rel=\"canonical\" href=\"https:\/\/goldzinocasino.org\/fr\/app\/\" \/>\n<meta property=\"og:locale\" content=\"fr_FR\" \/>\n<meta property=\"og:type\" content=\"article\" \/>\n<meta property=\"og:title\" content=\"Goldzino App : PWA iOS et Android, installation en une minute\" \/>\n<meta property=\"og:description\" content=\"Goldzino app est une application web progressive (PWA) pour iOS, Android, Windows et macOS. Ajoutez-la depuis Chrome ou Safari \u00e0 votre \u00e9cran d&#039;accueil ou \u00e0 votre bureau et acc\u00e9dez au lobby en un clic. Aucun fichier APK n&#039;est requis, et les mises \u00e0 jour sont automatiques via notre site web officiel.\" \/>\n<meta property=\"og:url\" content=\"https:\/\/goldzinocasino.org\/fr\/app\/\" \/>\n<meta property=\"og:site_name\" content=\"goldzino\" \/>\n<meta property=\"article:modified_time\" content=\"2026-03-17T09:41:11+00:00\" \/>\n<meta name=\"twitter:card\" content=\"summary_large_image\" \/>\n<meta name=\"twitter:label1\" content=\"Dur\u00e9e de lecture estim\u00e9e\" \/>\n\t<meta name=\"twitter:data1\" content=\"2 minutes\" \/>\n<script type=\"application\/ld+json\" class=\"yoast-schema-graph\">{\"@context\":\"https:\\\/\\\/schema.org\",\"@graph\":[{\"@type\":\"WebPage\",\"@id\":\"https:\\\/\\\/goldzinocasino.org\\\/fr\\\/app\\\/\",\"url\":\"https:\\\/\\\/goldzinocasino.org\\\/fr\\\/app\\\/\",\"name\":\"Goldzino App : PWA iOS et Android, installation en une minute\",\"isPartOf\":{\"@id\":\"https:\\\/\\\/goldzinocasino.org\\\/fr\\\/#website\"},\"datePublished\":\"2025-11-03T12:05:29+00:00\",\"dateModified\":\"2026-03-17T09:41:11+00:00\",\"description\":\"Goldzino app est une application web progressive (PWA) pour iOS, Android, Windows et macOS. Ajoutez-la depuis Chrome ou Safari \u00e0 votre \u00e9cran d'accueil ou \u00e0 votre bureau et acc\u00e9dez au lobby en un clic. Aucun fichier APK n'est requis, et les mises \u00e0 jour sont automatiques via notre site web officiel.\",\"breadcrumb\":{\"@id\":\"https:\\\/\\\/goldzinocasino.org\\\/fr\\\/app\\\/#breadcrumb\"},\"inLanguage\":\"fr-FR\",\"potentialAction\":[{\"@type\":\"ReadAction\",\"target\":[\"https:\\\/\\\/goldzinocasino.org\\\/fr\\\/app\\\/\"]}]},{\"@type\":\"BreadcrumbList\",\"@id\":\"https:\\\/\\\/goldzinocasino.org\\\/fr\\\/app\\\/#breadcrumb\",\"itemListElement\":[{\"@type\":\"ListItem\",\"position\":1,\"name\":\"GoldZino\",\"item\":\"https:\\\/\\\/goldzinocasino.org\\\/fr\\\/\"},{\"@type\":\"ListItem\",\"position\":2,\"name\":\"App\"}]},{\"@type\":\"WebSite\",\"@id\":\"https:\\\/\\\/goldzinocasino.org\\\/fr\\\/#website\",\"url\":\"https:\\\/\\\/goldzinocasino.org\\\/fr\\\/\",\"name\":\"GoldZino\",\"description\":\"\",\"publisher\":{\"@id\":\"https:\\\/\\\/goldzinocasino.org\\\/fr\\\/#organization\"},\"potentialAction\":[{\"@type\":\"SearchAction\",\"target\":{\"@type\":\"EntryPoint\",\"urlTemplate\":\"https:\\\/\\\/goldzinocasino.org\\\/fr\\\/?s={search_term_string}\"},\"query-input\":{\"@type\":\"PropertyValueSpecification\",\"valueRequired\":true,\"valueName\":\"search_term_string\"}}],\"inLanguage\":\"fr-FR\"},{\"@type\":\"Organization\",\"@id\":\"https:\\\/\\\/goldzinocasino.org\\\/fr\\\/#organization\",\"name\":\"GoldZino\",\"url\":\"https:\\\/\\\/goldzinocasino.org\\\/fr\\\/\",\"logo\":{\"@type\":\"ImageObject\",\"inLanguage\":\"fr-FR\",\"@id\":\"https:\\\/\\\/goldzinocasino.org\\\/fr\\\/#\\\/schema\\\/logo\\\/image\\\/\",\"url\":\"https:\\\/\\\/goldzinocasino.org\\\/wp-content\\\/uploads\\\/2025\\\/08\\\/80u1FaquEZeR6OUTeJCc.png\",\"contentUrl\":\"https:\\\/\\\/goldzinocasino.org\\\/wp-content\\\/uploads\\\/2025\\\/08\\\/80u1FaquEZeR6OUTeJCc.png\",\"width\":209,\"height\":46,\"caption\":\"GoldZino\"},\"image\":{\"@id\":\"https:\\\/\\\/goldzinocasino.org\\\/fr\\\/#\\\/schema\\\/logo\\\/image\\\/\"}}]}<\/script>\n<!-- \/ Yoast SEO plugin. -->","yoast_head_json":{"title":"Goldzino App : PWA iOS et Android, installation en une minute","description":"Goldzino app est une application web progressive (PWA) pour iOS, Android, Windows et macOS. Ajoutez-la depuis Chrome ou Safari \u00e0 votre \u00e9cran d'accueil ou \u00e0 votre bureau et acc\u00e9dez au lobby en un clic. Aucun fichier APK n'est requis, et les mises \u00e0 jour sont automatiques via notre site web officiel.","robots":{"index":"index","follow":"follow","max-snippet":"max-snippet:-1","max-image-preview":"max-image-preview:large","max-video-preview":"max-video-preview:-1"},"canonical":"https:\/\/goldzinocasino.org\/fr\/app\/","og_locale":"fr_FR","og_type":"article","og_title":"Goldzino App : PWA iOS et Android, installation en une minute","og_description":"Goldzino app est une application web progressive (PWA) pour iOS, Android, Windows et macOS. Ajoutez-la depuis Chrome ou Safari \u00e0 votre \u00e9cran d'accueil ou \u00e0 votre bureau et acc\u00e9dez au lobby en un clic. Aucun fichier APK n'est requis, et les mises \u00e0 jour sont automatiques via notre site web officiel.","og_url":"https:\/\/goldzinocasino.org\/fr\/app\/","og_site_name":"goldzino","article_modified_time":"2026-03-17T09:41:11+00:00","twitter_card":"summary_large_image","twitter_misc":{"Dur\u00e9e de lecture estim\u00e9e":"2 minutes"},"schema":{"@context":"https:\/\/schema.org","@graph":[{"@type":"WebPage","@id":"https:\/\/goldzinocasino.org\/fr\/app\/","url":"https:\/\/goldzinocasino.org\/fr\/app\/","name":"Goldzino App : PWA iOS et Android, installation en une minute","isPartOf":{"@id":"https:\/\/goldzinocasino.org\/fr\/#website"},"datePublished":"2025-11-03T12:05:29+00:00","dateModified":"2026-03-17T09:41:11+00:00","description":"Goldzino app est une application web progressive (PWA) pour iOS, Android, Windows et macOS. Ajoutez-la depuis Chrome ou Safari \u00e0 votre \u00e9cran d'accueil ou \u00e0 votre bureau et acc\u00e9dez au lobby en un clic. Aucun fichier APK n'est requis, et les mises \u00e0 jour sont automatiques via notre site web officiel.","breadcrumb":{"@id":"https:\/\/goldzinocasino.org\/fr\/app\/#breadcrumb"},"inLanguage":"fr-FR","potentialAction":[{"@type":"ReadAction","target":["https:\/\/goldzinocasino.org\/fr\/app\/"]}]},{"@type":"BreadcrumbList","@id":"https:\/\/goldzinocasino.org\/fr\/app\/#breadcrumb","itemListElement":[{"@type":"ListItem","position":1,"name":"GoldZino","item":"https:\/\/goldzinocasino.org\/fr\/"},{"@type":"ListItem","position":2,"name":"App"}]},{"@type":"WebSite","@id":"https:\/\/goldzinocasino.org\/fr\/#website","url":"https:\/\/goldzinocasino.org\/fr\/","name":"GoldZino","description":"","publisher":{"@id":"https:\/\/goldzinocasino.org\/fr\/#organization"},"potentialAction":[{"@type":"SearchAction","target":{"@type":"EntryPoint","urlTemplate":"https:\/\/goldzinocasino.org\/fr\/?s={search_term_string}"},"query-input":{"@type":"PropertyValueSpecification","valueRequired":true,"valueName":"search_term_string"}}],"inLanguage":"fr-FR"},{"@type":"Organization","@id":"https:\/\/goldzinocasino.org\/fr\/#organization","name":"GoldZino","url":"https:\/\/goldzinocasino.org\/fr\/","logo":{"@type":"ImageObject","inLanguage":"fr-FR","@id":"https:\/\/goldzinocasino.org\/fr\/#\/schema\/logo\/image\/","url":"https:\/\/goldzinocasino.org\/wp-content\/uploads\/2025\/08\/80u1FaquEZeR6OUTeJCc.png","contentUrl":"https:\/\/goldzinocasino.org\/wp-content\/uploads\/2025\/08\/80u1FaquEZeR6OUTeJCc.png","width":209,"height":46,"caption":"GoldZino"},"image":{"@id":"https:\/\/goldzinocasino.org\/fr\/#\/schema\/logo\/image\/"}}]}},"_links":{"self":[{"href":"https:\/\/goldzinocasino.org\/fr\/wp-json\/wp\/v2\/pages\/1415","targetHints":{"allow":["GET"]}}],"collection":[{"href":"https:\/\/goldzinocasino.org\/fr\/wp-json\/wp\/v2\/pages"}],"about":[{"href":"https:\/\/goldzinocasino.org\/fr\/wp-json\/wp\/v2\/types\/page"}],"author":[{"embeddable":true,"href":"https:\/\/goldzinocasino.org\/fr\/wp-json\/wp\/v2\/users\/1"}],"replies":[{"embeddable":true,"href":"https:\/\/goldzinocasino.org\/fr\/wp-json\/wp\/v2\/comments?post=1415"}],"version-history":[{"count":8,"href":"https:\/\/goldzinocasino.org\/fr\/wp-json\/wp\/v2\/pages\/1415\/revisions"}],"predecessor-version":[{"id":2320,"href":"https:\/\/goldzinocasino.org\/fr\/wp-json\/wp\/v2\/pages\/1415\/revisions\/2320"}],"wp:attachment":[{"href":"https:\/\/goldzinocasino.org\/fr\/wp-json\/wp\/v2\/media?parent=1415"}],"curies":[{"name":"wp","href":"https:\/\/api.w.org\/{rel}","templated":true}]}}