{"id":1484,"date":"2025-11-03T12:09:39","date_gmt":"2025-11-03T12:09:39","guid":{"rendered":"https:\/\/goldzinocasino.org\/login-and-registration\/"},"modified":"2026-03-17T09:17:46","modified_gmt":"2026-03-17T09:17:46","slug":"login-and-registration","status":"publish","type":"page","link":"https:\/\/goldzinocasino.org\/fr\/login-and-registration\/","title":{"rendered":"Connexion et Inscription"},"content":{"rendered":"<h1>Connexion \u00e0 Goldzino et cr\u00e9ation d&rsquo;un compte<\/h1>\n<p>Chez Goldzino Casino, nous offrons une exp\u00e9rience de casino en ligne s\u00fbre et enrichissante. Pour acc\u00e9der \u00e0 l&rsquo;ensemble de nos services, il vous suffit de vous inscrire en effectuant une simple Goldzino login. Nous avons veill\u00e9 \u00e0 ce que notre processus d&rsquo;inscription soit rapide et puisse \u00eatre effectu\u00e9 en quelques clics.<\/p>\n<p><div class=\"banner-wrap\" aria-label=\"Banner\"><img src=\"https:\/\/goldzinocasino.org\/wp-content\/uploads\/2025\/10\/Goldzino-Banner-Desktop.webp\" class=\"w-100 d-none d-lg-block img-pc main-banner-img\" alt=\"goldzino bonus desktop\" fetchpriority=\"high\" decoding=\"async\"><img src=\"https:\/\/goldzinocasino.org\/wp-content\/uploads\/2025\/10\/Gold-zino-Mobile-Banner.webp\" class=\"w-100 d-none d-md-block d-lg-none main-banner-img\" alt=\"goldzino bonus mobile\" fetchpriority=\"high\" decoding=\"async\"><img src=\"https:\/\/goldzinocasino.org\/wp-content\/uploads\/2025\/10\/Gold-zino-Mobile-Banner.webp\" class=\"w-100 d-md-none\" alt=\"goldzino bonus mobile\" fetchpriority=\"high\" decoding=\"async\"><div class=\"banner-description\">\n<div class=\"banner-title\">Bonus de Bienvenue<\/div>\n<p class=\"banner-header-title\">1500 \u20ac<\/p>\n<div class=\"banner-header-AdditionalText\">+ 250 Tours Gratuits<\/div>\n<button data-item=\"homepage_banner_link\" class=\"goto m-button m-gradient-border m-button--primary m-button--large banner-button btn-orange\">\n            <div class=\"m-button-content\">\n                <span>Inscrivez-vous d\u00e8s maintenant<\/span>\n                <span><\/span>\n            <\/div>\n        <\/button>\n<\/div>\n<div class=\"WelcomePack\">\n<p><img loading=\"lazy\" decoding=\"async\" class=\"alignnone size-full wp-image-1376\" src=\"https:\/\/goldzinocasino.org\/wp-content\/uploads\/2025\/10\/welcome-crown.svg\" alt=\"crown\" width=\"25\" height=\"26\" \/><\/p>\n<div class=\"WelcomePack-Info\">Cashback hebdomadaire jusqu&rsquo;\u00e0 25 %<\/div>\n<p><img loading=\"lazy\" decoding=\"async\" class=\"alignnone size-full wp-image-1376\" src=\"https:\/\/goldzinocasino.org\/wp-content\/uploads\/2025\/10\/welcome-crown.svg\" alt=\"crown\" width=\"25\" height=\"26\" \/><\/p>\n<\/div>\n<\/div><div class=\"scrollable-content-wrap my-5\"><div class=\"scrollable-content-inner\"><h2>Comment cr\u00e9er un compte<\/h2>\n<p>En cr\u00e9ant un compte sur Gold Zino, vous aurez acc\u00e8s \u00e0 plus de 6 000 jeux de casino, dont des machines \u00e0 sous, des jeux de table et des jeux avec croupier en direct. Les nouveaux joueurs peuvent b\u00e9n\u00e9ficier de notre offre de bienvenue qui leur permet de gagner jusqu&rsquo;\u00e0 1 000 \u20ac + 100 tours gratuits. Les joueurs existants peuvent b\u00e9n\u00e9ficier d&rsquo;un bonus hebdomadaire pouvant atteindre 25 %. Votre compte vous permet de g\u00e9rer vos d\u00e9p\u00f4ts et retraits, de suivre vos bonus, de g\u00e9rer vos r\u00e9compenses de fid\u00e9lit\u00e9 et de d\u00e9finir des limites de jeu.<\/p>\n<p>Chez Goldzino Casino, nous proposons un casino en ligne s\u00e9curis\u00e9 et gratifiant. Pour acc\u00e9der \u00e0 l&rsquo;ensemble de nos services, il suffit de cr\u00e9er rapidement un compte, puis de vous connecter simplement \u00e0 Goldzino. Nous avons con\u00e7u notre processus d&rsquo;inscription pour qu&rsquo;il soit rapide et facile \u00e0 suivre pour les nouveaux joueurs. Suivez ces \u00e9tapes pour cr\u00e9er votre nouveau compte chez Goldzino :<\/p>\n<ol>\n<li>Rendez-vous sur le site officiel du casino Goldzino et cliquez sur \u00ab S&rsquo;inscrire \u00bb dans le coin sup\u00e9rieur droit.<\/li>\n<li>Entrez votre adresse e-mail et choisissez un mot de passe.<\/li>\n<li>Indiquez un code promotionnel si vous en avez un.<\/li>\n<li>Acceptez les conditions g\u00e9n\u00e9rales et confirmez que vous avez l&rsquo;\u00e2ge l\u00e9gal.<\/li>\n<li>Apr\u00e8s avoir soumis vos informations, vous recevrez un e-mail de v\u00e9rification pour terminer le processus d&rsquo;inscription.<\/li>\n<\/ol>\n<p>Pour cr\u00e9er un compte plus rapidement, les nouveaux utilisateurs peuvent s&rsquo;inscrire en quelques clics en connectant leur compte Google \u00e0 notre casino. Une fois le compte approuv\u00e9, vous aurez pleinement acc\u00e8s aux d\u00e9p\u00f4ts et aux jeux. Les retraits seront effectu\u00e9s apr\u00e8s la fin du processus de v\u00e9rification d\u00e9crit ci-dessous.<\/p>\n<h2>\u00c9tapes de connexion \u00e0 Goldzino<\/h2>\n<p>Il est tr\u00e8s important que vous puissiez acc\u00e9der rapidement \u00e0 votre compte ; c&rsquo;est pourquoi nous avons simplifi\u00e9 le processus de connexion \u00e0 Goldzino. Suivez ces \u00e9tapes :<\/p>\n<ol>\n<li>Cliquez sur \u00ab Se connecter \u00bb dans le coin sup\u00e9rieur droit de la page d&rsquo;accueil Goldzino.<\/li>\n<li>Entrez votre adresse e-mail et votre mot de passe enregistr\u00e9s.<\/li>\n<\/ol>\n<p>Une fois connect\u00e9, vous pouvez acc\u00e9der au tableau de bord de votre compte, o\u00f9 vous pouvez :<\/p>\n<ul>\n<li>Consultez votre solde, l&rsquo;historique de vos transactions et le statut de vos bonus.<\/li>\n<li>Rendez-vous dans la section paiement pour d\u00e9poser et retirer des fonds.<\/li>\n<li>Mettez \u00e0 jour les informations de votre profil, g\u00e9rez votre mot de passe ou d\u00e9finissez des limites de d\u00e9p\u00f4t.<\/li>\n<li>Contactez notre \u00e9quipe d&rsquo;assistance via le chat en direct pour obtenir de l&rsquo;aide \u00e0 tout moment.<\/li>\n<\/ul>\n<h3>Mot de passe oubli\u00e9 ?<\/h3>\n<p>Si vous ne pouvez pas acc\u00e9der \u00e0 votre compte parce que vous avez oubli\u00e9 votre mot de passe, suivez ces \u00e9tapes pour r\u00e9cup\u00e9rer votre compte :<\/p>\n<ol>\n<li>Sur la page Connexion Goldzino, s\u00e9lectionnez \u00ab Mot de passe oubli\u00e9 ? \u00bb.<\/li>\n<li>Entrez l&rsquo;adresse e-mail associ\u00e9e \u00e0 votre compte Goldzino Casino.<\/li>\n<li>Cliquez sur \u00ab R\u00e9initialiser le mot de passe \u00bb.<\/li>\n<li>Nous vous enverrons un lien pour r\u00e9initialiser votre mot de passe \u00e0 l&rsquo;adresse e-mail.<\/li>\n<li>Cliquez sur le lien et d\u00e9finissez un mot de passe.<\/li>\n<\/ol>\n<h2>Casino Goldzino V\u00e9rification<\/h2>\n<p>Nous nous engageons \u00e0 promouvoir le jeu responsable, c&rsquo;est pourquoi nous accordons la priorit\u00e9 \u00e0 la s\u00e9curit\u00e9 et \u00e0 la s\u00fbret\u00e9 de nos clients. Afin de nous conformer \u00e0 la r\u00e9glementation d&rsquo;Anjouan en mati\u00e8re de jeux d&rsquo;argent en ligne, nous avons mis en place un processus obligatoire de v\u00e9rification des comptes. Dans le cadre de nos contr\u00f4les \u00ab Know Your Customer \u00bb (KYC), vous devez fournir \u00e0 notre \u00e9quipe des copies de certains documents afin de confirmer votre identit\u00e9. Pour effectuer des retraits et acc\u00e9der \u00e0 toutes les fonctionnalit\u00e9s de votre compte, vous devez fournir les documents suivants :<\/p>\n<table>\n<tbody>\n<tr>\n<td>Documents<\/td>\n<td>Objet de la soumission<\/td>\n<td>Documents requis<\/td>\n<\/tr>\n<tr>\n<td>Preuve d&rsquo;identit\u00e9<\/td>\n<td>Pour confirmer le nom l\u00e9gal et la date de naissance du joueur.<\/td>\n<td>Une pi\u00e8ce d&rsquo;identit\u00e9 valide avec photo d\u00e9livr\u00e9e par le gouvernement (passeport, permis de conduire ou carte d&rsquo;identit\u00e9 nationale).<\/td>\n<\/tr>\n<tr>\n<td>Justificatif de domicile<\/td>\n<td>Pour v\u00e9rifier l&rsquo;adresse r\u00e9sidentielle actuelle du joueur.<\/td>\n<td>Une facture de services publics ou un relev\u00e9 bancaire (\u00e9mis au cours des trois derniers mois) indiquant le nom et l&rsquo;adresse du joueur.<\/td>\n<\/tr>\n<tr>\n<td>Preuve de paiement<\/td>\n<td>Pour v\u00e9rifier la propri\u00e9t\u00e9 de la m\u00e9thode de d\u00e9p\u00f4t utilis\u00e9e.<\/td>\n<td>Pour v\u00e9rifier votre carte, vous devez indiquer les six premiers et les quatre derniers chiffres, votre nom et la date d&rsquo;expiration.<\/p>\n<p>Pour v\u00e9rifier les portefeuilles \u00e9lectroniques, prenez une capture d&rsquo;\u00e9cran montrant votre adresse e-mail, votre num\u00e9ro de compte\/identifiant et votre nom.<\/td>\n<\/tr>\n<\/tbody>\n<\/table>\n<p>Une fois vos documents envoy\u00e9s, notre \u00e9quipe d\u00e9di\u00e9e proc\u00e8de \u00e0 un examen approfondi. Nous vous informerons par e-mail d\u00e8s que le processus de v\u00e9rification sera termin\u00e9.<\/p>\n<h2>Foire aux questions<\/h2>\n<h3>Puis-je me connecter \u00e0 mon compte Goldzino depuis plusieurs appareils en m\u00eame temps ?<\/h3>\n<p>Pour des raisons de s\u00e9curit\u00e9, votre compte est limit\u00e9 \u00e0 une seule session active \u00e0 la fois. Si vous vous connectez sur un deuxi\u00e8me appareil, la premi\u00e8re session sera automatiquement interrompue.<\/p>\n<h3>Que dois-je faire si mon compte est bloqu\u00e9 ?<\/h3>\n<p>Si votre compte Goldzino Casino appara\u00eet comme bloqu\u00e9, il s&rsquo;agit g\u00e9n\u00e9ralement d&rsquo;une mesure prise pour prot\u00e9ger votre s\u00e9curit\u00e9, par exemple en raison de plusieurs tentatives de connexion infructueuses. Vous devez imm\u00e9diatement contacter notre \u00e9quipe d&rsquo;assistance multilingue via le chat en direct ou par e-mail. Notre repr\u00e9sentant vous aidera \u00e0 retrouver l&rsquo;acc\u00e8s \u00e0 votre compte Gold Zino.<\/p>\n<h3>Comment puis-je fermer ou suspendre temporairement mon compte ?<\/h3>\n<p>Nous soutenons pleinement le jeu responsable. Si vous souhaitez fermer d\u00e9finitivement votre compte ou appliquer une p\u00e9riode d&rsquo;auto-exclusion temporaire, vous pouvez le faire facilement. Veuillez contacter directement notre \u00e9quipe d&rsquo;assistance.<\/p>\n<h3>Comment puis-je g\u00e9rer les param\u00e8tres de mon compte ?<\/h3>\n<p>Les joueurs peuvent g\u00e9rer leurs param\u00e8tres depuis le tableau de bord de leur compte. \u00c0 partir de l\u00e0, vous pouvez mettre \u00e0 jour vos coordonn\u00e9es, modifier votre mot de passe et d\u00e9finir des limites de d\u00e9p\u00f4t ou de perte.<\/p>\n<\/div><\/div><\/p>\n","protected":false},"excerpt":{"rendered":"<p>Connexion \u00e0 Goldzino et cr\u00e9ation d&rsquo;un compte Chez Goldzino Casino, nous offrons une exp\u00e9rience de casino en ligne s\u00fbre et enrichissante. Pour acc\u00e9der \u00e0 l&rsquo;ensemble de nos services, il vous suffit de vous inscrire en effectuant une simple Goldzino login. Nous avons veill\u00e9 \u00e0 ce que notre processus d&rsquo;inscription soit rapide et puisse \u00eatre effectu\u00e9 [&hellip;]<\/p>\n","protected":false},"author":1,"featured_media":0,"parent":0,"menu_order":0,"comment_status":"closed","ping_status":"closed","template":"template-builder.php","meta":{"_acf_changed":false,"inline_featured_image":false,"footnotes":""},"class_list":["post-1484","page","type-page","status-publish","hentry"],"acf":[],"yoast_head":"<!-- This site is optimized with the Yoast SEO plugin v27.3 - https:\/\/yoast.com\/product\/yoast-seo-wordpress\/ -->\n<title>Goldzino Login : Acc\u00e8s au compte, 2FA, r\u00e9initialisation du mot de passe<\/title>\n<meta name=\"description\" content=\"Utilisez Goldzino Login pour acc\u00e9der \u00e0 votre compte avec votre adresse e-mail et votre mot de passe, ou choisissez Google sur la m\u00eame page. Votre tableau de bord regroupe tous les outils essentiels : paiements, bonus, progression de votre programme de fid\u00e9lit\u00e9 et limites.\" \/>\n<meta name=\"robots\" content=\"index, follow, max-snippet:-1, max-image-preview:large, max-video-preview:-1\" \/>\n<link rel=\"canonical\" href=\"https:\/\/goldzinocasino.org\/fr\/login-and-registration\/\" \/>\n<meta property=\"og:locale\" content=\"fr_FR\" \/>\n<meta property=\"og:type\" content=\"article\" \/>\n<meta property=\"og:title\" content=\"Goldzino Login : Acc\u00e8s au compte, 2FA, r\u00e9initialisation du mot de passe\" \/>\n<meta property=\"og:description\" content=\"Utilisez Goldzino Login pour acc\u00e9der \u00e0 votre compte avec votre adresse e-mail et votre mot de passe, ou choisissez Google sur la m\u00eame page. Votre tableau de bord regroupe tous les outils essentiels : paiements, bonus, progression de votre programme de fid\u00e9lit\u00e9 et limites.\" \/>\n<meta property=\"og:url\" content=\"https:\/\/goldzinocasino.org\/fr\/login-and-registration\/\" \/>\n<meta property=\"og:site_name\" content=\"goldzino\" \/>\n<meta property=\"article:modified_time\" content=\"2026-03-17T09:17:46+00:00\" \/>\n<meta name=\"twitter:card\" content=\"summary_large_image\" \/>\n<meta name=\"twitter:label1\" content=\"Dur\u00e9e de lecture estim\u00e9e\" \/>\n\t<meta name=\"twitter:data1\" content=\"1 minute\" \/>\n<script type=\"application\/ld+json\" class=\"yoast-schema-graph\">{\"@context\":\"https:\\\/\\\/schema.org\",\"@graph\":[{\"@type\":\"WebPage\",\"@id\":\"https:\\\/\\\/goldzinocasino.org\\\/fr\\\/login-and-registration\\\/\",\"url\":\"https:\\\/\\\/goldzinocasino.org\\\/fr\\\/login-and-registration\\\/\",\"name\":\"Goldzino Login : Acc\u00e8s au compte, 2FA, r\u00e9initialisation du mot de passe\",\"isPartOf\":{\"@id\":\"https:\\\/\\\/goldzinocasino.org\\\/fr\\\/#website\"},\"datePublished\":\"2025-11-03T12:09:39+00:00\",\"dateModified\":\"2026-03-17T09:17:46+00:00\",\"description\":\"Utilisez Goldzino Login pour acc\u00e9der \u00e0 votre compte avec votre adresse e-mail et votre mot de passe, ou choisissez Google sur la m\u00eame page. Votre tableau de bord regroupe tous les outils essentiels : paiements, bonus, progression de votre programme de fid\u00e9lit\u00e9 et limites.\",\"breadcrumb\":{\"@id\":\"https:\\\/\\\/goldzinocasino.org\\\/fr\\\/login-and-registration\\\/#breadcrumb\"},\"inLanguage\":\"fr-FR\",\"potentialAction\":[{\"@type\":\"ReadAction\",\"target\":[\"https:\\\/\\\/goldzinocasino.org\\\/fr\\\/login-and-registration\\\/\"]}]},{\"@type\":\"BreadcrumbList\",\"@id\":\"https:\\\/\\\/goldzinocasino.org\\\/fr\\\/login-and-registration\\\/#breadcrumb\",\"itemListElement\":[{\"@type\":\"ListItem\",\"position\":1,\"name\":\"GoldZino\",\"item\":\"https:\\\/\\\/goldzinocasino.org\\\/fr\\\/\"},{\"@type\":\"ListItem\",\"position\":2,\"name\":\"Connexion et Inscription\"}]},{\"@type\":\"WebSite\",\"@id\":\"https:\\\/\\\/goldzinocasino.org\\\/fr\\\/#website\",\"url\":\"https:\\\/\\\/goldzinocasino.org\\\/fr\\\/\",\"name\":\"GoldZino\",\"description\":\"\",\"publisher\":{\"@id\":\"https:\\\/\\\/goldzinocasino.org\\\/fr\\\/#organization\"},\"potentialAction\":[{\"@type\":\"SearchAction\",\"target\":{\"@type\":\"EntryPoint\",\"urlTemplate\":\"https:\\\/\\\/goldzinocasino.org\\\/fr\\\/?s={search_term_string}\"},\"query-input\":{\"@type\":\"PropertyValueSpecification\",\"valueRequired\":true,\"valueName\":\"search_term_string\"}}],\"inLanguage\":\"fr-FR\"},{\"@type\":\"Organization\",\"@id\":\"https:\\\/\\\/goldzinocasino.org\\\/fr\\\/#organization\",\"name\":\"GoldZino\",\"url\":\"https:\\\/\\\/goldzinocasino.org\\\/fr\\\/\",\"logo\":{\"@type\":\"ImageObject\",\"inLanguage\":\"fr-FR\",\"@id\":\"https:\\\/\\\/goldzinocasino.org\\\/fr\\\/#\\\/schema\\\/logo\\\/image\\\/\",\"url\":\"https:\\\/\\\/goldzinocasino.org\\\/wp-content\\\/uploads\\\/2025\\\/08\\\/80u1FaquEZeR6OUTeJCc.png\",\"contentUrl\":\"https:\\\/\\\/goldzinocasino.org\\\/wp-content\\\/uploads\\\/2025\\\/08\\\/80u1FaquEZeR6OUTeJCc.png\",\"width\":209,\"height\":46,\"caption\":\"GoldZino\"},\"image\":{\"@id\":\"https:\\\/\\\/goldzinocasino.org\\\/fr\\\/#\\\/schema\\\/logo\\\/image\\\/\"}}]}<\/script>\n<!-- \/ Yoast SEO plugin. -->","yoast_head_json":{"title":"Goldzino Login : Acc\u00e8s au compte, 2FA, r\u00e9initialisation du mot de passe","description":"Utilisez Goldzino Login pour acc\u00e9der \u00e0 votre compte avec votre adresse e-mail et votre mot de passe, ou choisissez Google sur la m\u00eame page. Votre tableau de bord regroupe tous les outils essentiels : paiements, bonus, progression de votre programme de fid\u00e9lit\u00e9 et limites.","robots":{"index":"index","follow":"follow","max-snippet":"max-snippet:-1","max-image-preview":"max-image-preview:large","max-video-preview":"max-video-preview:-1"},"canonical":"https:\/\/goldzinocasino.org\/fr\/login-and-registration\/","og_locale":"fr_FR","og_type":"article","og_title":"Goldzino Login : Acc\u00e8s au compte, 2FA, r\u00e9initialisation du mot de passe","og_description":"Utilisez Goldzino Login pour acc\u00e9der \u00e0 votre compte avec votre adresse e-mail et votre mot de passe, ou choisissez Google sur la m\u00eame page. Votre tableau de bord regroupe tous les outils essentiels : paiements, bonus, progression de votre programme de fid\u00e9lit\u00e9 et limites.","og_url":"https:\/\/goldzinocasino.org\/fr\/login-and-registration\/","og_site_name":"goldzino","article_modified_time":"2026-03-17T09:17:46+00:00","twitter_card":"summary_large_image","twitter_misc":{"Dur\u00e9e de lecture estim\u00e9e":"1 minute"},"schema":{"@context":"https:\/\/schema.org","@graph":[{"@type":"WebPage","@id":"https:\/\/goldzinocasino.org\/fr\/login-and-registration\/","url":"https:\/\/goldzinocasino.org\/fr\/login-and-registration\/","name":"Goldzino Login : Acc\u00e8s au compte, 2FA, r\u00e9initialisation du mot de passe","isPartOf":{"@id":"https:\/\/goldzinocasino.org\/fr\/#website"},"datePublished":"2025-11-03T12:09:39+00:00","dateModified":"2026-03-17T09:17:46+00:00","description":"Utilisez Goldzino Login pour acc\u00e9der \u00e0 votre compte avec votre adresse e-mail et votre mot de passe, ou choisissez Google sur la m\u00eame page. Votre tableau de bord regroupe tous les outils essentiels : paiements, bonus, progression de votre programme de fid\u00e9lit\u00e9 et limites.","breadcrumb":{"@id":"https:\/\/goldzinocasino.org\/fr\/login-and-registration\/#breadcrumb"},"inLanguage":"fr-FR","potentialAction":[{"@type":"ReadAction","target":["https:\/\/goldzinocasino.org\/fr\/login-and-registration\/"]}]},{"@type":"BreadcrumbList","@id":"https:\/\/goldzinocasino.org\/fr\/login-and-registration\/#breadcrumb","itemListElement":[{"@type":"ListItem","position":1,"name":"GoldZino","item":"https:\/\/goldzinocasino.org\/fr\/"},{"@type":"ListItem","position":2,"name":"Connexion et Inscription"}]},{"@type":"WebSite","@id":"https:\/\/goldzinocasino.org\/fr\/#website","url":"https:\/\/goldzinocasino.org\/fr\/","name":"GoldZino","description":"","publisher":{"@id":"https:\/\/goldzinocasino.org\/fr\/#organization"},"potentialAction":[{"@type":"SearchAction","target":{"@type":"EntryPoint","urlTemplate":"https:\/\/goldzinocasino.org\/fr\/?s={search_term_string}"},"query-input":{"@type":"PropertyValueSpecification","valueRequired":true,"valueName":"search_term_string"}}],"inLanguage":"fr-FR"},{"@type":"Organization","@id":"https:\/\/goldzinocasino.org\/fr\/#organization","name":"GoldZino","url":"https:\/\/goldzinocasino.org\/fr\/","logo":{"@type":"ImageObject","inLanguage":"fr-FR","@id":"https:\/\/goldzinocasino.org\/fr\/#\/schema\/logo\/image\/","url":"https:\/\/goldzinocasino.org\/wp-content\/uploads\/2025\/08\/80u1FaquEZeR6OUTeJCc.png","contentUrl":"https:\/\/goldzinocasino.org\/wp-content\/uploads\/2025\/08\/80u1FaquEZeR6OUTeJCc.png","width":209,"height":46,"caption":"GoldZino"},"image":{"@id":"https:\/\/goldzinocasino.org\/fr\/#\/schema\/logo\/image\/"}}]}},"_links":{"self":[{"href":"https:\/\/goldzinocasino.org\/fr\/wp-json\/wp\/v2\/pages\/1484","targetHints":{"allow":["GET"]}}],"collection":[{"href":"https:\/\/goldzinocasino.org\/fr\/wp-json\/wp\/v2\/pages"}],"about":[{"href":"https:\/\/goldzinocasino.org\/fr\/wp-json\/wp\/v2\/types\/page"}],"author":[{"embeddable":true,"href":"https:\/\/goldzinocasino.org\/fr\/wp-json\/wp\/v2\/users\/1"}],"replies":[{"embeddable":true,"href":"https:\/\/goldzinocasino.org\/fr\/wp-json\/wp\/v2\/comments?post=1484"}],"version-history":[{"count":4,"href":"https:\/\/goldzinocasino.org\/fr\/wp-json\/wp\/v2\/pages\/1484\/revisions"}],"predecessor-version":[{"id":2302,"href":"https:\/\/goldzinocasino.org\/fr\/wp-json\/wp\/v2\/pages\/1484\/revisions\/2302"}],"wp:attachment":[{"href":"https:\/\/goldzinocasino.org\/fr\/wp-json\/wp\/v2\/media?parent=1484"}],"curies":[{"name":"wp","href":"https:\/\/api.w.org\/{rel}","templated":true}]}}