{"id":1421,"date":"2025-11-03T12:05:29","date_gmt":"2025-11-03T12:05:29","guid":{"rendered":"https:\/\/goldzinocasino.org\/app\/"},"modified":"2026-03-17T09:50:45","modified_gmt":"2026-03-17T09:50:45","slug":"app","status":"publish","type":"page","link":"https:\/\/goldzinocasino.org\/it\/app\/","title":{"rendered":"App"},"content":{"rendered":"<h1>App Goldzino<\/h1>\n<p>Gioca a oltre 6.000 giochi, tra cui slot online, giochi da tavolo e titoli con croupier dal vivo su iOS e Android per un&#8217;esperienza di casin\u00f2 premium in qualsiasi momento con la Goldzino app. Abbiamo creato la nostra piattaforma mobile per offrire le stesse funzionalit\u00e0 disponibili nella versione desktop, in modo che tu possa goderti i migliori giochi online, ovunque ti porti la vita.<\/p>\n<div class=\"banner-wrap\" aria-label=\"Banner\"><img src=\"https:\/\/goldzinocasino.org\/wp-content\/uploads\/2025\/10\/Goldzino-Banner-Desktop.webp\" class=\"w-100 d-none d-lg-block img-pc main-banner-img\" alt=\"goldzino bonus desktop\" fetchpriority=\"high\" decoding=\"async\"><img src=\"https:\/\/goldzinocasino.org\/wp-content\/uploads\/2025\/10\/Gold-zino-Mobile-Banner.webp\" class=\"w-100 d-none d-md-block d-lg-none main-banner-img\" alt=\"goldzino bonus mobile\" fetchpriority=\"high\" decoding=\"async\"><img src=\"https:\/\/goldzinocasino.org\/wp-content\/uploads\/2025\/10\/Gold-zino-Mobile-Banner.webp\" class=\"w-100 d-md-none\" alt=\"goldzino bonus mobile\" fetchpriority=\"high\" decoding=\"async\"><div class=\"banner-description\">\n<div class=\"banner-title\">Bonus di Benvenuto<\/div>\n<p class=\"banner-header-title\">1500 \u20ac<\/p>\n<div class=\"banner-header-AdditionalText\">+ 250 Giri Gratuiti<\/div>\n<button data-item=\"homepage_banner_link\" class=\"goto m-button m-gradient-border m-button--primary m-button--large banner-button btn-orange\">\n            <div class=\"m-button-content\">\n                <span>Iscriviti ora<\/span>\n                <span><\/span>\n            <\/div>\n        <\/button>\n<\/div>\n<div class=\"WelcomePack\">\n<p><img loading=\"lazy\" decoding=\"async\" class=\"alignnone size-full wp-image-1376\" src=\"https:\/\/goldzinocasino.org\/wp-content\/uploads\/2025\/10\/welcome-crown.svg\" alt=\"crown\" width=\"25\" height=\"26\" \/><\/p>\n<div class=\"WelcomePack-Info\">Cashback settimanale fino al 25%<\/div>\n<p><img loading=\"lazy\" decoding=\"async\" class=\"alignnone size-full wp-image-1376\" src=\"https:\/\/goldzinocasino.org\/wp-content\/uploads\/2025\/10\/welcome-crown.svg\" alt=\"crown\" width=\"25\" height=\"26\" \/><\/p>\n<\/div>\n<\/div>\n<h2>Goldzino Casino App<\/h2>\n<p>Dato che la maggior parte delle persone in tutto il mondo utilizza il cellulare per qualsiasi cosa, non sorprende che molti giocatori italiani desiderino giocare ai giochi da casin\u00f2 online anche sui propri dispositivi portatili. La nostra app di casin\u00f2 \u00e8 stata progettata per i giocatori che richiedono flessibilit\u00e0 e una buona esperienza di gioco in movimento. A differenza dei PC, la nostra app mobile ti offre la libert\u00e0 di giocare ovunque e in qualsiasi momento senza compromessi. Le nostre app per Android e iOS presentano un design intuitivo che rende la navigazione naturale. La nostra app mobile ti d\u00e0 accesso a:<\/p>\n<ul>\n<li>Oltre 6.000 slot machine, jackpot, giochi di carte e da tavolo e casin\u00f2 dal vivo<\/li>\n<li>Molteplici opzioni di pagamento, dai portafogli elettronici alle carte di debito, fino alle transazioni in criptovaluta<\/li>\n<li>Assistenza clienti 24 ore su 24, 7 giorni su 7, tramite e-mail o live chat<\/li>\n<li>Approfitta dei bonus di benvenuto, delle offerte cashback e dei bonus di ricarica con giri gratuiti.<\/li>\n<li>Notifiche push per nuove promozioni e giochi.<\/li>\n<\/ul>\n<p><div class=\"scrollable-content-wrap my-5\"><div class=\"scrollable-content-inner\"><h2>App Goldzino per Android<\/h2>\n<p>La nostra app PWA per Android offre ai giocatori nuovi e abituali un modo semplice per divertirsi con i loro giochi preferiti ovunque si trovino. Abbiamo ottimizzato la nostra app per funzionare senza problemi sulla maggior parte degli smartphone e tablet Android con Android 8.0 o versioni successive. Presenta lo stesso processo di verifica della nostra versione desktop, oltre all&#8217;accesso a depositi, prelievi e ai migliori giochi da casin\u00f2 online.<\/p>\n<p>Gli utenti Android possono divertirsi con i giochi mobili grazie alla nostra applicazione web progressiva (PWA) scaricabile dal nostro sito web. Non \u00e8 necessario alcun file Goldzino APK. L&#8217;utente deve semplicemente aprire la sezione dell&#8217;app del casin\u00f2 e seguire le istruzioni di installazione. Anche se il nostro casin\u00f2 mobile non viene scaricato direttamente dal Google Play Store, include comunque il supporto completo per depositi e prelievi, chat live, slot ottimizzate per dispositivi mobili, tavoli e titoli con croupier dal vivo.<\/p>\n<p>Come installare:<\/p>\n<ol>\n<li>Clicca sulla sezione &#8220;App Casin\u00f2&#8221; nella parte inferiore della homepage.<\/li>\n<li>Tocca &#8220;Installa&#8221; per avviare il download dell&#8217;app Goldzino.<\/li>\n<li>Installa l&#8217;applicazione mobile. Conferma la selezione.<\/li>\n<\/ol>\n<p><img loading=\"lazy\" decoding=\"async\" class=\"alignnone size-full wp-image-1422\" src=\"https:\/\/goldzinocasino.org\/wp-content\/uploads\/2025\/11\/Gold-Zino-Android-Application.webp\" alt=\"Gold-Zino Android\" width=\"1248\" height=\"536\" srcset=\"https:\/\/goldzinocasino.org\/wp-content\/uploads\/2025\/11\/Gold-Zino-Android-Application.webp 1248w, https:\/\/goldzinocasino.org\/wp-content\/uploads\/2025\/11\/Gold-Zino-Android-Application-300x129.webp 300w, https:\/\/goldzinocasino.org\/wp-content\/uploads\/2025\/11\/Gold-Zino-Android-Application-1024x440.webp 1024w, https:\/\/goldzinocasino.org\/wp-content\/uploads\/2025\/11\/Gold-Zino-Android-Application-768x330.webp 768w\" sizes=\"auto, (max-width: 1248px) 100vw, 1248px\" \/><\/p>\n<\/div><\/div><div style=\"clear: both\"><\/div><div class=\"d-flex justify-content-center\"><button data-item=\"decouvrez_link\" data-group=\"website_links\" class=\"goto fw-bold rounded-pill btn btn-orange\" aria-label=\"Scarica l&#039;app Goldzino\" >Scarica l&#039;app Goldzino<\/button><\/div><div class=\"scrollable-content-wrap my-5\"><div class=\"scrollable-content-inner\"><h2>App Goldzino per iOS<\/h2>\n<p>Gli utenti iOS possono usufruire della nostra esperienza mobile tramite una Progressive Web App, che funziona tramite il browser del tuo dispositivo mobile e pu\u00f2 essere scaricata dal nostro sito web ufficiale. Segui questi semplici passaggi per aggiungere l&#8217;app Gold Zino alla schermata iniziale del tuo iPad o iPhone:<\/p>\n<ol>\n<li>Una volta che sei sulla homepage mobile di Gold Zino, clicca sulla sezione App Casin\u00f2 nella parte inferiore della pagina.<\/li>\n<li>Quando richiesto, tocca &#8220;Installa&#8221; e l&#8217;app inizier\u00e0 a scaricarsi.<\/li>\n<li>L&#8217;icona Gold Zino apparir\u00e0 sulla schermata iniziale. Toccala per avviare l&#8217;app.<\/li>\n<\/ol>\n<p>Una volta installata, la PWA Goldzino funziona proprio come un&#8217;app nativa, consentendo l&#8217;accesso ai tuoi giochi da casin\u00f2 online preferiti, depositi e prelievi rapidi e assistenza tramite chat live direttamente dal tuo browser.<\/p>\n<p><img loading=\"lazy\" decoding=\"async\" class=\"alignnone size-full wp-image-1966\" src=\"https:\/\/goldzinocasino.org\/wp-content\/uploads\/2025\/11\/Gold-Zino-iOS-Application-it.webp\" alt=\"Gold Zino iOS Application\" width=\"1248\" height=\"536\" srcset=\"https:\/\/goldzinocasino.org\/wp-content\/uploads\/2025\/11\/Gold-Zino-iOS-Application-it.webp 1248w, https:\/\/goldzinocasino.org\/wp-content\/uploads\/2025\/11\/Gold-Zino-iOS-Application-it-300x129.webp 300w, https:\/\/goldzinocasino.org\/wp-content\/uploads\/2025\/11\/Gold-Zino-iOS-Application-it-1024x440.webp 1024w, https:\/\/goldzinocasino.org\/wp-content\/uploads\/2025\/11\/Gold-Zino-iOS-Application-it-768x330.webp 768w\" sizes=\"auto, (max-width: 1248px) 100vw, 1248px\" \/><\/p>\n<\/div><\/div><div style=\"clear: both\"><\/div><div class=\"d-flex justify-content-center\"><button data-item=\"decouvrez_link\" data-group=\"website_links\" class=\"goto fw-bold rounded-pill btn btn-orange\" aria-label=\"Scarica l&#039;app Goldzino\" >Scarica l&#039;app Goldzino<\/button><\/div><div class=\"scrollable-content-wrap my-5\"><div class=\"scrollable-content-inner\"><h2>App desktop Goldzino Casino \u2013 Windows\/macOS<\/h2>\n<p>I giocatori possono accedere facilmente alla nostra piattaforma di casin\u00f2 online tramite il browser del proprio computer desktop sia su Windows che su macOS. Il sito web ufficiale di Gold Zino funziona sui browser pi\u00f9 diffusi come Google Chrome, Mozilla Firefox e Safari. Tutte le funzionalit\u00e0, tra cui il gameplay, la gestione dell&#8217;account e l&#8217;assistenza clienti, sono completamente accessibili tramite il browser. I giocatori possono anche scaricare la nostra app PWA per Windows e macOS direttamente dal nostro sito web per un accesso pi\u00f9 rapido ai loro giochi di casin\u00f2 online preferiti.<\/p>\n<p><img loading=\"lazy\" decoding=\"async\" class=\"alignnone size-full wp-image-1867\" src=\"https:\/\/goldzinocasino.org\/wp-content\/uploads\/2025\/11\/Gold-Zino-Website.webp\" alt=\"Gold-Zino PC\" width=\"1248\" height=\"536\" srcset=\"https:\/\/goldzinocasino.org\/wp-content\/uploads\/2025\/11\/Gold-Zino-Website.webp 1248w, https:\/\/goldzinocasino.org\/wp-content\/uploads\/2025\/11\/Gold-Zino-Website-300x129.webp 300w, https:\/\/goldzinocasino.org\/wp-content\/uploads\/2025\/11\/Gold-Zino-Website-1024x440.webp 1024w, https:\/\/goldzinocasino.org\/wp-content\/uploads\/2025\/11\/Gold-Zino-Website-768x330.webp 768w\" sizes=\"auto, (max-width: 1248px) 100vw, 1248px\" \/><\/p>\n<\/div><\/div><div style=\"clear: both\"><\/div><div class=\"d-flex justify-content-center\"><button data-item=\"decouvrez_link\" data-group=\"website_links\" class=\"goto fw-bold rounded-pill btn btn-orange\" aria-label=\"Scarica l&#039;app Goldzino\" >Scarica l&#039;app Goldzino<\/button><\/div><div class=\"scrollable-content-wrap my-5\"><div class=\"scrollable-content-inner\"><h2>Domande frequenti<\/h2>\n<h3>Posso ricevere assistenza clienti nell&#8217;app Goldzino Casino?<\/h3>\n<p>S\u00ec, \u00e8 possibile. Il nostro team di assistenza clienti \u00e8 disponibile 24 ore su 24, 7 giorni su 7, direttamente tramite l&#8217;app e sul nostro sito web ufficiale. \u00c8 possibile contattarci tramite live chat o e-mail per qualsiasi domanda relativa a depositi, verifiche, prelievi, creazione di account o promozioni.<\/p>\n<h3>Tutti i giochi sono disponibili nell&#8217;app?<\/h3>\n<p>Il nostro casin\u00f2 mobile offre oltre 6.000 slot, tavoli e giochi con croupier dal vivo. Non importa se utilizzi iOS, Android, Windows o macOS: potrai giocare ai migliori giochi da casin\u00f2 online forniti dai principali produttori di software come Pragmatic Play, Evolution, Playson, BGaming, Spinomenal e altri.<\/p>\n<h3>Come posso creare un account per utilizzare l&#8217;app Goldzino?<\/h3>\n<p>Creare un account \u00e8 un processo rapido con l&#8217;app Gold Zino. All&#8217;avvio del nostro casin\u00f2 mobile, seleziona &#8220;Registrati&#8221;, inserisci il tuo indirizzo e-mail, crea una password sicura e inserisci un codice promozionale, se ne possiedi uno. Completa la configurazione del tuo account accettando i nostri termini e condizioni e confermando la tua registrazione.<\/p>\n<h3>Come aggiornare l&#8217;app Goldzino Casino?<\/h3>\n<p>La nostra app mobile viene aggiornata automaticamente poich\u00e9 rilasciamo regolarmente aggiornamenti per introdurre nuove funzionalit\u00e0, promozioni e giochi da casin\u00f2. Una volta che l&#8217;app \u00e8 sul tuo telefono tramite APK, verrai indirizzato al nostro sito web ufficiale per scaricare l&#8217;ultimo file APK di Gold Zino. Se utilizzi l&#8217;app PWA, non devi fare nulla, poich\u00e9 ogni aggiornamento viene eseguito in tempo reale senza dover scaricare nulla.<\/p>\n<h3>L&#8217;app Goldzino \u00e8 sicura da usare?<\/h3>\n<p>S\u00ec, la nostra app utilizza la crittografia SSL e server sicuri per proteggere i dati dei giocatori e le transazioni. I nostri sistemi sono conformi alle rigide politiche della normativa Anjouan eGaming per garantire la privacy, il gioco equo e responsabile<span style=\"font-weight: 400\">. <\/span><\/p>\n<\/div><\/div><\/p>\n","protected":false},"excerpt":{"rendered":"<p>App Goldzino Gioca a oltre 6.000 giochi, tra cui slot online, giochi da tavolo e titoli con croupier dal vivo su iOS e Android per un&#8217;esperienza di casin\u00f2 premium in qualsiasi momento con la Goldzino app. Abbiamo creato la nostra piattaforma mobile per offrire le stesse funzionalit\u00e0 disponibili nella versione desktop, in modo che tu [&hellip;]<\/p>\n","protected":false},"author":1,"featured_media":0,"parent":0,"menu_order":0,"comment_status":"closed","ping_status":"closed","template":"template-builder.php","meta":{"_acf_changed":false,"inline_featured_image":false,"footnotes":""},"class_list":["post-1421","page","type-page","status-publish","hentry"],"acf":[],"yoast_head":"<!-- This site is optimized with the Yoast SEO plugin v27.3 - https:\/\/yoast.com\/product\/yoast-seo-wordpress\/ -->\n<title>Goldzino App: PWA per iOS e Android, installazione in un minuto<\/title>\n<meta name=\"description\" content=\"Goldzino app \u00e8 un&#039;app web progressiva (PWA) per iOS, Android, Windows e macOS. Aggiungila da Chrome o Safari alla schermata iniziale o al desktop e apri la lobby con un solo tocco. Non richiede file APK e gli aggiornamenti arrivano automaticamente tramite il nostro sito web ufficiale.\" \/>\n<meta name=\"robots\" content=\"index, follow, max-snippet:-1, max-image-preview:large, max-video-preview:-1\" \/>\n<link rel=\"canonical\" href=\"https:\/\/goldzinocasino.org\/it\/app\/\" \/>\n<meta property=\"og:locale\" content=\"it_IT\" \/>\n<meta property=\"og:type\" content=\"article\" \/>\n<meta property=\"og:title\" content=\"Goldzino App: PWA per iOS e Android, installazione in un minuto\" \/>\n<meta property=\"og:description\" content=\"Goldzino app \u00e8 un&#039;app web progressiva (PWA) per iOS, Android, Windows e macOS. Aggiungila da Chrome o Safari alla schermata iniziale o al desktop e apri la lobby con un solo tocco. Non richiede file APK e gli aggiornamenti arrivano automaticamente tramite il nostro sito web ufficiale.\" \/>\n<meta property=\"og:url\" content=\"https:\/\/goldzinocasino.org\/it\/app\/\" \/>\n<meta property=\"og:site_name\" content=\"goldzino\" \/>\n<meta property=\"article:modified_time\" content=\"2026-03-17T09:50:45+00:00\" \/>\n<meta name=\"twitter:card\" content=\"summary_large_image\" \/>\n<meta name=\"twitter:label1\" content=\"Est. reading time\" \/>\n\t<meta name=\"twitter:data1\" content=\"2 minutes\" \/>\n<script type=\"application\/ld+json\" class=\"yoast-schema-graph\">{\"@context\":\"https:\\\/\\\/schema.org\",\"@graph\":[{\"@type\":\"WebPage\",\"@id\":\"https:\\\/\\\/goldzinocasino.org\\\/it\\\/app\\\/\",\"url\":\"https:\\\/\\\/goldzinocasino.org\\\/it\\\/app\\\/\",\"name\":\"Goldzino App: PWA per iOS e Android, installazione in un minuto\",\"isPartOf\":{\"@id\":\"https:\\\/\\\/goldzinocasino.org\\\/it\\\/#website\"},\"datePublished\":\"2025-11-03T12:05:29+00:00\",\"dateModified\":\"2026-03-17T09:50:45+00:00\",\"description\":\"Goldzino app \u00e8 un'app web progressiva (PWA) per iOS, Android, Windows e macOS. Aggiungila da Chrome o Safari alla schermata iniziale o al desktop e apri la lobby con un solo tocco. Non richiede file APK e gli aggiornamenti arrivano automaticamente tramite il nostro sito web ufficiale.\",\"breadcrumb\":{\"@id\":\"https:\\\/\\\/goldzinocasino.org\\\/it\\\/app\\\/#breadcrumb\"},\"inLanguage\":\"it-IT\",\"potentialAction\":[{\"@type\":\"ReadAction\",\"target\":[\"https:\\\/\\\/goldzinocasino.org\\\/it\\\/app\\\/\"]}]},{\"@type\":\"BreadcrumbList\",\"@id\":\"https:\\\/\\\/goldzinocasino.org\\\/it\\\/app\\\/#breadcrumb\",\"itemListElement\":[{\"@type\":\"ListItem\",\"position\":1,\"name\":\"GoldZino\",\"item\":\"https:\\\/\\\/goldzinocasino.org\\\/it\\\/\"},{\"@type\":\"ListItem\",\"position\":2,\"name\":\"App\"}]},{\"@type\":\"WebSite\",\"@id\":\"https:\\\/\\\/goldzinocasino.org\\\/it\\\/#website\",\"url\":\"https:\\\/\\\/goldzinocasino.org\\\/it\\\/\",\"name\":\"GoldZino\",\"description\":\"\",\"publisher\":{\"@id\":\"https:\\\/\\\/goldzinocasino.org\\\/it\\\/#organization\"},\"potentialAction\":[{\"@type\":\"SearchAction\",\"target\":{\"@type\":\"EntryPoint\",\"urlTemplate\":\"https:\\\/\\\/goldzinocasino.org\\\/it\\\/?s={search_term_string}\"},\"query-input\":{\"@type\":\"PropertyValueSpecification\",\"valueRequired\":true,\"valueName\":\"search_term_string\"}}],\"inLanguage\":\"it-IT\"},{\"@type\":\"Organization\",\"@id\":\"https:\\\/\\\/goldzinocasino.org\\\/it\\\/#organization\",\"name\":\"GoldZino\",\"url\":\"https:\\\/\\\/goldzinocasino.org\\\/it\\\/\",\"logo\":{\"@type\":\"ImageObject\",\"inLanguage\":\"it-IT\",\"@id\":\"https:\\\/\\\/goldzinocasino.org\\\/it\\\/#\\\/schema\\\/logo\\\/image\\\/\",\"url\":\"https:\\\/\\\/goldzinocasino.org\\\/wp-content\\\/uploads\\\/2025\\\/08\\\/80u1FaquEZeR6OUTeJCc.png\",\"contentUrl\":\"https:\\\/\\\/goldzinocasino.org\\\/wp-content\\\/uploads\\\/2025\\\/08\\\/80u1FaquEZeR6OUTeJCc.png\",\"width\":209,\"height\":46,\"caption\":\"GoldZino\"},\"image\":{\"@id\":\"https:\\\/\\\/goldzinocasino.org\\\/it\\\/#\\\/schema\\\/logo\\\/image\\\/\"}}]}<\/script>\n<!-- \/ Yoast SEO plugin. -->","yoast_head_json":{"title":"Goldzino App: PWA per iOS e Android, installazione in un minuto","description":"Goldzino app \u00e8 un'app web progressiva (PWA) per iOS, Android, Windows e macOS. Aggiungila da Chrome o Safari alla schermata iniziale o al desktop e apri la lobby con un solo tocco. Non richiede file APK e gli aggiornamenti arrivano automaticamente tramite il nostro sito web ufficiale.","robots":{"index":"index","follow":"follow","max-snippet":"max-snippet:-1","max-image-preview":"max-image-preview:large","max-video-preview":"max-video-preview:-1"},"canonical":"https:\/\/goldzinocasino.org\/it\/app\/","og_locale":"it_IT","og_type":"article","og_title":"Goldzino App: PWA per iOS e Android, installazione in un minuto","og_description":"Goldzino app \u00e8 un'app web progressiva (PWA) per iOS, Android, Windows e macOS. Aggiungila da Chrome o Safari alla schermata iniziale o al desktop e apri la lobby con un solo tocco. Non richiede file APK e gli aggiornamenti arrivano automaticamente tramite il nostro sito web ufficiale.","og_url":"https:\/\/goldzinocasino.org\/it\/app\/","og_site_name":"goldzino","article_modified_time":"2026-03-17T09:50:45+00:00","twitter_card":"summary_large_image","twitter_misc":{"Est. reading time":"2 minutes"},"schema":{"@context":"https:\/\/schema.org","@graph":[{"@type":"WebPage","@id":"https:\/\/goldzinocasino.org\/it\/app\/","url":"https:\/\/goldzinocasino.org\/it\/app\/","name":"Goldzino App: PWA per iOS e Android, installazione in un minuto","isPartOf":{"@id":"https:\/\/goldzinocasino.org\/it\/#website"},"datePublished":"2025-11-03T12:05:29+00:00","dateModified":"2026-03-17T09:50:45+00:00","description":"Goldzino app \u00e8 un'app web progressiva (PWA) per iOS, Android, Windows e macOS. Aggiungila da Chrome o Safari alla schermata iniziale o al desktop e apri la lobby con un solo tocco. Non richiede file APK e gli aggiornamenti arrivano automaticamente tramite il nostro sito web ufficiale.","breadcrumb":{"@id":"https:\/\/goldzinocasino.org\/it\/app\/#breadcrumb"},"inLanguage":"it-IT","potentialAction":[{"@type":"ReadAction","target":["https:\/\/goldzinocasino.org\/it\/app\/"]}]},{"@type":"BreadcrumbList","@id":"https:\/\/goldzinocasino.org\/it\/app\/#breadcrumb","itemListElement":[{"@type":"ListItem","position":1,"name":"GoldZino","item":"https:\/\/goldzinocasino.org\/it\/"},{"@type":"ListItem","position":2,"name":"App"}]},{"@type":"WebSite","@id":"https:\/\/goldzinocasino.org\/it\/#website","url":"https:\/\/goldzinocasino.org\/it\/","name":"GoldZino","description":"","publisher":{"@id":"https:\/\/goldzinocasino.org\/it\/#organization"},"potentialAction":[{"@type":"SearchAction","target":{"@type":"EntryPoint","urlTemplate":"https:\/\/goldzinocasino.org\/it\/?s={search_term_string}"},"query-input":{"@type":"PropertyValueSpecification","valueRequired":true,"valueName":"search_term_string"}}],"inLanguage":"it-IT"},{"@type":"Organization","@id":"https:\/\/goldzinocasino.org\/it\/#organization","name":"GoldZino","url":"https:\/\/goldzinocasino.org\/it\/","logo":{"@type":"ImageObject","inLanguage":"it-IT","@id":"https:\/\/goldzinocasino.org\/it\/#\/schema\/logo\/image\/","url":"https:\/\/goldzinocasino.org\/wp-content\/uploads\/2025\/08\/80u1FaquEZeR6OUTeJCc.png","contentUrl":"https:\/\/goldzinocasino.org\/wp-content\/uploads\/2025\/08\/80u1FaquEZeR6OUTeJCc.png","width":209,"height":46,"caption":"GoldZino"},"image":{"@id":"https:\/\/goldzinocasino.org\/it\/#\/schema\/logo\/image\/"}}]}},"_links":{"self":[{"href":"https:\/\/goldzinocasino.org\/it\/wp-json\/wp\/v2\/pages\/1421","targetHints":{"allow":["GET"]}}],"collection":[{"href":"https:\/\/goldzinocasino.org\/it\/wp-json\/wp\/v2\/pages"}],"about":[{"href":"https:\/\/goldzinocasino.org\/it\/wp-json\/wp\/v2\/types\/page"}],"author":[{"embeddable":true,"href":"https:\/\/goldzinocasino.org\/it\/wp-json\/wp\/v2\/users\/1"}],"replies":[{"embeddable":true,"href":"https:\/\/goldzinocasino.org\/it\/wp-json\/wp\/v2\/comments?post=1421"}],"version-history":[{"count":5,"href":"https:\/\/goldzinocasino.org\/it\/wp-json\/wp\/v2\/pages\/1421\/revisions"}],"predecessor-version":[{"id":2324,"href":"https:\/\/goldzinocasino.org\/it\/wp-json\/wp\/v2\/pages\/1421\/revisions\/2324"}],"wp:attachment":[{"href":"https:\/\/goldzinocasino.org\/it\/wp-json\/wp\/v2\/media?parent=1421"}],"curies":[{"name":"wp","href":"https:\/\/api.w.org\/{rel}","templated":true}]}}