{"id":1483,"date":"2025-11-03T12:09:39","date_gmt":"2025-11-03T12:09:39","guid":{"rendered":"https:\/\/goldzinocasino.org\/login-and-registration\/"},"modified":"2026-03-17T09:16:14","modified_gmt":"2026-03-17T09:16:14","slug":"login-and-registration","status":"publish","type":"page","link":"https:\/\/goldzinocasino.org\/nl\/login-and-registration\/","title":{"rendered":"Inloggen en Registreren"},"content":{"rendered":"<h1>Goldzino Login en account aanmaken<\/h1>\n<p>Bij Goldzino Casino bieden we een veilige en lonende online casino-ervaring. Om toegang te krijgen tot onze volledige diensten, moet u zich registreren met een eenvoudige Goldzino login. We hebben ervoor gezorgd dat ons registratieproces snel verloopt en met een paar muisklikken kan worden voltooid.<\/p>\n<p><div class=\"banner-wrap\" aria-label=\"Banner\"><img src=\"https:\/\/goldzinocasino.org\/wp-content\/uploads\/2025\/10\/Goldzino-Banner-Desktop.webp\" class=\"w-100 d-none d-lg-block img-pc main-banner-img\" alt=\"goldzino bonus desktop\" fetchpriority=\"high\" decoding=\"async\"><img src=\"https:\/\/goldzinocasino.org\/wp-content\/uploads\/2025\/10\/Gold-zino-Mobile-Banner.webp\" class=\"w-100 d-none d-md-block d-lg-none main-banner-img\" alt=\"goldzino bonus mobile\" fetchpriority=\"high\" decoding=\"async\"><img src=\"https:\/\/goldzinocasino.org\/wp-content\/uploads\/2025\/10\/Gold-zino-Mobile-Banner.webp\" class=\"w-100 d-md-none\" alt=\"goldzino bonus mobile\" fetchpriority=\"high\" decoding=\"async\"><div class=\"banner-description\">\n<div class=\"banner-title\">Welkomstbonussen<\/div>\n<p class=\"banner-header-title\">1500 \u20ac<\/p>\n<div class=\"banner-header-AdditionalText\">+ 250 Gratis Spins<\/div>\n<button data-item=\"homepage_banner_link\" class=\"goto m-button m-gradient-border m-button--primary m-button--large banner-button btn-orange\">\n            <div class=\"m-button-content\">\n                <span>Nu aanmelden<\/span>\n                <span><\/span>\n            <\/div>\n        <\/button>\n<\/div>\n<div class=\"WelcomePack\">\n<p><img loading=\"lazy\" decoding=\"async\" class=\"alignnone size-full wp-image-1376\" src=\"https:\/\/goldzinocasino.org\/wp-content\/uploads\/2025\/10\/welcome-crown.svg\" alt=\"crown\" width=\"25\" height=\"26\" \/><\/p>\n<div class=\"WelcomePack-Info\">Wekelijkse Cashback tot 25%<\/div>\n<p><img loading=\"lazy\" decoding=\"async\" class=\"alignnone size-full wp-image-1376\" src=\"https:\/\/goldzinocasino.org\/wp-content\/uploads\/2025\/10\/welcome-crown.svg\" alt=\"crown\" width=\"25\" height=\"26\" \/><\/p>\n<\/div>\n<\/div><div class=\"scrollable-content-wrap my-5\"><div class=\"scrollable-content-inner\"><h2>Hoe een account registreren<\/h2>\n<p>Door een account aan te maken bij Gold Zino krijgt u volledige toegang tot onze meer dan 6.000 casinospellen, waaronder slots, tafelspellen en live dealer-titels. Nieuwe Nederlandse spelers kunnen ons welkomstpakket claimen dat tot \u20ac 1.500 + 250 gratis spins oplevert. Terugkerende spelers kunnen een wekelijkse cashbackbonus van maximaal 25% claimen. Uw account fungeert als een hub voor het beheren van uw stortingen en opnames, het bijhouden van uw bonussen, het beheren van loyaliteitsbeloningen en het instellen van goklimieten.<\/p>\n<p>Bij Goldzino Casino bieden we een veilig en lonend online casino. Om toegang te krijgen tot onze volledige diensten hoeft u alleen maar snel een account aan te maken en vervolgens eenvoudig in te loggen bij Goldzino. We hebben ons registratieproces zo ontworpen dat nieuwe spelers het snel en gemakkelijk kunnen doorlopen. Volg deze stappen om uw nieuwe account aan te maken bij Goldzino:<\/p>\n<ol>\n<li>Ga naar de offici\u00eble website van Goldzino Casino en klik rechtsboven op &#8216;Aanmelden&#8217;.<\/li>\n<li>Voer uw e-mailadres in en kies een wachtwoord.<\/li>\n<li>Geef een promotiecode op als je die hebt.<\/li>\n<li>Accepteer de algemene voorwaarden en bevestig dat u meerderjarig bent.<\/li>\n<li>Nadat u uw gegevens hebt ingediend, ontvangt u een verificatie-e-mail om het registratieproces te voltooien.<\/li>\n<\/ol>\n<p>Om sneller een account aan te maken, kunnen nieuwe gebruikers zich met een paar klikken aanmelden door hun Google-account te koppelen aan ons casino. Zodra het account is goedgekeurd, krijgt u volledige toegang om geld te storten en te spelen. Opnames worden pas verwerkt nadat het hieronder beschreven verificatieproces is voltooid.<\/p>\n<h2>Goldzino-inlogstappen<\/h2>\n<p>Snelle toegang tot uw account is erg belangrijk; daarom hebben we het Goldzino-inlogproces eenvoudig gemaakt. Volg deze stappen:<\/p>\n<ol>\n<li>Klik op &#8216;Inloggen&#8217; in de rechterbovenhoek van de startpagina van Goldzino.<\/li>\n<li>Voer uw geregistreerde e-mailadres en wachtwoord in.<\/li>\n<\/ol>\n<p>Na een succesvolle aanmelding krijgt u toegang tot het dashboard van uw account, waar u het volgende kunt doen:<\/p>\n<ul>\n<li>Bekijk uw saldo, transactiegeschiedenis en bonusstatus.<\/li>\n<li>Ga naar het gedeelte &#8216;Betalen&#8217; om geld te storten en op te nemen.<\/li>\n<li>Werk je profielgegevens bij, beheer je wachtwoord of stel stortingslimieten in.<\/li>\n<li>Neem op elk moment contact op met ons ondersteuningsteam via live chat voor hulp.<\/li>\n<\/ul>\n<h3>Wachtwoord vergeten?<\/h3>\n<p>Als u geen toegang hebt tot uw account omdat u uw wachtwoord bent vergeten, volg dan deze stappen om uw account terug te krijgen:<\/p>\n<ol>\n<li>Selecteer op de pagina Goldzino login de optie &#8216;Wachtwoord vergeten?&#8217;.<\/li>\n<li>Voer het e-mailadres in dat gekoppeld is aan uw Goldzino Casino-account.<\/li>\n<li>Klik op &#8216;Wachtwoord opnieuw instellen&#8217;.<\/li>\n<li>We sturen een link voor het opnieuw instellen van het wachtwoord naar het e-mailadres.<\/li>\n<li>Klik op de link en stel een wachtwoord in.<\/li>\n<\/ol>\n<h2>Goldzino Casino Verificatie<\/h2>\n<p>We zetten ons in voor verantwoord gokken en geven daarom prioriteit aan de veiligheid en beveiliging van onze klanten. Om ervoor te zorgen dat we voldoen aan de eGaming-voorschriften van Anjouan, hanteren we een verplicht accountverificatieproces. Voor onze Know Your Customer (KYC)-controles moet u kopie\u00ebn van bepaalde documenten aan ons team verstrekken om uw identiteit te bevestigen. Om opnames in te dienen en toegang te krijgen tot alle functies van uw account, moet u het volgende indienen:<\/p>\n<table>\n<tbody>\n<tr>\n<td>Documenten<\/td>\n<td>Doel van de indiening<\/td>\n<td>Vereiste documentatie<\/td>\n<\/tr>\n<tr>\n<td>Identiteitsbewijs<\/td>\n<td>Om de offici\u00eble naam en geboortedatum van de speler te bevestigen.<\/td>\n<td>Een geldig, door de overheid uitgegeven identiteitsbewijs met foto (paspoort, rijbewijs of nationale identiteitskaart).<\/td>\n<\/tr>\n<tr>\n<td>Bewijs van adres<\/td>\n<td>Om het huidige woonadres van de speler te verifi\u00ebren.<\/td>\n<td>Een energierekening of bankafschrift (afgegeven in de afgelopen drie maanden) waarop de naam en het adres van de speler staan vermeld.<\/td>\n<\/tr>\n<tr>\n<td>Bewijs van betaling<\/td>\n<td>Om de eigendom van de gebruikte stortingsmethode te verifi\u00ebren.<\/td>\n<td>Om uw kaart te verifi\u00ebren, moet u de eerste zes en laatste vier cijfers, uw naam en de vervaldatum tonen.<\/p>\n<p>Om e-wallets te verifi\u00ebren, maak je een screenshot waarop je e-mailadres, accountnummer\/ID en naam te zien zijn.<\/td>\n<\/tr>\n<\/tbody>\n<\/table>\n<p>Zodra u uw documenten hebt ingediend, voert ons toegewijde team een grondige controle uit. We zullen u via e-mail op de hoogte brengen zodra het verificatieproces is voltooid.<\/p>\n<h2>Veelgestelde vragen<\/h2>\n<h3>Kan ik vanaf meerdere apparaten tegelijkertijd inloggen op mijn Goldzino-account?<\/h3>\n<p>Om veiligheidsredenen is uw account beperkt tot \u00e9\u00e9n actieve sessie tegelijk. Als u inlogt op een tweede apparaat, wordt de eerste sessie automatisch be\u00ebindigd.<\/p>\n<h3>Wat moet ik doen als mijn account is geblokkeerd?<\/h3>\n<p>Als uw Goldzino casino-account geblokkeerd lijkt te zijn, is dit meestal een maatregel die is genomen om uw veiligheid te beschermen, bijvoorbeeld vanwege meerdere mislukte inlogpogingen. Neem onmiddellijk contact op met ons meertalige ondersteuningsteam via live chat of e-mail. Onze medewerker zal u helpen om weer toegang te krijgen tot uw Gold Zino-account.<\/p>\n<h3>Hoe kan ik mijn account sluiten of tijdelijk opschorten?<\/h3>\n<p>Wij staan volledig achter verantwoord gokken. Als u uw account definitief wilt sluiten of een tijdelijke zelfuitsluitingsperiode wilt aanvragen, kunt u dat eenvoudig doen. Neem hiervoor rechtstreeks contact op met ons ondersteuningsteam.<\/p>\n<h3>Hoe kan ik mijn accountinstellingen beheren?<\/h3>\n<p>Spelers kunnen hun instellingen beheren via hun accountdashboard. Hier kunt u uw contactgegevens bijwerken, uw wachtwoord wijzigen en stortings- of verlieslimieten instellen.<\/p>\n<\/div><\/div><\/p>\n","protected":false},"excerpt":{"rendered":"<p>Goldzino Login en account aanmaken Bij Goldzino Casino bieden we een veilige en lonende online casino-ervaring. Om toegang te krijgen tot onze volledige diensten, moet u zich registreren met een eenvoudige Goldzino login. We hebben ervoor gezorgd dat ons registratieproces snel verloopt en met een paar muisklikken kan worden voltooid.<\/p>\n","protected":false},"author":1,"featured_media":0,"parent":0,"menu_order":0,"comment_status":"closed","ping_status":"closed","template":"template-builder.php","meta":{"_acf_changed":false,"inline_featured_image":false,"footnotes":""},"class_list":["post-1483","page","type-page","status-publish","hentry"],"acf":[],"yoast_head":"<!-- This site is optimized with the Yoast SEO plugin v27.3 - https:\/\/yoast.com\/product\/yoast-seo-wordpress\/ -->\n<title>Goldzino Login: toegang tot uw account, 2FA, wachtwoordherstel<\/title>\n<meta name=\"description\" content=\"Gebruik Goldzino Login om toegang te krijgen tot je account met je e-mailadres en wachtwoord, of kies Google op hetzelfde scherm. Je dashboard biedt een overzicht van de belangrijkste tools: betalingen, bonussen, loyaliteitsvoortgang en limieten. Verificatie (KYC) kan vereist zijn voordat je geld kunt opnemen.\" \/>\n<meta name=\"robots\" content=\"index, follow, max-snippet:-1, max-image-preview:large, max-video-preview:-1\" \/>\n<link rel=\"canonical\" href=\"https:\/\/goldzinocasino.org\/nl\/login-and-registration\/\" \/>\n<meta property=\"og:locale\" content=\"nl_NL\" \/>\n<meta property=\"og:type\" content=\"article\" \/>\n<meta property=\"og:title\" content=\"Goldzino Login: toegang tot uw account, 2FA, wachtwoordherstel\" \/>\n<meta property=\"og:description\" content=\"Gebruik Goldzino Login om toegang te krijgen tot je account met je e-mailadres en wachtwoord, of kies Google op hetzelfde scherm. Je dashboard biedt een overzicht van de belangrijkste tools: betalingen, bonussen, loyaliteitsvoortgang en limieten. Verificatie (KYC) kan vereist zijn voordat je geld kunt opnemen.\" \/>\n<meta property=\"og:url\" content=\"https:\/\/goldzinocasino.org\/nl\/login-and-registration\/\" \/>\n<meta property=\"og:site_name\" content=\"goldzino\" \/>\n<meta property=\"article:modified_time\" content=\"2026-03-17T09:16:14+00:00\" \/>\n<meta name=\"twitter:card\" content=\"summary_large_image\" \/>\n<meta name=\"twitter:label1\" content=\"Est. reading time\" \/>\n\t<meta name=\"twitter:data1\" content=\"1 minute\" \/>\n<script type=\"application\/ld+json\" class=\"yoast-schema-graph\">{\"@context\":\"https:\\\/\\\/schema.org\",\"@graph\":[{\"@type\":\"WebPage\",\"@id\":\"https:\\\/\\\/goldzinocasino.org\\\/nl\\\/login-and-registration\\\/\",\"url\":\"https:\\\/\\\/goldzinocasino.org\\\/nl\\\/login-and-registration\\\/\",\"name\":\"Goldzino Login: toegang tot uw account, 2FA, wachtwoordherstel\",\"isPartOf\":{\"@id\":\"https:\\\/\\\/goldzinocasino.org\\\/nl\\\/#website\"},\"datePublished\":\"2025-11-03T12:09:39+00:00\",\"dateModified\":\"2026-03-17T09:16:14+00:00\",\"description\":\"Gebruik Goldzino Login om toegang te krijgen tot je account met je e-mailadres en wachtwoord, of kies Google op hetzelfde scherm. Je dashboard biedt een overzicht van de belangrijkste tools: betalingen, bonussen, loyaliteitsvoortgang en limieten. Verificatie (KYC) kan vereist zijn voordat je geld kunt opnemen.\",\"breadcrumb\":{\"@id\":\"https:\\\/\\\/goldzinocasino.org\\\/nl\\\/login-and-registration\\\/#breadcrumb\"},\"inLanguage\":\"nl-NL\",\"potentialAction\":[{\"@type\":\"ReadAction\",\"target\":[\"https:\\\/\\\/goldzinocasino.org\\\/nl\\\/login-and-registration\\\/\"]}]},{\"@type\":\"BreadcrumbList\",\"@id\":\"https:\\\/\\\/goldzinocasino.org\\\/nl\\\/login-and-registration\\\/#breadcrumb\",\"itemListElement\":[{\"@type\":\"ListItem\",\"position\":1,\"name\":\"GoldZino\",\"item\":\"https:\\\/\\\/goldzinocasino.org\\\/nl\\\/\"},{\"@type\":\"ListItem\",\"position\":2,\"name\":\"Inloggen en Registreren\"}]},{\"@type\":\"WebSite\",\"@id\":\"https:\\\/\\\/goldzinocasino.org\\\/nl\\\/#website\",\"url\":\"https:\\\/\\\/goldzinocasino.org\\\/nl\\\/\",\"name\":\"GoldZino\",\"description\":\"\",\"publisher\":{\"@id\":\"https:\\\/\\\/goldzinocasino.org\\\/nl\\\/#organization\"},\"potentialAction\":[{\"@type\":\"SearchAction\",\"target\":{\"@type\":\"EntryPoint\",\"urlTemplate\":\"https:\\\/\\\/goldzinocasino.org\\\/nl\\\/?s={search_term_string}\"},\"query-input\":{\"@type\":\"PropertyValueSpecification\",\"valueRequired\":true,\"valueName\":\"search_term_string\"}}],\"inLanguage\":\"nl-NL\"},{\"@type\":\"Organization\",\"@id\":\"https:\\\/\\\/goldzinocasino.org\\\/nl\\\/#organization\",\"name\":\"GoldZino\",\"url\":\"https:\\\/\\\/goldzinocasino.org\\\/nl\\\/\",\"logo\":{\"@type\":\"ImageObject\",\"inLanguage\":\"nl-NL\",\"@id\":\"https:\\\/\\\/goldzinocasino.org\\\/nl\\\/#\\\/schema\\\/logo\\\/image\\\/\",\"url\":\"https:\\\/\\\/goldzinocasino.org\\\/wp-content\\\/uploads\\\/2025\\\/08\\\/80u1FaquEZeR6OUTeJCc.png\",\"contentUrl\":\"https:\\\/\\\/goldzinocasino.org\\\/wp-content\\\/uploads\\\/2025\\\/08\\\/80u1FaquEZeR6OUTeJCc.png\",\"width\":209,\"height\":46,\"caption\":\"GoldZino\"},\"image\":{\"@id\":\"https:\\\/\\\/goldzinocasino.org\\\/nl\\\/#\\\/schema\\\/logo\\\/image\\\/\"}}]}<\/script>\n<!-- \/ Yoast SEO plugin. -->","yoast_head_json":{"title":"Goldzino Login: toegang tot uw account, 2FA, wachtwoordherstel","description":"Gebruik Goldzino Login om toegang te krijgen tot je account met je e-mailadres en wachtwoord, of kies Google op hetzelfde scherm. Je dashboard biedt een overzicht van de belangrijkste tools: betalingen, bonussen, loyaliteitsvoortgang en limieten. Verificatie (KYC) kan vereist zijn voordat je geld kunt opnemen.","robots":{"index":"index","follow":"follow","max-snippet":"max-snippet:-1","max-image-preview":"max-image-preview:large","max-video-preview":"max-video-preview:-1"},"canonical":"https:\/\/goldzinocasino.org\/nl\/login-and-registration\/","og_locale":"nl_NL","og_type":"article","og_title":"Goldzino Login: toegang tot uw account, 2FA, wachtwoordherstel","og_description":"Gebruik Goldzino Login om toegang te krijgen tot je account met je e-mailadres en wachtwoord, of kies Google op hetzelfde scherm. Je dashboard biedt een overzicht van de belangrijkste tools: betalingen, bonussen, loyaliteitsvoortgang en limieten. Verificatie (KYC) kan vereist zijn voordat je geld kunt opnemen.","og_url":"https:\/\/goldzinocasino.org\/nl\/login-and-registration\/","og_site_name":"goldzino","article_modified_time":"2026-03-17T09:16:14+00:00","twitter_card":"summary_large_image","twitter_misc":{"Est. reading time":"1 minute"},"schema":{"@context":"https:\/\/schema.org","@graph":[{"@type":"WebPage","@id":"https:\/\/goldzinocasino.org\/nl\/login-and-registration\/","url":"https:\/\/goldzinocasino.org\/nl\/login-and-registration\/","name":"Goldzino Login: toegang tot uw account, 2FA, wachtwoordherstel","isPartOf":{"@id":"https:\/\/goldzinocasino.org\/nl\/#website"},"datePublished":"2025-11-03T12:09:39+00:00","dateModified":"2026-03-17T09:16:14+00:00","description":"Gebruik Goldzino Login om toegang te krijgen tot je account met je e-mailadres en wachtwoord, of kies Google op hetzelfde scherm. Je dashboard biedt een overzicht van de belangrijkste tools: betalingen, bonussen, loyaliteitsvoortgang en limieten. Verificatie (KYC) kan vereist zijn voordat je geld kunt opnemen.","breadcrumb":{"@id":"https:\/\/goldzinocasino.org\/nl\/login-and-registration\/#breadcrumb"},"inLanguage":"nl-NL","potentialAction":[{"@type":"ReadAction","target":["https:\/\/goldzinocasino.org\/nl\/login-and-registration\/"]}]},{"@type":"BreadcrumbList","@id":"https:\/\/goldzinocasino.org\/nl\/login-and-registration\/#breadcrumb","itemListElement":[{"@type":"ListItem","position":1,"name":"GoldZino","item":"https:\/\/goldzinocasino.org\/nl\/"},{"@type":"ListItem","position":2,"name":"Inloggen en Registreren"}]},{"@type":"WebSite","@id":"https:\/\/goldzinocasino.org\/nl\/#website","url":"https:\/\/goldzinocasino.org\/nl\/","name":"GoldZino","description":"","publisher":{"@id":"https:\/\/goldzinocasino.org\/nl\/#organization"},"potentialAction":[{"@type":"SearchAction","target":{"@type":"EntryPoint","urlTemplate":"https:\/\/goldzinocasino.org\/nl\/?s={search_term_string}"},"query-input":{"@type":"PropertyValueSpecification","valueRequired":true,"valueName":"search_term_string"}}],"inLanguage":"nl-NL"},{"@type":"Organization","@id":"https:\/\/goldzinocasino.org\/nl\/#organization","name":"GoldZino","url":"https:\/\/goldzinocasino.org\/nl\/","logo":{"@type":"ImageObject","inLanguage":"nl-NL","@id":"https:\/\/goldzinocasino.org\/nl\/#\/schema\/logo\/image\/","url":"https:\/\/goldzinocasino.org\/wp-content\/uploads\/2025\/08\/80u1FaquEZeR6OUTeJCc.png","contentUrl":"https:\/\/goldzinocasino.org\/wp-content\/uploads\/2025\/08\/80u1FaquEZeR6OUTeJCc.png","width":209,"height":46,"caption":"GoldZino"},"image":{"@id":"https:\/\/goldzinocasino.org\/nl\/#\/schema\/logo\/image\/"}}]}},"_links":{"self":[{"href":"https:\/\/goldzinocasino.org\/nl\/wp-json\/wp\/v2\/pages\/1483","targetHints":{"allow":["GET"]}}],"collection":[{"href":"https:\/\/goldzinocasino.org\/nl\/wp-json\/wp\/v2\/pages"}],"about":[{"href":"https:\/\/goldzinocasino.org\/nl\/wp-json\/wp\/v2\/types\/page"}],"author":[{"embeddable":true,"href":"https:\/\/goldzinocasino.org\/nl\/wp-json\/wp\/v2\/users\/1"}],"replies":[{"embeddable":true,"href":"https:\/\/goldzinocasino.org\/nl\/wp-json\/wp\/v2\/comments?post=1483"}],"version-history":[{"count":2,"href":"https:\/\/goldzinocasino.org\/nl\/wp-json\/wp\/v2\/pages\/1483\/revisions"}],"predecessor-version":[{"id":1585,"href":"https:\/\/goldzinocasino.org\/nl\/wp-json\/wp\/v2\/pages\/1483\/revisions\/1585"}],"wp:attachment":[{"href":"https:\/\/goldzinocasino.org\/nl\/wp-json\/wp\/v2\/media?parent=1483"}],"curies":[{"name":"wp","href":"https:\/\/api.w.org\/{rel}","templated":true}]}}