{"id":1423,"date":"2025-11-03T12:05:29","date_gmt":"2025-11-03T12:05:29","guid":{"rendered":"https:\/\/goldzinocasino.org\/app\/"},"modified":"2026-03-17T09:58:20","modified_gmt":"2026-03-17T09:58:20","slug":"aplikacja","status":"publish","type":"page","link":"https:\/\/goldzinocasino.org\/pl\/aplikacja\/","title":{"rendered":"Aplikacja"},"content":{"rendered":"<h1>Aplikacja Goldzino<\/h1>\n<p>Zagraj w ponad 6000 gier, w tym automaty online, gry sto\u0142owe i tytu\u0142y z krupierem na \u017cywo na iOS i Androidzie, aby cieszy\u0107 si\u0119 najwy\u017cszej jako\u015bci kasynem w dowolnym momencie dzi\u0119ki Goldzino app. Stworzyli\u015bmy nasz\u0105 platform\u0119 mobiln\u0105, aby oferowa\u0107 te same funkcje, kt\u00f3re s\u0105 dost\u0119pne w wersji na komputery stacjonarne, dzi\u0119ki czemu mo\u017cesz cieszy\u0107 si\u0119 najlepszymi grami online, bez wzgl\u0119du na to, gdzie jeste\u015b.<\/p>\n<div class=\"banner-wrap\" aria-label=\"Banner\"><img src=\"https:\/\/goldzinocasino.org\/wp-content\/uploads\/2025\/10\/Goldzino-Banner-Desktop.webp\" class=\"w-100 d-none d-lg-block img-pc main-banner-img\" alt=\"goldzino bonus desktop\" fetchpriority=\"high\" decoding=\"async\"><img src=\"https:\/\/goldzinocasino.org\/wp-content\/uploads\/2025\/10\/Gold-zino-Mobile-Banner.webp\" class=\"w-100 d-none d-md-block d-lg-none main-banner-img\" alt=\"goldzino bonus mobile\" fetchpriority=\"high\" decoding=\"async\"><img src=\"https:\/\/goldzinocasino.org\/wp-content\/uploads\/2025\/10\/Gold-zino-Mobile-Banner.webp\" class=\"w-100 d-md-none\" alt=\"goldzino bonus mobile\" fetchpriority=\"high\" decoding=\"async\"><div class=\"banner-description\">\n<div class=\"banner-title\">Bonusy Powitalne<\/div>\n<p class=\"banner-header-title\">1500 \u20ac<\/p>\n<div class=\"banner-header-AdditionalText\">+ 250 Darmowe obroty<\/div>\n<button data-item=\"homepage_banner_link\" class=\"goto m-button m-gradient-border m-button--primary m-button--large banner-button btn-orange\">\n            <div class=\"m-button-content\">\n                <span>Zarejestruj si\u0119 teraz<\/span>\n                <span><\/span>\n            <\/div>\n        <\/button>\n<\/div>\n<div class=\"WelcomePack\">\n<p><img loading=\"lazy\" decoding=\"async\" class=\"alignnone size-full wp-image-1376\" src=\"https:\/\/goldzinocasino.org\/wp-content\/uploads\/2025\/10\/welcome-crown.svg\" alt=\"crown\" width=\"25\" height=\"26\" \/><\/p>\n<div class=\"WelcomePack-Info\">Cotygodniowy zwrot got\u00f3wki do 25%<\/div>\n<p><img loading=\"lazy\" decoding=\"async\" class=\"alignnone size-full wp-image-1376\" src=\"https:\/\/goldzinocasino.org\/wp-content\/uploads\/2025\/10\/welcome-crown.svg\" alt=\"crown\" width=\"25\" height=\"26\" \/><\/p>\n<\/div>\n<\/div>\n<h2>Aplikacja Goldzino Casino<\/h2>\n<p>Bior\u0105c pod uwag\u0119, \u017ce wi\u0119kszo\u015b\u0107 ludzi na ca\u0142ym \u015bwiecie u\u017cywa telefon\u00f3w kom\u00f3rkowych do wszystkiego, nie jest zaskakuj\u0105ce, \u017ce wielu polskich graczy chce r\u00f3wnie\u017c gra\u0107 w gry kasynowe online na swoich urz\u0105dzeniach przeno\u015bnych. Nasza aplikacja kasynowa zosta\u0142a stworzona z my\u015bl\u0105 o graczach, kt\u00f3rzy wymagaj\u0105 elastyczno\u015bci i dobrych wra\u017ce\u0144 z gry w podr\u00f3\u017cy. W przeciwie\u0144stwie do komputer\u00f3w stacjonarnych, nasza aplikacja mobilna zapewnia swobod\u0119 gry w dowolnym miejscu i czasie bez \u017cadnych ogranicze\u0144. Nasze aplikacje na systemy Android i iOS charakteryzuj\u0105 si\u0119 intuicyjnym wygl\u0105dem, kt\u00f3ry sprawia, \u017ce nawigacja jest naturalna. Nasza aplikacja mobilna zapewnia dost\u0119p do:<\/p>\n<ul>\n<li>Ponad 6000 automat\u00f3w, jackpot\u00f3w, gier karcianych i sto\u0142owych oraz kasyno na \u017cywo<\/li>\n<li>Wiele opcji p\u0142atno\u015bci, od portfeli elektronicznych i kart debetowych po transakcje kryptowalutowe<\/li>\n<li>Ca\u0142odobowa obs\u0142uga klienta, kt\u00f3ra s\u0142u\u017cy pomoc\u0105 przez e-mail lub czat na \u017cywo.<\/li>\n<li>Ciesz si\u0119 bonusami powitalnymi, ofertami cashback i bonusami do\u0142adowuj\u0105cymi z darmowymi spinami.<\/li>\n<li>Powiadomienia push o nowych promocjach i grach.<\/li>\n<\/ul>\n<p><div class=\"scrollable-content-wrap my-5\"><div class=\"scrollable-content-inner\"><h2>Aplikacja Goldzino dla systemu Android<\/h2>\n<p>Nasza aplikacja PWA dla systemu Android oferuje nowym i powracaj\u0105cym graczom p\u0142ynny spos\u00f3b korzystania z ulubionych gier w podr\u00f3\u017cy. Zoptymalizowali\u015bmy nasz\u0105 aplikacj\u0119, aby dzia\u0142a\u0142a p\u0142ynnie na wi\u0119kszo\u015bci smartfon\u00f3w i tablet\u00f3w z systemem Android 8.0 lub nowszym. Oferuje ona ten sam proces weryfikacji co nasza wersja na komputery stacjonarne, a tak\u017ce dost\u0119p do wp\u0142at, wyp\u0142at i najlepszych gier kasynowych online.<\/p>\n<p>U\u017cytkownicy systemu Android mog\u0105 cieszy\u0107 si\u0119 grami mobilnymi dzi\u0119ki naszej progresywnej aplikacji internetowej (PWA) pobranej z naszej strony internetowej. Nie jest potrzebny plik Goldzino APK. U\u017cytkownik po prostu otwiera sekcj\u0119 aplikacji kasyna i post\u0119puje zgodnie z instrukcjami instalacji. Mimo \u017ce nasze kasyno mobilne nie jest pobierane bezpo\u015brednio ze sklepu Google Play, nadal oferuje pe\u0142n\u0105 obs\u0142ug\u0119 wp\u0142at i wyp\u0142at, czat\u00f3w na \u017cywo, automat\u00f3w zoptymalizowanych pod k\u0105tem urz\u0105dze\u0144 mobilnych, sto\u0142\u00f3w i gier z krupierem na \u017cywo.<\/p>\n<p>Jak zainstalowa\u0107:<\/p>\n<ol>\n<li>Kliknij sekcj\u0119 \u201eAplikacja kasyna\u201d na dole strony g\u0142\u00f3wnej.<\/li>\n<li>Naci\u015bnij \u201eZainstaluj\u201d, aby rozpocz\u0105\u0107 pobieranie aplikacji Goldzino.<\/li>\n<li>Zainstaluj aplikacj\u0119 mobiln\u0105. Potwierd\u017a wyb\u00f3r.<\/li>\n<\/ol>\n<p><img loading=\"lazy\" decoding=\"async\" class=\"alignnone size-full wp-image-1424\" src=\"https:\/\/goldzinocasino.org\/wp-content\/uploads\/2025\/11\/Gold-Zino-Android-Application.webp\" alt=\"Gold-Zino Android\" width=\"1248\" height=\"536\" srcset=\"https:\/\/goldzinocasino.org\/wp-content\/uploads\/2025\/11\/Gold-Zino-Android-Application.webp 1248w, https:\/\/goldzinocasino.org\/wp-content\/uploads\/2025\/11\/Gold-Zino-Android-Application-300x129.webp 300w, https:\/\/goldzinocasino.org\/wp-content\/uploads\/2025\/11\/Gold-Zino-Android-Application-1024x440.webp 1024w, https:\/\/goldzinocasino.org\/wp-content\/uploads\/2025\/11\/Gold-Zino-Android-Application-768x330.webp 768w\" sizes=\"auto, (max-width: 1248px) 100vw, 1248px\" \/><\/p>\n<\/div><\/div><div style=\"clear: both\"><\/div><div class=\"d-flex justify-content-center\"><button data-item=\"decouvrez_link\" data-group=\"website_links\" class=\"goto fw-bold rounded-pill btn btn-orange\" aria-label=\"Pobierz aplikacj\u0119 Goldzino\" >Pobierz aplikacj\u0119 Goldzino<\/button><\/div><div class=\"scrollable-content-wrap my-5\"><div class=\"scrollable-content-inner\"><h2>Aplikacja Goldzino dla systemu iOS<\/h2>\n<p>U\u017cytkownicy systemu iOS mog\u0105 korzysta\u0107 z naszej aplikacji mobilnej poprzez Progressive Web App, co oznacza, \u017ce dzia\u0142a ona w przegl\u0105darce mobilnej i mo\u017cna j\u0105 pobra\u0107 z naszej oficjalnej strony internetowej. Wykonaj poni\u017csze proste kroki, aby doda\u0107 aplikacj\u0119 Gold Zino do ekranu g\u0142\u00f3wnego iPada lub iPhone&#8217;a:<\/p>\n<ol>\n<li>Po wej\u015bciu na stron\u0119 g\u0142\u00f3wn\u0105 Gold Zino Mobile kliknij sekcj\u0119 aplikacji kasynowej na dole strony.<\/li>\n<li>Po wy\u015bwietleniu monitu dotknij \u201eZainstaluj\u201d, a aplikacja rozpocznie pobieranie.<\/li>\n<li>Ikona Gold Zino pojawi si\u0119 na ekranie g\u0142\u00f3wnym. Naci\u015bnij j\u0105, aby uruchomi\u0107 aplikacj\u0119.<\/li>\n<\/ol>\n<p>Po zainstalowaniu aplikacja Goldzino PWA dzia\u0142a tak samo jak aplikacja natywna, umo\u017cliwiaj\u0105c dost\u0119p do ulubionych gier kasynowych online, szybkich wp\u0142at i wyp\u0142at oraz wsparcia na czacie na \u017cywo bezpo\u015brednio z przegl\u0105darki.<\/p>\n<p><img loading=\"lazy\" decoding=\"async\" class=\"alignnone size-full wp-image-1954\" src=\"https:\/\/goldzinocasino.org\/wp-content\/uploads\/2025\/11\/Gold-Zino-iOS-Application-pl.webp\" alt=\"Gold Zino iOS Application\" width=\"1248\" height=\"536\" srcset=\"https:\/\/goldzinocasino.org\/wp-content\/uploads\/2025\/11\/Gold-Zino-iOS-Application-pl.webp 1248w, https:\/\/goldzinocasino.org\/wp-content\/uploads\/2025\/11\/Gold-Zino-iOS-Application-pl-300x129.webp 300w, https:\/\/goldzinocasino.org\/wp-content\/uploads\/2025\/11\/Gold-Zino-iOS-Application-pl-1024x440.webp 1024w, https:\/\/goldzinocasino.org\/wp-content\/uploads\/2025\/11\/Gold-Zino-iOS-Application-pl-768x330.webp 768w\" sizes=\"auto, (max-width: 1248px) 100vw, 1248px\" \/><\/p>\n<\/div><\/div><div style=\"clear: both\"><\/div><div class=\"d-flex justify-content-center\"><button data-item=\"decouvrez_link\" data-group=\"website_links\" class=\"goto fw-bold rounded-pill btn btn-orange\" aria-label=\"Pobierz aplikacj\u0119 Goldzino\" >Pobierz aplikacj\u0119 Goldzino<\/button><\/div><div class=\"scrollable-content-wrap my-5\"><div class=\"scrollable-content-inner\"><h2>Aplikacja Goldzino Casino na komputery stacjonarne \u2013 Windows\/macOS<\/h2>\n<p>Gracze mog\u0105 \u0142atwo uzyska\u0107 dost\u0119p do naszej platformy kasyna online za po\u015brednictwem przegl\u0105darki internetowej na komputerach z systemem Windows i macOS. Oficjalna strona internetowa Gold Zino dzia\u0142a w popularnych przegl\u0105darkach, takich jak Google Chrome, Mozilla Firefox i Safari. Wszystkie funkcje, w tym rozgrywka, zarz\u0105dzanie kontem i obs\u0142uga klienta, s\u0105 w pe\u0142ni dost\u0119pne za po\u015brednictwem przegl\u0105darki. Gracze mog\u0105 r\u00f3wnie\u017c pobra\u0107 nasz\u0105 aplikacj\u0119 PWA dla system\u00f3w Windows i macOS bezpo\u015brednio z naszej strony internetowej, aby uzyska\u0107 szybszy dost\u0119p do swoich ulubionych gier kasynowych online.<\/p>\n<p><img loading=\"lazy\" decoding=\"async\" class=\"alignnone size-full wp-image-1964\" src=\"https:\/\/goldzinocasino.org\/wp-content\/uploads\/2025\/11\/Gold-Zino-Website.webp\" alt=\"Gold-Zino PC\" width=\"1248\" height=\"536\" srcset=\"https:\/\/goldzinocasino.org\/wp-content\/uploads\/2025\/11\/Gold-Zino-Website.webp 1248w, https:\/\/goldzinocasino.org\/wp-content\/uploads\/2025\/11\/Gold-Zino-Website-300x129.webp 300w, https:\/\/goldzinocasino.org\/wp-content\/uploads\/2025\/11\/Gold-Zino-Website-1024x440.webp 1024w, https:\/\/goldzinocasino.org\/wp-content\/uploads\/2025\/11\/Gold-Zino-Website-768x330.webp 768w\" sizes=\"auto, (max-width: 1248px) 100vw, 1248px\" \/><\/p>\n<\/div><\/div><div style=\"clear: both\"><\/div><div class=\"d-flex justify-content-center\"><button data-item=\"decouvrez_link\" data-group=\"website_links\" class=\"goto fw-bold rounded-pill btn btn-orange\" aria-label=\"Pobierz aplikacj\u0119 Goldzino\" >Pobierz aplikacj\u0119 Goldzino<\/button><\/div><div class=\"scrollable-content-wrap my-5\"><div class=\"scrollable-content-inner\"><h2>Cz\u0119sto zadawane pytania<\/h2>\n<h3>Czy mog\u0119 uzyska\u0107 pomoc techniczn\u0105 w aplikacji Goldzino Casino?<\/h3>\n<p>Tak, mo\u017cna. Nasz zesp\u00f3\u0142 obs\u0142ugi klienta jest dost\u0119pny 24 godziny na dob\u0119, 7 dni w tygodniu, bezpo\u015brednio w aplikacji i na naszej oficjalnej stronie internetowej. Mo\u017cna si\u0119 z nami skontaktowa\u0107 za po\u015brednictwem czatu na \u017cywo lub poczty elektronicznej w sprawie wszelkich pyta\u0144 dotycz\u0105cych wp\u0142at, weryfikacji, wyp\u0142at, tworzenia kont lub promocji.<\/p>\n<h3>Czy wszystkie gry s\u0105 dost\u0119pne w aplikacji?<\/h3>\n<p>W naszym kasynie mobilnym dost\u0119pnych jest ponad 6000 automat\u00f3w, sto\u0142\u00f3w i gier z krupierem na \u017cywo. Nie ma znaczenia, czy korzystasz z systemu iOS, Android, Windows czy macOS \u2013 otrzymujesz najlepsze gry kasynowe online dostarczane przez czo\u0142owych dostawc\u00f3w oprogramowania, takich jak Pragmatic Play, Evolution, Playson, BGaming, Spinomenal i inni.<\/p>\n<h3>Jak mog\u0119 utworzy\u0107 konto, aby korzysta\u0107 z aplikacji Goldzino?<\/h3>\n<p>Za\u0142o\u017cenie konta w aplikacji Gold Zino to szybki proces. Po uruchomieniu naszego mobilnego kasyna wybierz opcj\u0119 \u201eZarejestruj si\u0119\u201d, wprowad\u017a sw\u00f3j adres e-mail, utw\u00f3rz bezpieczne has\u0142o i wprowad\u017a kod promocyjny, je\u015bli go posiadasz. Sfinalizuj konfiguracj\u0119 konta, akceptuj\u0105c nasze warunki i potwierdzaj\u0105c rejestracj\u0119.<\/p>\n<h3>Jak zaktualizowa\u0107 aplikacj\u0119 Goldzino Casino?<\/h3>\n<p>Nasza aplikacja mobilna jest aktualizowana automatycznie, poniewa\u017c regularnie wydajemy aktualizacje wprowadzaj\u0105ce nowe funkcje, promocje i gry kasynowe. Po zainstalowaniu aplikacji na telefonie za pomoc\u0105 pliku APK zostaniesz przekierowany na nasz\u0105 oficjaln\u0105 stron\u0119 internetow\u0105, aby pobra\u0107 najnowszy plik APK Gold Zino. Je\u015bli korzystasz z aplikacji PWA, nie musisz nic robi\u0107, poniewa\u017c ka\u017cda aktualizacja jest wykonywana w czasie rzeczywistym bez konieczno\u015bci pobierania.<\/p>\n<h3>Czy aplikacja Goldzino jest bezpieczna w u\u017cyciu?<\/h3>\n<p>Tak, nasza aplikacja wykorzystuje szyfrowanie SSL i bezpieczne serwery w celu ochrony danych graczy i transakcji. Nasze systemy s\u0105 zgodne z surowymi zasadami regulacji Anjouan eGaming, aby zagwarantowa\u0107 prywatno\u015b\u0107, uczciw\u0105 i odpowiedzialn\u0105 gr\u0119.<\/p>\n<\/div><\/div><\/p>\n","protected":false},"excerpt":{"rendered":"<p>Aplikacja Goldzino Zagraj w ponad 6000 gier, w tym automaty online, gry sto\u0142owe i tytu\u0142y z krupierem na \u017cywo na iOS i Androidzie, aby cieszy\u0107 si\u0119 najwy\u017cszej jako\u015bci kasynem w dowolnym momencie dzi\u0119ki Goldzino app. Stworzyli\u015bmy nasz\u0105 platform\u0119 mobiln\u0105, aby oferowa\u0107 te same funkcje, kt\u00f3re s\u0105 dost\u0119pne w wersji na komputery stacjonarne, dzi\u0119ki czemu mo\u017cesz [&hellip;]<\/p>\n","protected":false},"author":1,"featured_media":0,"parent":0,"menu_order":0,"comment_status":"closed","ping_status":"closed","template":"template-builder.php","meta":{"_acf_changed":false,"inline_featured_image":false,"footnotes":""},"class_list":["post-1423","page","type-page","status-publish","hentry"],"acf":[],"yoast_head":"<!-- This site is optimized with the Yoast SEO plugin v27.3 - https:\/\/yoast.com\/product\/yoast-seo-wordpress\/ -->\n<title>Goldzino App: PWA na iOS i Androida, instalacja w minut\u0119, bez APK<\/title>\n<meta name=\"description\" content=\"Goldzino App to progresywna aplikacja internetowa (PWA) na iOS, Androida, Windowsa i macOS. Dodaj j\u0105 z Chrome lub Safari do ekranu g\u0142\u00f3wnego lub pulpitu i otw\u00f3rz lobby jednym dotkni\u0119ciem. Nie wymaga plik\u00f3w APK, a aktualizacje s\u0105 automatycznie pobierane z naszej oficjalnej strony internetowej.\" \/>\n<meta name=\"robots\" content=\"index, follow, max-snippet:-1, max-image-preview:large, max-video-preview:-1\" \/>\n<link rel=\"canonical\" href=\"https:\/\/goldzinocasino.org\/pl\/aplikacja\/\" \/>\n<meta property=\"og:locale\" content=\"pl_PL\" \/>\n<meta property=\"og:type\" content=\"article\" \/>\n<meta property=\"og:title\" content=\"Goldzino App: PWA na iOS i Androida, instalacja w minut\u0119, bez APK\" \/>\n<meta property=\"og:description\" content=\"Goldzino App to progresywna aplikacja internetowa (PWA) na iOS, Androida, Windowsa i macOS. Dodaj j\u0105 z Chrome lub Safari do ekranu g\u0142\u00f3wnego lub pulpitu i otw\u00f3rz lobby jednym dotkni\u0119ciem. Nie wymaga plik\u00f3w APK, a aktualizacje s\u0105 automatycznie pobierane z naszej oficjalnej strony internetowej.\" \/>\n<meta property=\"og:url\" content=\"https:\/\/goldzinocasino.org\/pl\/aplikacja\/\" \/>\n<meta property=\"og:site_name\" content=\"goldzino\" \/>\n<meta property=\"article:modified_time\" content=\"2026-03-17T09:58:20+00:00\" \/>\n<meta name=\"twitter:card\" content=\"summary_large_image\" \/>\n<meta name=\"twitter:label1\" content=\"Est. reading time\" \/>\n\t<meta name=\"twitter:data1\" content=\"1 minute\" \/>\n<script type=\"application\/ld+json\" class=\"yoast-schema-graph\">{\"@context\":\"https:\\\/\\\/schema.org\",\"@graph\":[{\"@type\":\"WebPage\",\"@id\":\"https:\\\/\\\/goldzinocasino.org\\\/pl\\\/aplikacja\\\/\",\"url\":\"https:\\\/\\\/goldzinocasino.org\\\/pl\\\/aplikacja\\\/\",\"name\":\"Goldzino App: PWA na iOS i Androida, instalacja w minut\u0119, bez APK\",\"isPartOf\":{\"@id\":\"https:\\\/\\\/goldzinocasino.org\\\/pl\\\/#website\"},\"datePublished\":\"2025-11-03T12:05:29+00:00\",\"dateModified\":\"2026-03-17T09:58:20+00:00\",\"description\":\"Goldzino App to progresywna aplikacja internetowa (PWA) na iOS, Androida, Windowsa i macOS. Dodaj j\u0105 z Chrome lub Safari do ekranu g\u0142\u00f3wnego lub pulpitu i otw\u00f3rz lobby jednym dotkni\u0119ciem. Nie wymaga plik\u00f3w APK, a aktualizacje s\u0105 automatycznie pobierane z naszej oficjalnej strony internetowej.\",\"breadcrumb\":{\"@id\":\"https:\\\/\\\/goldzinocasino.org\\\/pl\\\/aplikacja\\\/#breadcrumb\"},\"inLanguage\":\"pl-PL\",\"potentialAction\":[{\"@type\":\"ReadAction\",\"target\":[\"https:\\\/\\\/goldzinocasino.org\\\/pl\\\/aplikacja\\\/\"]}]},{\"@type\":\"BreadcrumbList\",\"@id\":\"https:\\\/\\\/goldzinocasino.org\\\/pl\\\/aplikacja\\\/#breadcrumb\",\"itemListElement\":[{\"@type\":\"ListItem\",\"position\":1,\"name\":\"GoldZino\",\"item\":\"https:\\\/\\\/goldzinocasino.org\\\/pl\\\/\"},{\"@type\":\"ListItem\",\"position\":2,\"name\":\"Aplikacja\"}]},{\"@type\":\"WebSite\",\"@id\":\"https:\\\/\\\/goldzinocasino.org\\\/pl\\\/#website\",\"url\":\"https:\\\/\\\/goldzinocasino.org\\\/pl\\\/\",\"name\":\"GoldZino\",\"description\":\"\",\"publisher\":{\"@id\":\"https:\\\/\\\/goldzinocasino.org\\\/pl\\\/#organization\"},\"potentialAction\":[{\"@type\":\"SearchAction\",\"target\":{\"@type\":\"EntryPoint\",\"urlTemplate\":\"https:\\\/\\\/goldzinocasino.org\\\/pl\\\/?s={search_term_string}\"},\"query-input\":{\"@type\":\"PropertyValueSpecification\",\"valueRequired\":true,\"valueName\":\"search_term_string\"}}],\"inLanguage\":\"pl-PL\"},{\"@type\":\"Organization\",\"@id\":\"https:\\\/\\\/goldzinocasino.org\\\/pl\\\/#organization\",\"name\":\"GoldZino\",\"url\":\"https:\\\/\\\/goldzinocasino.org\\\/pl\\\/\",\"logo\":{\"@type\":\"ImageObject\",\"inLanguage\":\"pl-PL\",\"@id\":\"https:\\\/\\\/goldzinocasino.org\\\/pl\\\/#\\\/schema\\\/logo\\\/image\\\/\",\"url\":\"https:\\\/\\\/goldzinocasino.org\\\/wp-content\\\/uploads\\\/2025\\\/08\\\/80u1FaquEZeR6OUTeJCc.png\",\"contentUrl\":\"https:\\\/\\\/goldzinocasino.org\\\/wp-content\\\/uploads\\\/2025\\\/08\\\/80u1FaquEZeR6OUTeJCc.png\",\"width\":209,\"height\":46,\"caption\":\"GoldZino\"},\"image\":{\"@id\":\"https:\\\/\\\/goldzinocasino.org\\\/pl\\\/#\\\/schema\\\/logo\\\/image\\\/\"}}]}<\/script>\n<!-- \/ Yoast SEO plugin. -->","yoast_head_json":{"title":"Goldzino App: PWA na iOS i Androida, instalacja w minut\u0119, bez APK","description":"Goldzino App to progresywna aplikacja internetowa (PWA) na iOS, Androida, Windowsa i macOS. Dodaj j\u0105 z Chrome lub Safari do ekranu g\u0142\u00f3wnego lub pulpitu i otw\u00f3rz lobby jednym dotkni\u0119ciem. Nie wymaga plik\u00f3w APK, a aktualizacje s\u0105 automatycznie pobierane z naszej oficjalnej strony internetowej.","robots":{"index":"index","follow":"follow","max-snippet":"max-snippet:-1","max-image-preview":"max-image-preview:large","max-video-preview":"max-video-preview:-1"},"canonical":"https:\/\/goldzinocasino.org\/pl\/aplikacja\/","og_locale":"pl_PL","og_type":"article","og_title":"Goldzino App: PWA na iOS i Androida, instalacja w minut\u0119, bez APK","og_description":"Goldzino App to progresywna aplikacja internetowa (PWA) na iOS, Androida, Windowsa i macOS. Dodaj j\u0105 z Chrome lub Safari do ekranu g\u0142\u00f3wnego lub pulpitu i otw\u00f3rz lobby jednym dotkni\u0119ciem. Nie wymaga plik\u00f3w APK, a aktualizacje s\u0105 automatycznie pobierane z naszej oficjalnej strony internetowej.","og_url":"https:\/\/goldzinocasino.org\/pl\/aplikacja\/","og_site_name":"goldzino","article_modified_time":"2026-03-17T09:58:20+00:00","twitter_card":"summary_large_image","twitter_misc":{"Est. reading time":"1 minute"},"schema":{"@context":"https:\/\/schema.org","@graph":[{"@type":"WebPage","@id":"https:\/\/goldzinocasino.org\/pl\/aplikacja\/","url":"https:\/\/goldzinocasino.org\/pl\/aplikacja\/","name":"Goldzino App: PWA na iOS i Androida, instalacja w minut\u0119, bez APK","isPartOf":{"@id":"https:\/\/goldzinocasino.org\/pl\/#website"},"datePublished":"2025-11-03T12:05:29+00:00","dateModified":"2026-03-17T09:58:20+00:00","description":"Goldzino App to progresywna aplikacja internetowa (PWA) na iOS, Androida, Windowsa i macOS. Dodaj j\u0105 z Chrome lub Safari do ekranu g\u0142\u00f3wnego lub pulpitu i otw\u00f3rz lobby jednym dotkni\u0119ciem. Nie wymaga plik\u00f3w APK, a aktualizacje s\u0105 automatycznie pobierane z naszej oficjalnej strony internetowej.","breadcrumb":{"@id":"https:\/\/goldzinocasino.org\/pl\/aplikacja\/#breadcrumb"},"inLanguage":"pl-PL","potentialAction":[{"@type":"ReadAction","target":["https:\/\/goldzinocasino.org\/pl\/aplikacja\/"]}]},{"@type":"BreadcrumbList","@id":"https:\/\/goldzinocasino.org\/pl\/aplikacja\/#breadcrumb","itemListElement":[{"@type":"ListItem","position":1,"name":"GoldZino","item":"https:\/\/goldzinocasino.org\/pl\/"},{"@type":"ListItem","position":2,"name":"Aplikacja"}]},{"@type":"WebSite","@id":"https:\/\/goldzinocasino.org\/pl\/#website","url":"https:\/\/goldzinocasino.org\/pl\/","name":"GoldZino","description":"","publisher":{"@id":"https:\/\/goldzinocasino.org\/pl\/#organization"},"potentialAction":[{"@type":"SearchAction","target":{"@type":"EntryPoint","urlTemplate":"https:\/\/goldzinocasino.org\/pl\/?s={search_term_string}"},"query-input":{"@type":"PropertyValueSpecification","valueRequired":true,"valueName":"search_term_string"}}],"inLanguage":"pl-PL"},{"@type":"Organization","@id":"https:\/\/goldzinocasino.org\/pl\/#organization","name":"GoldZino","url":"https:\/\/goldzinocasino.org\/pl\/","logo":{"@type":"ImageObject","inLanguage":"pl-PL","@id":"https:\/\/goldzinocasino.org\/pl\/#\/schema\/logo\/image\/","url":"https:\/\/goldzinocasino.org\/wp-content\/uploads\/2025\/08\/80u1FaquEZeR6OUTeJCc.png","contentUrl":"https:\/\/goldzinocasino.org\/wp-content\/uploads\/2025\/08\/80u1FaquEZeR6OUTeJCc.png","width":209,"height":46,"caption":"GoldZino"},"image":{"@id":"https:\/\/goldzinocasino.org\/pl\/#\/schema\/logo\/image\/"}}]}},"_links":{"self":[{"href":"https:\/\/goldzinocasino.org\/pl\/wp-json\/wp\/v2\/pages\/1423","targetHints":{"allow":["GET"]}}],"collection":[{"href":"https:\/\/goldzinocasino.org\/pl\/wp-json\/wp\/v2\/pages"}],"about":[{"href":"https:\/\/goldzinocasino.org\/pl\/wp-json\/wp\/v2\/types\/page"}],"author":[{"embeddable":true,"href":"https:\/\/goldzinocasino.org\/pl\/wp-json\/wp\/v2\/users\/1"}],"replies":[{"embeddable":true,"href":"https:\/\/goldzinocasino.org\/pl\/wp-json\/wp\/v2\/comments?post=1423"}],"version-history":[{"count":4,"href":"https:\/\/goldzinocasino.org\/pl\/wp-json\/wp\/v2\/pages\/1423\/revisions"}],"predecessor-version":[{"id":2326,"href":"https:\/\/goldzinocasino.org\/pl\/wp-json\/wp\/v2\/pages\/1423\/revisions\/2326"}],"wp:attachment":[{"href":"https:\/\/goldzinocasino.org\/pl\/wp-json\/wp\/v2\/media?parent=1423"}],"curies":[{"name":"wp","href":"https:\/\/api.w.org\/{rel}","templated":true}]}}