{"id":1488,"date":"2025-11-03T12:09:39","date_gmt":"2025-11-03T12:09:39","guid":{"rendered":"https:\/\/goldzinocasino.org\/login-and-registration\/"},"modified":"2026-03-17T09:15:29","modified_gmt":"2026-03-17T09:15:29","slug":"logowanie-i-rejestracja","status":"publish","type":"page","link":"https:\/\/goldzinocasino.org\/pl\/logowanie-i-rejestracja\/","title":{"rendered":"Logowanie i Rejestracja"},"content":{"rendered":"<h1>Zaloguj si\u0119 do Goldzino i za\u0142\u00f3\u017c konto<\/h1>\n<p>W Goldzino Casino oferujemy bezpieczne i satysfakcjonuj\u0105ce wra\u017cenia z gry w kasynie online. Aby uzyska\u0107 dost\u0119p do wszystkich naszych us\u0142ug, nale\u017cy zarejestrowa\u0107 si\u0119 i zalogowa\u0107 poprzez Goldzino login. Zadbali\u015bmy o to, aby proces rejestracji by\u0142 szybki i mo\u017cna go by\u0142o przeprowadzi\u0107 za pomoc\u0105 kilku klikni\u0119\u0107.<\/p>\n<p><div class=\"banner-wrap\" aria-label=\"Banner\"><img src=\"https:\/\/goldzinocasino.org\/wp-content\/uploads\/2025\/10\/Goldzino-Banner-Desktop.webp\" class=\"w-100 d-none d-lg-block img-pc main-banner-img\" alt=\"goldzino bonus desktop\" fetchpriority=\"high\" decoding=\"async\"><img src=\"https:\/\/goldzinocasino.org\/wp-content\/uploads\/2025\/10\/Gold-zino-Mobile-Banner.webp\" class=\"w-100 d-none d-md-block d-lg-none main-banner-img\" alt=\"goldzino bonus mobile\" fetchpriority=\"high\" decoding=\"async\"><img src=\"https:\/\/goldzinocasino.org\/wp-content\/uploads\/2025\/10\/Gold-zino-Mobile-Banner.webp\" class=\"w-100 d-md-none\" alt=\"goldzino bonus mobile\" fetchpriority=\"high\" decoding=\"async\"><div class=\"banner-description\">\n<div class=\"banner-title\">Bonusy Powitalne<\/div>\n<p class=\"banner-header-title\">1500 \u20ac<\/p>\n<div class=\"banner-header-AdditionalText\">+ 250 Darmowe obroty<\/div>\n<button data-item=\"homepage_banner_link\" class=\"goto m-button m-gradient-border m-button--primary m-button--large banner-button btn-orange\">\n            <div class=\"m-button-content\">\n                <span>Zarejestruj si\u0119 teraz<\/span>\n                <span><\/span>\n            <\/div>\n        <\/button>\n<\/div>\n<div class=\"WelcomePack\">\n<p><img loading=\"lazy\" decoding=\"async\" class=\"alignnone size-full wp-image-1376\" src=\"https:\/\/goldzinocasino.org\/wp-content\/uploads\/2025\/10\/welcome-crown.svg\" alt=\"crown\" width=\"25\" height=\"26\" \/><\/p>\n<div class=\"WelcomePack-Info\">Cotygodniowy zwrot got\u00f3wki do 25%<\/div>\n<p><img loading=\"lazy\" decoding=\"async\" class=\"alignnone size-full wp-image-1376\" src=\"https:\/\/goldzinocasino.org\/wp-content\/uploads\/2025\/10\/welcome-crown.svg\" alt=\"crown\" width=\"25\" height=\"26\" \/><\/p>\n<\/div>\n<\/div><div class=\"scrollable-content-wrap my-5\"><div class=\"scrollable-content-inner\"><h2>Jak zarejestrowa\u0107 konto<\/h2>\n<p>Rejestracja konta w Gold Zino daje Ci pe\u0142ny dost\u0119p do ponad 6000 gier kasynowych, w tym automat\u00f3w, gier sto\u0142owych i gier z krupierem na \u017cywo. Nowi gracze z Polski mog\u0105 skorzysta\u0107 z naszego pakietu powitalnego, kt\u00f3ry zapewnia do 1500 \u20ac + 250 darmowych spin\u00f3w. Powracaj\u0105cy gracze mog\u0105 skorzysta\u0107 z cotygodniowego bonusu cashback w wysoko\u015bci do 25%. Twoje konto s\u0142u\u017cy jako centrum zarz\u0105dzania wp\u0142atami i wyp\u0142atami, \u015bledzenia bonus\u00f3w, zarz\u0105dzania nagrodami lojalno\u015bciowymi i ustalania limit\u00f3w hazardowych.<\/p>\n<p>W Goldzino Casino oferujemy bezpieczne i satysfakcjonuj\u0105ce kasyno online. Aby uzyska\u0107 dost\u0119p do wszystkich naszych us\u0142ug, wystarczy szybko zarejestrowa\u0107 konto, a nast\u0119pnie wykona\u0107 proste logowanie do Goldzino. Proces rejestracji zosta\u0142 zaprojektowany tak, aby nowi gracze mogli go szybko i \u0142atwo przej\u015b\u0107. Aby utworzy\u0107 nowe konto w Goldzino, wykonaj nast\u0119puj\u0105ce kroki:<\/p>\n<ol>\n<li>Przejd\u017a do oficjalnej strony kasyna Goldzino i kliknij \u201eZarejestruj si\u0119\u201d w prawym g\u00f3rnym rogu.<\/li>\n<li>Wpisz sw\u00f3j adres e-mail i wybierz has\u0142o.<\/li>\n<li>Je\u015bli posiadasz kod promocyjny, podaj go.<\/li>\n<li>Zaakceptuj warunki i potwierd\u017a, \u017ce jeste\u015b pe\u0142noletni.<\/li>\n<li>Po przes\u0142aniu danych otrzymasz wiadomo\u015b\u0107 e-mail z linkiem weryfikacyjnym, aby zako\u0144czy\u0107 proces rejestracji.<\/li>\n<\/ol>\n<p>Aby przyspieszy\u0107 proces tworzenia konta, nowi u\u017cytkownicy mog\u0105 zarejestrowa\u0107 si\u0119 za pomoc\u0105 kilku klikni\u0119\u0107, \u0142\u0105cz\u0105c swoje konto Google z naszym kasynem. Po zatwierdzeniu konta uzyskasz pe\u0142ny dost\u0119p do wp\u0142at i gry. Wyp\u0142aty b\u0119d\u0105 czeka\u0142y na zako\u0144czenie procesu weryfikacji opisanego poni\u017cej.<\/p>\n<h2>Kroki logowania do Goldzino<\/h2>\n<p>Szybki dost\u0119p do konta jest bardzo wa\u017cny, dlatego proces logowania do Goldzino jest bardzo prosty. Wykonaj nast\u0119puj\u0105ce kroki:<\/p>\n<ol>\n<li>Kliknij \u201eZaloguj si\u0119\u201d w prawym g\u00f3rnym rogu strony g\u0142\u00f3wnej Goldzino.<\/li>\n<li>Wprowad\u017a sw\u00f3j zarejestrowany adres e-mail i has\u0142o.<\/li>\n<\/ol>\n<p>Po pomy\u015blnym zalogowaniu si\u0119 mo\u017cesz uzyska\u0107 dost\u0119p do pulpitu nawigacyjnego swojego konta, gdzie mo\u017cesz:<\/p>\n<ul>\n<li>Sprawd\u017a saldo, histori\u0119 transakcji i status bonus\u00f3w.<\/li>\n<li>Odwied\u017a sekcj\u0119 p\u0142atno\u015bci, aby wp\u0142aci\u0107 i wyp\u0142aci\u0107 \u015brodki.<\/li>\n<li>Zaktualizuj informacje w swoim profilu, zarz\u0105dzaj has\u0142em lub ustaw limity wp\u0142at.<\/li>\n<li>W razie potrzeby skontaktuj si\u0119 z naszym zespo\u0142em pomocy technicznej za po\u015brednictwem czatu na \u017cywo.<\/li>\n<\/ul>\n<h3>Nie pami\u0119tasz has\u0142a?<\/h3>\n<p>Je\u015bli nie mo\u017cesz uzyska\u0107 dost\u0119pu do swojego konta, poniewa\u017c zapomnia\u0142e\u015b has\u0142a, wykonaj nast\u0119puj\u0105ce czynno\u015bci, aby odzyska\u0107 dost\u0119p do konta:<\/p>\n<ol>\n<li>Na stronie Logowanie do Goldzino wybierz opcj\u0119 \u201eNie pami\u0119tasz has\u0142a?\u201d.<\/li>\n<li>Wpisz adres e-mail powi\u0105zany z Twoim kontem w kasynie Goldzino.<\/li>\n<li>Kliknij \u201eZresetuj has\u0142o\u201d.<\/li>\n<li>Wy\u015blemy link do resetowania has\u0142a na adres e-mail.<\/li>\n<li>Kliknij link i ustaw has\u0142o.<\/li>\n<\/ol>\n<h2>Kasyno Goldzino Weryfikacja<\/h2>\n<p>Zobowi\u0105zujemy si\u0119 do przestrzegania zasad odpowiedzialnej gry, dlatego priorytetowo traktujemy bezpiecze\u0144stwo naszych klient\u00f3w. Aby zapewni\u0107 zgodno\u015b\u0107 z przepisami Anjouan eGaming, stosujemy obowi\u0105zkowy proces weryfikacji kont. Nasze kontrole \u201ePoznaj swojego klienta\u201d (KYC) wymagaj\u0105 przes\u0142ania kopii okre\u015blonych dokument\u00f3w do naszego zespo\u0142u w celu potwierdzenia to\u017csamo\u015bci. Aby z\u0142o\u017cy\u0107 wniosek o wyp\u0142at\u0119 \u015brodk\u00f3w i uzyska\u0107 dost\u0119p do wszystkich funkcji konta, nale\u017cy przes\u0142a\u0107 nast\u0119puj\u0105ce dokumenty:<\/p>\n<table>\n<tbody>\n<tr>\n<td>Dokumenty<\/td>\n<td>Cel przed\u0142o\u017cenia<\/td>\n<td>Wymagane dokumenty<\/td>\n<\/tr>\n<tr>\n<td>Dow\u00f3d to\u017csamo\u015bci<\/td>\n<td>W celu potwierdzenia imienia i nazwiska oraz daty urodzenia gracza.<\/td>\n<td>Wa\u017cny dokument to\u017csamo\u015bci ze zdj\u0119ciem wydany przez organ pa\u0144stwowy (paszport, prawo jazdy lub dow\u00f3d osobisty).<\/td>\n<\/tr>\n<tr>\n<td>Potwierdzenie adresu<\/td>\n<td>W celu weryfikacji aktualnego adresu zamieszkania gracza.<\/td>\n<td>Rachunek za media lub wyci\u0105g bankowy (wystawiony w ci\u0105gu ostatnich trzech miesi\u0119cy) zawieraj\u0105cy imi\u0119 i nazwisko oraz adres gracza.<\/td>\n<\/tr>\n<tr>\n<td>Dow\u00f3d wp\u0142aty<\/td>\n<td>W celu weryfikacji w\u0142asno\u015bci zastosowanej metody wp\u0142aty.<\/td>\n<td>Aby zweryfikowa\u0107 swoj\u0105 kart\u0119, nale\u017cy poda\u0107 pierwsze sze\u015b\u0107 i ostatnie cztery cyfry numeru karty, swoje imi\u0119 i nazwisko oraz dat\u0119 wa\u017cno\u015bci karty.<\/p>\n<p>Aby zweryfikowa\u0107 portfele elektroniczne, wykonaj zrzut ekranu pokazuj\u0105cy Tw\u00f3j adres e-mail, numer konta\/identyfikator i imi\u0119 i nazwisko.<\/td>\n<\/tr>\n<\/tbody>\n<\/table>\n<p>Po przes\u0142aniu dokument\u00f3w nasz wyspecjalizowany zesp\u00f3\u0142 przeprowadza ich dok\u0142adn\u0105 weryfikacj\u0119. Po zako\u0144czeniu procesu weryfikacji powiadomimy Ci\u0119 o tym poczt\u0105 elektroniczn\u0105.<\/p>\n<h2>Cz\u0119sto zadawane pytania<\/h2>\n<h3>Czy mog\u0119 zalogowa\u0107 si\u0119 na swoje konto Goldzino z wielu urz\u0105dze\u0144 jednocze\u015bnie?<\/h3>\n<p>Ze wzgl\u0119d\u00f3w bezpiecze\u0144stwa Twoje konto jest ograniczone do jednej aktywnej sesji jednocze\u015bnie. Je\u015bli zalogujesz si\u0119 na drugim urz\u0105dzeniu, pierwsza sesja zostanie automatycznie zako\u0144czona.<\/p>\n<h3>Co nale\u017cy zrobi\u0107, je\u015bli moje konto zosta\u0142o zablokowane?<\/h3>\n<p>Je\u015bli Twoje konto w kasynie Goldzino wydaje si\u0119 by\u0107 zablokowane, zazwyczaj jest to \u015brodek podj\u0119ty w celu zapewnienia Ci bezpiecze\u0144stwa, np. z powodu wielokrotnych nieudanych pr\u00f3b logowania. Nale\u017cy natychmiast skontaktowa\u0107 si\u0119 z naszym wieloj\u0119zycznym zespo\u0142em pomocy technicznej za po\u015brednictwem czatu na \u017cywo lub poczty elektronicznej. Nasz przedstawiciel pomo\u017ce Ci odzyska\u0107 dost\u0119p do konta Gold Zino.<\/p>\n<h3>Jak zamkn\u0105\u0107 lub tymczasowo zawiesi\u0107 swoje konto?<\/h3>\n<p>W pe\u0142ni popieramy odpowiedzialn\u0105 gr\u0119. Je\u015bli chcesz trwale zamkn\u0105\u0107 swoje konto lub zastosowa\u0107 tymczasowy okres samowykluczenia, mo\u017cesz to \u0142atwo zrobi\u0107. Skontaktuj si\u0119 bezpo\u015brednio z naszym zespo\u0142em pomocy technicznej.<\/p>\n<h3>Jak mog\u0119 zarz\u0105dza\u0107 ustawieniami mojego konta?<\/h3>\n<p>Gracze mog\u0105 zarz\u0105dza\u0107 swoimi ustawieniami za pomoc\u0105 panelu konta. W tym miejscu mo\u017cna aktualizowa\u0107 dane kontaktowe, zmienia\u0107 has\u0142o oraz ustawia\u0107 limity wp\u0142at lub strat.<\/p>\n<\/div><\/div><\/p>\n","protected":false},"excerpt":{"rendered":"<p>Zaloguj si\u0119 do Goldzino i za\u0142\u00f3\u017c konto W Goldzino Casino oferujemy bezpieczne i satysfakcjonuj\u0105ce wra\u017cenia z gry w kasynie online. Aby uzyska\u0107 dost\u0119p do wszystkich naszych us\u0142ug, nale\u017cy zarejestrowa\u0107 si\u0119 i zalogowa\u0107 poprzez Goldzino login. Zadbali\u015bmy o to, aby proces rejestracji by\u0142 szybki i mo\u017cna go by\u0142o przeprowadzi\u0107 za pomoc\u0105 kilku klikni\u0119\u0107.<\/p>\n","protected":false},"author":1,"featured_media":0,"parent":0,"menu_order":0,"comment_status":"closed","ping_status":"closed","template":"template-builder.php","meta":{"_acf_changed":false,"inline_featured_image":false,"footnotes":""},"class_list":["post-1488","page","type-page","status-publish","hentry"],"acf":[],"yoast_head":"<!-- This site is optimized with the Yoast SEO plugin v27.3 - https:\/\/yoast.com\/product\/yoast-seo-wordpress\/ -->\n<title>Goldzino Login: dost\u0119p do konta, 2FA, resetowanie has\u0142a i KYC<\/title>\n<meta name=\"description\" content=\"U\u017cyj konta Goldzino Login, aby zalogowa\u0107 si\u0119 za pomoc\u0105 adresu e-mail i has\u0142a, lub wybierz Google na tym samym ekranie. Tw\u00f3j panel zawiera najwa\u017cniejsze narz\u0119dzia w jednym miejscu: p\u0142atno\u015bci, bonusy, post\u0119py w programie lojalno\u015bciowym i limity. Weryfikacja (KYC) mo\u017ce by\u0107 wymagana przed wyp\u0142atami.\" \/>\n<meta name=\"robots\" content=\"index, follow, max-snippet:-1, max-image-preview:large, max-video-preview:-1\" \/>\n<link rel=\"canonical\" href=\"https:\/\/goldzinocasino.org\/pl\/logowanie-i-rejestracja\/\" \/>\n<meta property=\"og:locale\" content=\"pl_PL\" \/>\n<meta property=\"og:type\" content=\"article\" \/>\n<meta property=\"og:title\" content=\"Goldzino Login: dost\u0119p do konta, 2FA, resetowanie has\u0142a i KYC\" \/>\n<meta property=\"og:description\" content=\"U\u017cyj konta Goldzino Login, aby zalogowa\u0107 si\u0119 za pomoc\u0105 adresu e-mail i has\u0142a, lub wybierz Google na tym samym ekranie. Tw\u00f3j panel zawiera najwa\u017cniejsze narz\u0119dzia w jednym miejscu: p\u0142atno\u015bci, bonusy, post\u0119py w programie lojalno\u015bciowym i limity. Weryfikacja (KYC) mo\u017ce by\u0107 wymagana przed wyp\u0142atami.\" \/>\n<meta property=\"og:url\" content=\"https:\/\/goldzinocasino.org\/pl\/logowanie-i-rejestracja\/\" \/>\n<meta property=\"og:site_name\" content=\"goldzino\" \/>\n<meta property=\"article:modified_time\" content=\"2026-03-17T09:15:29+00:00\" \/>\n<meta name=\"twitter:card\" content=\"summary_large_image\" \/>\n<meta name=\"twitter:label1\" content=\"Est. reading time\" \/>\n\t<meta name=\"twitter:data1\" content=\"1 minute\" \/>\n<script type=\"application\/ld+json\" class=\"yoast-schema-graph\">{\"@context\":\"https:\\\/\\\/schema.org\",\"@graph\":[{\"@type\":\"WebPage\",\"@id\":\"https:\\\/\\\/goldzinocasino.org\\\/pl\\\/logowanie-i-rejestracja\\\/\",\"url\":\"https:\\\/\\\/goldzinocasino.org\\\/pl\\\/logowanie-i-rejestracja\\\/\",\"name\":\"Goldzino Login: dost\u0119p do konta, 2FA, resetowanie has\u0142a i KYC\",\"isPartOf\":{\"@id\":\"https:\\\/\\\/goldzinocasino.org\\\/pl\\\/#website\"},\"datePublished\":\"2025-11-03T12:09:39+00:00\",\"dateModified\":\"2026-03-17T09:15:29+00:00\",\"description\":\"U\u017cyj konta Goldzino Login, aby zalogowa\u0107 si\u0119 za pomoc\u0105 adresu e-mail i has\u0142a, lub wybierz Google na tym samym ekranie. Tw\u00f3j panel zawiera najwa\u017cniejsze narz\u0119dzia w jednym miejscu: p\u0142atno\u015bci, bonusy, post\u0119py w programie lojalno\u015bciowym i limity. Weryfikacja (KYC) mo\u017ce by\u0107 wymagana przed wyp\u0142atami.\",\"breadcrumb\":{\"@id\":\"https:\\\/\\\/goldzinocasino.org\\\/pl\\\/logowanie-i-rejestracja\\\/#breadcrumb\"},\"inLanguage\":\"pl-PL\",\"potentialAction\":[{\"@type\":\"ReadAction\",\"target\":[\"https:\\\/\\\/goldzinocasino.org\\\/pl\\\/logowanie-i-rejestracja\\\/\"]}]},{\"@type\":\"BreadcrumbList\",\"@id\":\"https:\\\/\\\/goldzinocasino.org\\\/pl\\\/logowanie-i-rejestracja\\\/#breadcrumb\",\"itemListElement\":[{\"@type\":\"ListItem\",\"position\":1,\"name\":\"GoldZino\",\"item\":\"https:\\\/\\\/goldzinocasino.org\\\/pl\\\/\"},{\"@type\":\"ListItem\",\"position\":2,\"name\":\"Logowanie i Rejestracja\"}]},{\"@type\":\"WebSite\",\"@id\":\"https:\\\/\\\/goldzinocasino.org\\\/pl\\\/#website\",\"url\":\"https:\\\/\\\/goldzinocasino.org\\\/pl\\\/\",\"name\":\"GoldZino\",\"description\":\"\",\"publisher\":{\"@id\":\"https:\\\/\\\/goldzinocasino.org\\\/pl\\\/#organization\"},\"potentialAction\":[{\"@type\":\"SearchAction\",\"target\":{\"@type\":\"EntryPoint\",\"urlTemplate\":\"https:\\\/\\\/goldzinocasino.org\\\/pl\\\/?s={search_term_string}\"},\"query-input\":{\"@type\":\"PropertyValueSpecification\",\"valueRequired\":true,\"valueName\":\"search_term_string\"}}],\"inLanguage\":\"pl-PL\"},{\"@type\":\"Organization\",\"@id\":\"https:\\\/\\\/goldzinocasino.org\\\/pl\\\/#organization\",\"name\":\"GoldZino\",\"url\":\"https:\\\/\\\/goldzinocasino.org\\\/pl\\\/\",\"logo\":{\"@type\":\"ImageObject\",\"inLanguage\":\"pl-PL\",\"@id\":\"https:\\\/\\\/goldzinocasino.org\\\/pl\\\/#\\\/schema\\\/logo\\\/image\\\/\",\"url\":\"https:\\\/\\\/goldzinocasino.org\\\/wp-content\\\/uploads\\\/2025\\\/08\\\/80u1FaquEZeR6OUTeJCc.png\",\"contentUrl\":\"https:\\\/\\\/goldzinocasino.org\\\/wp-content\\\/uploads\\\/2025\\\/08\\\/80u1FaquEZeR6OUTeJCc.png\",\"width\":209,\"height\":46,\"caption\":\"GoldZino\"},\"image\":{\"@id\":\"https:\\\/\\\/goldzinocasino.org\\\/pl\\\/#\\\/schema\\\/logo\\\/image\\\/\"}}]}<\/script>\n<!-- \/ Yoast SEO plugin. -->","yoast_head_json":{"title":"Goldzino Login: dost\u0119p do konta, 2FA, resetowanie has\u0142a i KYC","description":"U\u017cyj konta Goldzino Login, aby zalogowa\u0107 si\u0119 za pomoc\u0105 adresu e-mail i has\u0142a, lub wybierz Google na tym samym ekranie. Tw\u00f3j panel zawiera najwa\u017cniejsze narz\u0119dzia w jednym miejscu: p\u0142atno\u015bci, bonusy, post\u0119py w programie lojalno\u015bciowym i limity. Weryfikacja (KYC) mo\u017ce by\u0107 wymagana przed wyp\u0142atami.","robots":{"index":"index","follow":"follow","max-snippet":"max-snippet:-1","max-image-preview":"max-image-preview:large","max-video-preview":"max-video-preview:-1"},"canonical":"https:\/\/goldzinocasino.org\/pl\/logowanie-i-rejestracja\/","og_locale":"pl_PL","og_type":"article","og_title":"Goldzino Login: dost\u0119p do konta, 2FA, resetowanie has\u0142a i KYC","og_description":"U\u017cyj konta Goldzino Login, aby zalogowa\u0107 si\u0119 za pomoc\u0105 adresu e-mail i has\u0142a, lub wybierz Google na tym samym ekranie. Tw\u00f3j panel zawiera najwa\u017cniejsze narz\u0119dzia w jednym miejscu: p\u0142atno\u015bci, bonusy, post\u0119py w programie lojalno\u015bciowym i limity. Weryfikacja (KYC) mo\u017ce by\u0107 wymagana przed wyp\u0142atami.","og_url":"https:\/\/goldzinocasino.org\/pl\/logowanie-i-rejestracja\/","og_site_name":"goldzino","article_modified_time":"2026-03-17T09:15:29+00:00","twitter_card":"summary_large_image","twitter_misc":{"Est. reading time":"1 minute"},"schema":{"@context":"https:\/\/schema.org","@graph":[{"@type":"WebPage","@id":"https:\/\/goldzinocasino.org\/pl\/logowanie-i-rejestracja\/","url":"https:\/\/goldzinocasino.org\/pl\/logowanie-i-rejestracja\/","name":"Goldzino Login: dost\u0119p do konta, 2FA, resetowanie has\u0142a i KYC","isPartOf":{"@id":"https:\/\/goldzinocasino.org\/pl\/#website"},"datePublished":"2025-11-03T12:09:39+00:00","dateModified":"2026-03-17T09:15:29+00:00","description":"U\u017cyj konta Goldzino Login, aby zalogowa\u0107 si\u0119 za pomoc\u0105 adresu e-mail i has\u0142a, lub wybierz Google na tym samym ekranie. Tw\u00f3j panel zawiera najwa\u017cniejsze narz\u0119dzia w jednym miejscu: p\u0142atno\u015bci, bonusy, post\u0119py w programie lojalno\u015bciowym i limity. Weryfikacja (KYC) mo\u017ce by\u0107 wymagana przed wyp\u0142atami.","breadcrumb":{"@id":"https:\/\/goldzinocasino.org\/pl\/logowanie-i-rejestracja\/#breadcrumb"},"inLanguage":"pl-PL","potentialAction":[{"@type":"ReadAction","target":["https:\/\/goldzinocasino.org\/pl\/logowanie-i-rejestracja\/"]}]},{"@type":"BreadcrumbList","@id":"https:\/\/goldzinocasino.org\/pl\/logowanie-i-rejestracja\/#breadcrumb","itemListElement":[{"@type":"ListItem","position":1,"name":"GoldZino","item":"https:\/\/goldzinocasino.org\/pl\/"},{"@type":"ListItem","position":2,"name":"Logowanie i Rejestracja"}]},{"@type":"WebSite","@id":"https:\/\/goldzinocasino.org\/pl\/#website","url":"https:\/\/goldzinocasino.org\/pl\/","name":"GoldZino","description":"","publisher":{"@id":"https:\/\/goldzinocasino.org\/pl\/#organization"},"potentialAction":[{"@type":"SearchAction","target":{"@type":"EntryPoint","urlTemplate":"https:\/\/goldzinocasino.org\/pl\/?s={search_term_string}"},"query-input":{"@type":"PropertyValueSpecification","valueRequired":true,"valueName":"search_term_string"}}],"inLanguage":"pl-PL"},{"@type":"Organization","@id":"https:\/\/goldzinocasino.org\/pl\/#organization","name":"GoldZino","url":"https:\/\/goldzinocasino.org\/pl\/","logo":{"@type":"ImageObject","inLanguage":"pl-PL","@id":"https:\/\/goldzinocasino.org\/pl\/#\/schema\/logo\/image\/","url":"https:\/\/goldzinocasino.org\/wp-content\/uploads\/2025\/08\/80u1FaquEZeR6OUTeJCc.png","contentUrl":"https:\/\/goldzinocasino.org\/wp-content\/uploads\/2025\/08\/80u1FaquEZeR6OUTeJCc.png","width":209,"height":46,"caption":"GoldZino"},"image":{"@id":"https:\/\/goldzinocasino.org\/pl\/#\/schema\/logo\/image\/"}}]}},"_links":{"self":[{"href":"https:\/\/goldzinocasino.org\/pl\/wp-json\/wp\/v2\/pages\/1488","targetHints":{"allow":["GET"]}}],"collection":[{"href":"https:\/\/goldzinocasino.org\/pl\/wp-json\/wp\/v2\/pages"}],"about":[{"href":"https:\/\/goldzinocasino.org\/pl\/wp-json\/wp\/v2\/types\/page"}],"author":[{"embeddable":true,"href":"https:\/\/goldzinocasino.org\/pl\/wp-json\/wp\/v2\/users\/1"}],"replies":[{"embeddable":true,"href":"https:\/\/goldzinocasino.org\/pl\/wp-json\/wp\/v2\/comments?post=1488"}],"version-history":[{"count":2,"href":"https:\/\/goldzinocasino.org\/pl\/wp-json\/wp\/v2\/pages\/1488\/revisions"}],"predecessor-version":[{"id":2008,"href":"https:\/\/goldzinocasino.org\/pl\/wp-json\/wp\/v2\/pages\/1488\/revisions\/2008"}],"wp:attachment":[{"href":"https:\/\/goldzinocasino.org\/pl\/wp-json\/wp\/v2\/media?parent=1488"}],"curies":[{"name":"wp","href":"https:\/\/api.w.org\/{rel}","templated":true}]}}