{"id":1425,"date":"2025-11-03T12:05:29","date_gmt":"2025-11-03T12:05:29","guid":{"rendered":"https:\/\/goldzinocasino.org\/app\/"},"modified":"2026-03-17T10:01:22","modified_gmt":"2026-03-17T10:01:22","slug":"aplicacao","status":"publish","type":"page","link":"https:\/\/goldzinocasino.org\/pt-pt\/aplicacao\/","title":{"rendered":"Aplica\u00e7\u00e3o"},"content":{"rendered":"<h1>Aplica\u00e7\u00e3o Goldzino<\/h1>\n<p>Jogue mais de 6.000 jogos, incluindo slots online, jogos de mesa e t\u00edtulos com crupi\u00ea ao vivo no iOS e Android para uma experi\u00eancia de casino premium a qualquer hora com o Goldzino app. Cri\u00e1mos a nossa plataforma m\u00f3vel para oferecer os mesmos recursos dispon\u00edveis na vers\u00e3o para computador, para que possa desfrutar dos melhores jogos online, n\u00e3o importa onde a vida o leve.<\/p>\n<div class=\"banner-wrap\" aria-label=\"Banner\"><img src=\"https:\/\/goldzinocasino.org\/wp-content\/uploads\/2025\/10\/Goldzino-Banner-Desktop.webp\" class=\"w-100 d-none d-lg-block img-pc main-banner-img\" alt=\"goldzino bonus desktop\" fetchpriority=\"high\" decoding=\"async\"><img src=\"https:\/\/goldzinocasino.org\/wp-content\/uploads\/2025\/10\/Gold-zino-Mobile-Banner.webp\" class=\"w-100 d-none d-md-block d-lg-none main-banner-img\" alt=\"goldzino bonus mobile\" fetchpriority=\"high\" decoding=\"async\"><img src=\"https:\/\/goldzinocasino.org\/wp-content\/uploads\/2025\/10\/Gold-zino-Mobile-Banner.webp\" class=\"w-100 d-md-none\" alt=\"goldzino bonus mobile\" fetchpriority=\"high\" decoding=\"async\"><div class=\"banner-description\">\n<div class=\"banner-title\">B\u00f3nus de boas-vindas<\/div>\n<p class=\"banner-header-title\">1500 \u20ac<\/p>\n<div class=\"banner-header-AdditionalText\">+ 250 Rodadas Gr\u00e1tis<\/div>\n<button data-item=\"homepage_banner_link\" class=\"goto m-button m-gradient-border m-button--primary m-button--large banner-button btn-orange\">\n            <div class=\"m-button-content\">\n                <span>Inscreva-se agora<\/span>\n                <span><\/span>\n            <\/div>\n        <\/button>\n<\/div>\n<div class=\"WelcomePack\">\n<p><img loading=\"lazy\" decoding=\"async\" class=\"alignnone size-full wp-image-1376\" src=\"https:\/\/goldzinocasino.org\/wp-content\/uploads\/2025\/10\/welcome-crown.svg\" alt=\"crown\" width=\"25\" height=\"26\" \/><\/p>\n<div class=\"WelcomePack-Info\">Reembolso semanal de at\u00e9 25%<\/div>\n<p><img loading=\"lazy\" decoding=\"async\" class=\"alignnone size-full wp-image-1376\" src=\"https:\/\/goldzinocasino.org\/wp-content\/uploads\/2025\/10\/welcome-crown.svg\" alt=\"crown\" width=\"25\" height=\"26\" \/><\/p>\n<\/div>\n<\/div>\n<h2>Aplica\u00e7\u00e3o Goldzino Casino<\/h2>\n<p>Dado que a maioria das pessoas em todo o mundo usa os seus telem\u00f3veis para tudo, n\u00e3o \u00e9 surpreendente que muitos jogadores portugueses tamb\u00e9m queiram jogar jogos de casino online nos seus dispositivos port\u00e1teis. A nossa aplica\u00e7\u00e3o de casino foi concebida para jogadores que exigem flexibilidade e uma boa experi\u00eancia de jogo em movimento. Ao contr\u00e1rio de estar preso a um PC, a nossa aplica\u00e7\u00e3o m\u00f3vel d\u00e1-lhe a liberdade de jogar em qualquer lugar e a qualquer hora, sem compromissos. As nossas aplica\u00e7\u00f5es para Android e iOS apresentam um design intuitivo que torna a navega\u00e7\u00e3o natural. A nossa aplica\u00e7\u00e3o m\u00f3vel d\u00e1-lhe acesso a:<\/p>\n<ul>\n<li>Mais de 6.000 slots, jackpots, jogos de cartas e de mesa, e casino ao vivo<\/li>\n<li>V\u00e1rias op\u00e7\u00f5es de pagamento, desde carteiras eletr\u00f3nicas e cart\u00f5es de d\u00e9bito at\u00e9 transa\u00e7\u00f5es criptogr\u00e1ficas<\/li>\n<li>Suporte ao cliente 24 horas por dia, 7 dias por semana, para ajud\u00e1-lo por e-mail ou chat ao vivo<\/li>\n<li>Aproveite b\u00f3nus de boas-vindas, ofertas de reembolso e b\u00f3nus de recarga com rodadas gr\u00e1tis.<\/li>\n<li>Notifica\u00e7\u00f5es push para novas promo\u00e7\u00f5es e jogos.<\/li>\n<\/ul>\n<p><div class=\"scrollable-content-wrap my-5\"><div class=\"scrollable-content-inner\"><h2>Aplica\u00e7\u00e3o Goldzino para Android<\/h2>\n<p>A nossa aplica\u00e7\u00e3o PWA para Android oferece aos jogadores novos e antigos uma forma simples de desfrutar dos seus jogos favoritos em qualquer lugar. Otimiz\u00e1mos a nossa aplica\u00e7\u00e3o para funcionar perfeitamente na maioria dos smartphones e tablets Android com Android 8.0 ou posterior. Ela possui o mesmo processo de verifica\u00e7\u00e3o da nossa vers\u00e3o para computador, al\u00e9m de acesso a dep\u00f3sitos, levantamentos e os melhores jogos de casino online.<\/p>\n<p>Os utilizadores Android podem desfrutar de jogos m\u00f3veis com a nossa aplica\u00e7\u00e3o web progressiva (PWA) descarregada do nosso site. N\u00e3o \u00e9 necess\u00e1rio nenhum ficheiro Goldzino APK. O utilizador basta abrir a sec\u00e7\u00e3o da aplica\u00e7\u00e3o do casino e seguir as instru\u00e7\u00f5es de instala\u00e7\u00e3o. Embora o nosso casino m\u00f3vel n\u00e3o seja descarregado diretamente da Google Play Store, ele ainda inclui suporte completo para dep\u00f3sitos e levantamentos, chats ao vivo, slots otimizadas para dispositivos m\u00f3veis, mesas e t\u00edtulos com crupi\u00ea ao vivo.<\/p>\n<p>Como instalar:<\/p>\n<ol>\n<li>Clique na sec\u00e7\u00e3o \u00abAplica\u00e7\u00e3o do Casino\u00bb na parte inferior da p\u00e1gina inicial.<\/li>\n<li>Toque em \u00abInstalar\u00bb para iniciar o download da aplica\u00e7\u00e3o Goldzino.<\/li>\n<li>Instale a aplica\u00e7\u00e3o m\u00f3vel. Confirme a sele\u00e7\u00e3o.<\/li>\n<\/ol>\n<p><img loading=\"lazy\" decoding=\"async\" class=\"alignnone size-full wp-image-1426\" src=\"https:\/\/goldzinocasino.org\/wp-content\/uploads\/2025\/11\/Gold-Zino-Android-Application.webp\" alt=\"Gold-Zino Android\" width=\"1248\" height=\"536\" srcset=\"https:\/\/goldzinocasino.org\/wp-content\/uploads\/2025\/11\/Gold-Zino-Android-Application.webp 1248w, https:\/\/goldzinocasino.org\/wp-content\/uploads\/2025\/11\/Gold-Zino-Android-Application-300x129.webp 300w, https:\/\/goldzinocasino.org\/wp-content\/uploads\/2025\/11\/Gold-Zino-Android-Application-1024x440.webp 1024w, https:\/\/goldzinocasino.org\/wp-content\/uploads\/2025\/11\/Gold-Zino-Android-Application-768x330.webp 768w\" sizes=\"auto, (max-width: 1248px) 100vw, 1248px\" \/><\/p>\n<\/div><\/div><div style=\"clear: both\"><\/div><div class=\"d-flex justify-content-center\"><button data-item=\"decouvrez_link\" data-group=\"website_links\" class=\"goto fw-bold rounded-pill btn btn-orange\" aria-label=\"Descarregue a aplica\u00e7\u00e3o Goldzino\" >Descarregue a aplica\u00e7\u00e3o Goldzino<\/button><\/div><div class=\"scrollable-content-wrap my-5\"><div class=\"scrollable-content-inner\"><h2>Aplica\u00e7\u00e3o Goldzino para iOS<\/h2>\n<p>Os utilizadores iOS podem desfrutar da nossa experi\u00eancia m\u00f3vel atrav\u00e9s de uma Progressive Web App, o que significa que ela funciona atrav\u00e9s do seu navegador m\u00f3vel e pode ser descarregada a partir do nosso site oficial. Siga estes passos simples para adicionar a aplica\u00e7\u00e3o Gold Zino ao ecr\u00e3 inicial do seu iPad ou iPhone:<\/p>\n<ol>\n<li>Quando estiver na p\u00e1gina inicial do Gold Zino Mobile, clique na sec\u00e7\u00e3o \u00abCasino app\u00bb na parte inferior da p\u00e1gina.<\/li>\n<li>Quando solicitado, toque em \u00abInstalar\u00bb e a aplica\u00e7\u00e3o come\u00e7ar\u00e1 a ser transferida.<\/li>\n<li>O \u00edcone dourado do Zino aparecer\u00e1 na sua tela inicial. Toque nele para iniciar a aplica\u00e7\u00e3o.<\/li>\n<\/ol>\n<p>Depois de instalado, o PWA Goldzino funciona como um aplicativo nativo, permitindo acesso aos seus jogos de casino online favoritos, dep\u00f3sitos e levantamentos r\u00e1pidos e suporte por chat ao vivo diretamente do seu navegador.<\/p>\n<p><img loading=\"lazy\" decoding=\"async\" class=\"alignnone size-full wp-image-2091\" src=\"https:\/\/goldzinocasino.org\/wp-content\/uploads\/2025\/11\/Gold-Zino-iOS-Application-pt.webp\" alt=\"Gold Zino iOS Application\" width=\"1248\" height=\"536\" srcset=\"https:\/\/goldzinocasino.org\/wp-content\/uploads\/2025\/11\/Gold-Zino-iOS-Application-pt.webp 1248w, https:\/\/goldzinocasino.org\/wp-content\/uploads\/2025\/11\/Gold-Zino-iOS-Application-pt-300x129.webp 300w, https:\/\/goldzinocasino.org\/wp-content\/uploads\/2025\/11\/Gold-Zino-iOS-Application-pt-1024x440.webp 1024w, https:\/\/goldzinocasino.org\/wp-content\/uploads\/2025\/11\/Gold-Zino-iOS-Application-pt-768x330.webp 768w\" sizes=\"auto, (max-width: 1248px) 100vw, 1248px\" \/><\/p>\n<\/div><\/div><div style=\"clear: both\"><\/div><div class=\"d-flex justify-content-center\"><button data-item=\"decouvrez_link\" data-group=\"website_links\" class=\"goto fw-bold rounded-pill btn btn-orange\" aria-label=\"Descarregue a aplica\u00e7\u00e3o Goldzino\" >Descarregue a aplica\u00e7\u00e3o Goldzino<\/button><\/div><div class=\"scrollable-content-wrap my-5\"><div class=\"scrollable-content-inner\"><h2>Aplica\u00e7\u00e3o para computador do Goldzino Casino \u2013 Windows\/macOS<\/h2>\n<p>Os jogadores podem aceder facilmente \u00e0 nossa plataforma de casino online atrav\u00e9s do navegador do seu computador, tanto no Windows como no macOS. O site oficial do Gold Zino funciona em navegadores populares como o Google Chrome, Mozilla Firefox e Safari. Todas as funcionalidades, incluindo jogabilidade, gest\u00e3o de conta e apoio ao cliente, est\u00e3o totalmente acess\u00edveis atrav\u00e9s do navegador. Os jogadores tamb\u00e9m podem descarregar a nossa aplica\u00e7\u00e3o PWA para Windows e macOS diretamente do nosso site para um acesso mais r\u00e1pido aos seus jogos de casino online favoritos.<\/p>\n<p><img loading=\"lazy\" decoding=\"async\" class=\"alignnone size-full wp-image-2101\" src=\"https:\/\/goldzinocasino.org\/wp-content\/uploads\/2025\/11\/Gold-Zino-Website.webp\" alt=\"Gold-Zino PC\" width=\"1248\" height=\"536\" srcset=\"https:\/\/goldzinocasino.org\/wp-content\/uploads\/2025\/11\/Gold-Zino-Website.webp 1248w, https:\/\/goldzinocasino.org\/wp-content\/uploads\/2025\/11\/Gold-Zino-Website-300x129.webp 300w, https:\/\/goldzinocasino.org\/wp-content\/uploads\/2025\/11\/Gold-Zino-Website-1024x440.webp 1024w, https:\/\/goldzinocasino.org\/wp-content\/uploads\/2025\/11\/Gold-Zino-Website-768x330.webp 768w\" sizes=\"auto, (max-width: 1248px) 100vw, 1248px\" \/><\/p>\n<\/div><\/div><div style=\"clear: both\"><\/div><div class=\"d-flex justify-content-center\"><button data-item=\"decouvrez_link\" data-group=\"website_links\" class=\"goto fw-bold rounded-pill btn btn-orange\" aria-label=\"Descarregue a aplica\u00e7\u00e3o Goldzino\" >Descarregue a aplica\u00e7\u00e3o Goldzino<\/button><\/div><div class=\"scrollable-content-wrap my-5\"><div class=\"scrollable-content-inner\"><h2>Perguntas frequentes<\/h2>\n<h3>Posso obter apoio ao cliente na aplica\u00e7\u00e3o Goldzino Casino?<\/h3>\n<p>Sim, pode. A nossa equipa de apoio ao cliente est\u00e1 dispon\u00edvel 24 horas por dia, 7 dias por semana, diretamente atrav\u00e9s da aplica\u00e7\u00e3o e no nosso site oficial. Pode contactar-nos atrav\u00e9s do chat ao vivo ou por e-mail com quaisquer d\u00favidas sobre dep\u00f3sitos, verifica\u00e7\u00e3o, levantamentos, cria\u00e7\u00e3o de conta ou promo\u00e7\u00f5es.<\/p>\n<h3>Todos os jogos est\u00e3o dispon\u00edveis na aplica\u00e7\u00e3o?<\/h3>\n<p>Mais de 6.000 slots, mesas e jogos com crupi\u00ea ao vivo est\u00e3o dispon\u00edveis no nosso casino m\u00f3vel. N\u00e3o importa se est\u00e1 a usar iOS, Android, Windows ou macOS; ter\u00e1 acesso aos melhores jogos de casino online fornecidos pelos principais fornecedores de software, como Pragmatic Play, Evolution, Playson, BGaming, Spinomenal e outros.<\/p>\n<h3>Como posso criar uma conta para utilizar a aplica\u00e7\u00e3o Goldzino?<\/h3>\n<p>Criar uma conta \u00e9 um processo r\u00e1pido com a aplica\u00e7\u00e3o Gold Zino. Ao iniciar o nosso casino m\u00f3vel, selecione \u00abInscrever-se\u00bb, insira o seu endere\u00e7o de e-mail, crie uma palavra-passe segura e insira um c\u00f3digo promocional, se tiver um. Finalize a configura\u00e7\u00e3o da sua conta concordando com os nossos termos e condi\u00e7\u00f5es e confirmando a sua inscri\u00e7\u00e3o.<\/p>\n<h3>Como atualizar a aplica\u00e7\u00e3o Goldzino Casino?<\/h3>\n<p>A nossa aplica\u00e7\u00e3o m\u00f3vel \u00e9 atualizada automaticamente, pois lan\u00e7amos atualiza\u00e7\u00f5es regularmente para introduzir novos recursos, promo\u00e7\u00f5es e jogos de casino. Assim que a aplica\u00e7\u00e3o estiver no seu telem\u00f3vel atrav\u00e9s do APK, ser\u00e1 direcionado para o nosso site oficial para descarregar o ficheiro APK Gold Zino mais recente. Se estiver a utilizar a aplica\u00e7\u00e3o PWA, n\u00e3o precisa de fazer nada, pois todas as atualiza\u00e7\u00f5es s\u00e3o feitas em tempo real, sem necessidade de descarregar.<\/p>\n<h3>A aplica\u00e7\u00e3o Goldzino \u00e9 segura de usar?<\/h3>\n<p>Sim, a nossa aplica\u00e7\u00e3o utiliza encripta\u00e7\u00e3o SSL e servidores seguros para proteger os dados e as transa\u00e7\u00f5es dos jogadores. Os nossos sistemas cumprem as rigorosas pol\u00edticas da regulamenta\u00e7\u00e3o Anjouan eGaming para garantir a privacidade, o jogo justo e respons\u00e1vel.<\/p>\n<\/div><\/div><\/p>\n","protected":false},"excerpt":{"rendered":"<p>Aplica\u00e7\u00e3o Goldzino Jogue mais de 6.000 jogos, incluindo slots online, jogos de mesa e t\u00edtulos com crupi\u00ea ao vivo no iOS e Android para uma experi\u00eancia de casino premium a qualquer hora com o Goldzino app. Cri\u00e1mos a nossa plataforma m\u00f3vel para oferecer os mesmos recursos dispon\u00edveis na vers\u00e3o para computador, para que possa desfrutar [&hellip;]<\/p>\n","protected":false},"author":1,"featured_media":0,"parent":0,"menu_order":0,"comment_status":"closed","ping_status":"closed","template":"template-builder.php","meta":{"_acf_changed":false,"inline_featured_image":false,"footnotes":""},"class_list":["post-1425","page","type-page","status-publish","hentry"],"acf":[],"yoast_head":"<!-- This site is optimized with the Yoast SEO plugin v27.3 - https:\/\/yoast.com\/product\/yoast-seo-wordpress\/ -->\n<title>Goldzino App: PWA para iOS e Android, instalar num minuto, sem APK.<\/title>\n<meta name=\"description\" content=\"Goldzino app \u00e9 uma aplica\u00e7\u00e3o web progressiva (PWA) para iOS, Android, Windows e macOS. Adicione-o ao seu ecr\u00e3 inicial ou ambiente de trabalho atrav\u00e9s do Chrome ou Safari e abra o lobby com um \u00fanico toque. Sem ficheiros APK, as atualiza\u00e7\u00f5es chegam automaticamente atrav\u00e9s do nosso site oficial.\" \/>\n<meta name=\"robots\" content=\"index, follow, max-snippet:-1, max-image-preview:large, max-video-preview:-1\" \/>\n<link rel=\"canonical\" href=\"https:\/\/goldzinocasino.org\/pt-pt\/aplicacao\/\" \/>\n<meta property=\"og:locale\" content=\"pt_PT\" \/>\n<meta property=\"og:type\" content=\"article\" \/>\n<meta property=\"og:title\" content=\"Goldzino App: PWA para iOS e Android, instalar num minuto, sem APK.\" \/>\n<meta property=\"og:description\" content=\"Goldzino app \u00e9 uma aplica\u00e7\u00e3o web progressiva (PWA) para iOS, Android, Windows e macOS. Adicione-o ao seu ecr\u00e3 inicial ou ambiente de trabalho atrav\u00e9s do Chrome ou Safari e abra o lobby com um \u00fanico toque. Sem ficheiros APK, as atualiza\u00e7\u00f5es chegam automaticamente atrav\u00e9s do nosso site oficial.\" \/>\n<meta property=\"og:url\" content=\"https:\/\/goldzinocasino.org\/pt-pt\/aplicacao\/\" \/>\n<meta property=\"og:site_name\" content=\"goldzino\" \/>\n<meta property=\"article:modified_time\" content=\"2026-03-17T10:01:22+00:00\" \/>\n<meta name=\"twitter:card\" content=\"summary_large_image\" \/>\n<meta name=\"twitter:label1\" content=\"Est. reading time\" \/>\n\t<meta name=\"twitter:data1\" content=\"2 minutes\" \/>\n<script type=\"application\/ld+json\" class=\"yoast-schema-graph\">{\"@context\":\"https:\\\/\\\/schema.org\",\"@graph\":[{\"@type\":\"WebPage\",\"@id\":\"https:\\\/\\\/goldzinocasino.org\\\/pt-pt\\\/aplicacao\\\/\",\"url\":\"https:\\\/\\\/goldzinocasino.org\\\/pt-pt\\\/aplicacao\\\/\",\"name\":\"Goldzino App: PWA para iOS e Android, instalar num minuto, sem APK.\",\"isPartOf\":{\"@id\":\"https:\\\/\\\/goldzinocasino.org\\\/pt-pt\\\/#website\"},\"datePublished\":\"2025-11-03T12:05:29+00:00\",\"dateModified\":\"2026-03-17T10:01:22+00:00\",\"description\":\"Goldzino app \u00e9 uma aplica\u00e7\u00e3o web progressiva (PWA) para iOS, Android, Windows e macOS. Adicione-o ao seu ecr\u00e3 inicial ou ambiente de trabalho atrav\u00e9s do Chrome ou Safari e abra o lobby com um \u00fanico toque. Sem ficheiros APK, as atualiza\u00e7\u00f5es chegam automaticamente atrav\u00e9s do nosso site oficial.\",\"breadcrumb\":{\"@id\":\"https:\\\/\\\/goldzinocasino.org\\\/pt-pt\\\/aplicacao\\\/#breadcrumb\"},\"inLanguage\":\"pt-PT\",\"potentialAction\":[{\"@type\":\"ReadAction\",\"target\":[\"https:\\\/\\\/goldzinocasino.org\\\/pt-pt\\\/aplicacao\\\/\"]}]},{\"@type\":\"BreadcrumbList\",\"@id\":\"https:\\\/\\\/goldzinocasino.org\\\/pt-pt\\\/aplicacao\\\/#breadcrumb\",\"itemListElement\":[{\"@type\":\"ListItem\",\"position\":1,\"name\":\"GoldZino\",\"item\":\"https:\\\/\\\/goldzinocasino.org\\\/pt-pt\\\/\"},{\"@type\":\"ListItem\",\"position\":2,\"name\":\"Aplica\u00e7\u00e3o\"}]},{\"@type\":\"WebSite\",\"@id\":\"https:\\\/\\\/goldzinocasino.org\\\/pt-pt\\\/#website\",\"url\":\"https:\\\/\\\/goldzinocasino.org\\\/pt-pt\\\/\",\"name\":\"GoldZino\",\"description\":\"\",\"publisher\":{\"@id\":\"https:\\\/\\\/goldzinocasino.org\\\/pt-pt\\\/#organization\"},\"potentialAction\":[{\"@type\":\"SearchAction\",\"target\":{\"@type\":\"EntryPoint\",\"urlTemplate\":\"https:\\\/\\\/goldzinocasino.org\\\/pt-pt\\\/?s={search_term_string}\"},\"query-input\":{\"@type\":\"PropertyValueSpecification\",\"valueRequired\":true,\"valueName\":\"search_term_string\"}}],\"inLanguage\":\"pt-PT\"},{\"@type\":\"Organization\",\"@id\":\"https:\\\/\\\/goldzinocasino.org\\\/pt-pt\\\/#organization\",\"name\":\"GoldZino\",\"url\":\"https:\\\/\\\/goldzinocasino.org\\\/pt-pt\\\/\",\"logo\":{\"@type\":\"ImageObject\",\"inLanguage\":\"pt-PT\",\"@id\":\"https:\\\/\\\/goldzinocasino.org\\\/pt-pt\\\/#\\\/schema\\\/logo\\\/image\\\/\",\"url\":\"https:\\\/\\\/goldzinocasino.org\\\/wp-content\\\/uploads\\\/2025\\\/08\\\/80u1FaquEZeR6OUTeJCc.png\",\"contentUrl\":\"https:\\\/\\\/goldzinocasino.org\\\/wp-content\\\/uploads\\\/2025\\\/08\\\/80u1FaquEZeR6OUTeJCc.png\",\"width\":209,\"height\":46,\"caption\":\"GoldZino\"},\"image\":{\"@id\":\"https:\\\/\\\/goldzinocasino.org\\\/pt-pt\\\/#\\\/schema\\\/logo\\\/image\\\/\"}}]}<\/script>\n<!-- \/ Yoast SEO plugin. -->","yoast_head_json":{"title":"Goldzino App: PWA para iOS e Android, instalar num minuto, sem APK.","description":"Goldzino app \u00e9 uma aplica\u00e7\u00e3o web progressiva (PWA) para iOS, Android, Windows e macOS. Adicione-o ao seu ecr\u00e3 inicial ou ambiente de trabalho atrav\u00e9s do Chrome ou Safari e abra o lobby com um \u00fanico toque. Sem ficheiros APK, as atualiza\u00e7\u00f5es chegam automaticamente atrav\u00e9s do nosso site oficial.","robots":{"index":"index","follow":"follow","max-snippet":"max-snippet:-1","max-image-preview":"max-image-preview:large","max-video-preview":"max-video-preview:-1"},"canonical":"https:\/\/goldzinocasino.org\/pt-pt\/aplicacao\/","og_locale":"pt_PT","og_type":"article","og_title":"Goldzino App: PWA para iOS e Android, instalar num minuto, sem APK.","og_description":"Goldzino app \u00e9 uma aplica\u00e7\u00e3o web progressiva (PWA) para iOS, Android, Windows e macOS. Adicione-o ao seu ecr\u00e3 inicial ou ambiente de trabalho atrav\u00e9s do Chrome ou Safari e abra o lobby com um \u00fanico toque. Sem ficheiros APK, as atualiza\u00e7\u00f5es chegam automaticamente atrav\u00e9s do nosso site oficial.","og_url":"https:\/\/goldzinocasino.org\/pt-pt\/aplicacao\/","og_site_name":"goldzino","article_modified_time":"2026-03-17T10:01:22+00:00","twitter_card":"summary_large_image","twitter_misc":{"Est. reading time":"2 minutes"},"schema":{"@context":"https:\/\/schema.org","@graph":[{"@type":"WebPage","@id":"https:\/\/goldzinocasino.org\/pt-pt\/aplicacao\/","url":"https:\/\/goldzinocasino.org\/pt-pt\/aplicacao\/","name":"Goldzino App: PWA para iOS e Android, instalar num minuto, sem APK.","isPartOf":{"@id":"https:\/\/goldzinocasino.org\/pt-pt\/#website"},"datePublished":"2025-11-03T12:05:29+00:00","dateModified":"2026-03-17T10:01:22+00:00","description":"Goldzino app \u00e9 uma aplica\u00e7\u00e3o web progressiva (PWA) para iOS, Android, Windows e macOS. Adicione-o ao seu ecr\u00e3 inicial ou ambiente de trabalho atrav\u00e9s do Chrome ou Safari e abra o lobby com um \u00fanico toque. Sem ficheiros APK, as atualiza\u00e7\u00f5es chegam automaticamente atrav\u00e9s do nosso site oficial.","breadcrumb":{"@id":"https:\/\/goldzinocasino.org\/pt-pt\/aplicacao\/#breadcrumb"},"inLanguage":"pt-PT","potentialAction":[{"@type":"ReadAction","target":["https:\/\/goldzinocasino.org\/pt-pt\/aplicacao\/"]}]},{"@type":"BreadcrumbList","@id":"https:\/\/goldzinocasino.org\/pt-pt\/aplicacao\/#breadcrumb","itemListElement":[{"@type":"ListItem","position":1,"name":"GoldZino","item":"https:\/\/goldzinocasino.org\/pt-pt\/"},{"@type":"ListItem","position":2,"name":"Aplica\u00e7\u00e3o"}]},{"@type":"WebSite","@id":"https:\/\/goldzinocasino.org\/pt-pt\/#website","url":"https:\/\/goldzinocasino.org\/pt-pt\/","name":"GoldZino","description":"","publisher":{"@id":"https:\/\/goldzinocasino.org\/pt-pt\/#organization"},"potentialAction":[{"@type":"SearchAction","target":{"@type":"EntryPoint","urlTemplate":"https:\/\/goldzinocasino.org\/pt-pt\/?s={search_term_string}"},"query-input":{"@type":"PropertyValueSpecification","valueRequired":true,"valueName":"search_term_string"}}],"inLanguage":"pt-PT"},{"@type":"Organization","@id":"https:\/\/goldzinocasino.org\/pt-pt\/#organization","name":"GoldZino","url":"https:\/\/goldzinocasino.org\/pt-pt\/","logo":{"@type":"ImageObject","inLanguage":"pt-PT","@id":"https:\/\/goldzinocasino.org\/pt-pt\/#\/schema\/logo\/image\/","url":"https:\/\/goldzinocasino.org\/wp-content\/uploads\/2025\/08\/80u1FaquEZeR6OUTeJCc.png","contentUrl":"https:\/\/goldzinocasino.org\/wp-content\/uploads\/2025\/08\/80u1FaquEZeR6OUTeJCc.png","width":209,"height":46,"caption":"GoldZino"},"image":{"@id":"https:\/\/goldzinocasino.org\/pt-pt\/#\/schema\/logo\/image\/"}}]}},"_links":{"self":[{"href":"https:\/\/goldzinocasino.org\/pt-pt\/wp-json\/wp\/v2\/pages\/1425","targetHints":{"allow":["GET"]}}],"collection":[{"href":"https:\/\/goldzinocasino.org\/pt-pt\/wp-json\/wp\/v2\/pages"}],"about":[{"href":"https:\/\/goldzinocasino.org\/pt-pt\/wp-json\/wp\/v2\/types\/page"}],"author":[{"embeddable":true,"href":"https:\/\/goldzinocasino.org\/pt-pt\/wp-json\/wp\/v2\/users\/1"}],"replies":[{"embeddable":true,"href":"https:\/\/goldzinocasino.org\/pt-pt\/wp-json\/wp\/v2\/comments?post=1425"}],"version-history":[{"count":4,"href":"https:\/\/goldzinocasino.org\/pt-pt\/wp-json\/wp\/v2\/pages\/1425\/revisions"}],"predecessor-version":[{"id":2328,"href":"https:\/\/goldzinocasino.org\/pt-pt\/wp-json\/wp\/v2\/pages\/1425\/revisions\/2328"}],"wp:attachment":[{"href":"https:\/\/goldzinocasino.org\/pt-pt\/wp-json\/wp\/v2\/media?parent=1425"}],"curies":[{"name":"wp","href":"https:\/\/api.w.org\/{rel}","templated":true}]}}