{"id":1489,"date":"2025-11-03T12:09:39","date_gmt":"2025-11-03T12:09:39","guid":{"rendered":"https:\/\/goldzinocasino.org\/login-and-registration\/"},"modified":"2026-03-17T09:15:02","modified_gmt":"2026-03-17T09:15:02","slug":"login-e-registo","status":"publish","type":"page","link":"https:\/\/goldzinocasino.org\/pt-pt\/login-e-registo\/","title":{"rendered":"Login e Registo"},"content":{"rendered":"<h1>Iniciar sess\u00e3o no Goldzino e criar conta<\/h1>\n<p>No Goldzino Casino, oferecemos uma experi\u00eancia de casino online segura e gratificante. Para aceder aos nossos servi\u00e7os completos, \u00e9 necess\u00e1rio concluir o seu registo com um simples Goldzino login. Certific\u00e1mo-nos de que o nosso processo de registo \u00e9 r\u00e1pido e pode ser feito com apenas alguns cliques.<\/p>\n<p><div class=\"banner-wrap\" aria-label=\"Banner\"><img src=\"https:\/\/goldzinocasino.org\/wp-content\/uploads\/2025\/10\/Goldzino-Banner-Desktop.webp\" class=\"w-100 d-none d-lg-block img-pc main-banner-img\" alt=\"goldzino bonus desktop\" fetchpriority=\"high\" decoding=\"async\"><img src=\"https:\/\/goldzinocasino.org\/wp-content\/uploads\/2025\/10\/Gold-zino-Mobile-Banner.webp\" class=\"w-100 d-none d-md-block d-lg-none main-banner-img\" alt=\"goldzino bonus mobile\" fetchpriority=\"high\" decoding=\"async\"><img src=\"https:\/\/goldzinocasino.org\/wp-content\/uploads\/2025\/10\/Gold-zino-Mobile-Banner.webp\" class=\"w-100 d-md-none\" alt=\"goldzino bonus mobile\" fetchpriority=\"high\" decoding=\"async\"><div class=\"banner-description\">\n<div class=\"banner-title\">B\u00f3nus de boas-vindas<\/div>\n<p class=\"banner-header-title\">1500 \u20ac<\/p>\n<div class=\"banner-header-AdditionalText\">+ 250 Rodadas Gr\u00e1tis<\/div>\n<button data-item=\"homepage_banner_link\" class=\"goto m-button m-gradient-border m-button--primary m-button--large banner-button btn-orange\">\n            <div class=\"m-button-content\">\n                <span>Inscreva-se agora<\/span>\n                <span><\/span>\n            <\/div>\n        <\/button>\n<\/div>\n<div class=\"WelcomePack\">\n<p><img loading=\"lazy\" decoding=\"async\" class=\"alignnone size-full wp-image-1376\" src=\"https:\/\/goldzinocasino.org\/wp-content\/uploads\/2025\/10\/welcome-crown.svg\" alt=\"crown\" width=\"25\" height=\"26\" \/><\/p>\n<div class=\"WelcomePack-Info\">Reembolso semanal de at\u00e9 25%<\/div>\n<p><img loading=\"lazy\" decoding=\"async\" class=\"alignnone size-full wp-image-1376\" src=\"https:\/\/goldzinocasino.org\/wp-content\/uploads\/2025\/10\/welcome-crown.svg\" alt=\"crown\" width=\"25\" height=\"26\" \/><\/p>\n<\/div>\n<\/div><div class=\"scrollable-content-wrap my-5\"><div class=\"scrollable-content-inner\"><h2>Como registar uma conta<\/h2>\n<p>Ao registar uma conta no Gold Zino, ter\u00e1 acesso total aos nossos mais de 6.000 jogos de casino, incluindo slots, jogos de mesa e t\u00edtulos com crupi\u00ea ao vivo. Os novos jogadores portugueses podem reivindicar o nosso pacote de boas-vindas que recompensa at\u00e9 \u20ac 1.500 + 250 rodadas gr\u00e1tis. Os jogadores que retornam podem reivindicar um b\u00f3nus de reembolso semanal de at\u00e9 25%. A sua conta funciona como um centro para gerir os seus dep\u00f3sitos e levantamentos, acompanhar os seus b\u00f3nus, gerir recompensas de fidelidade e definir limites de jogo.<\/p>\n<p>No Goldzino Casino, oferecemos um casino online seguro e gratificante. O acesso aos nossos servi\u00e7os completos requer um r\u00e1pido registo de conta, seguido de um simples login no Goldzino. Cri\u00e1mos o nosso processo de registo para ser r\u00e1pido e f\u00e1cil de ser conclu\u00eddo por novos jogadores. Siga estas etapas para criar a sua nova conta no Goldzino:<\/p>\n<ol>\n<li>Acesse o site oficial do Goldzino Casino e clique em \u00abInscrever-se\u00bb no canto superior direito.<\/li>\n<li>Insira o seu endere\u00e7o de e-mail e escolha uma palavra-passe.<\/li>\n<li>Forne\u00e7a um c\u00f3digo promocional, se tiver um.<\/li>\n<li>Aceite os termos e condi\u00e7\u00f5es e confirme que \u00e9 maior de idade.<\/li>\n<li>Ap\u00f3s enviar os seus dados, receber\u00e1 um e-mail de verifica\u00e7\u00e3o para concluir o processo de registo.<\/li>\n<\/ol>\n<p>Para uma cria\u00e7\u00e3o de conta mais r\u00e1pida, os utilizadores novos podem inscrever-se com apenas alguns cliques, ligando a sua conta Google ao nosso casino. Assim que a conta for aprovada, ter\u00e1 acesso total para depositar e jogar. Os levantamentos ficar\u00e3o pendentes at\u00e9 \u00e0 conclus\u00e3o do processo de verifica\u00e7\u00e3o descrito abaixo.<\/p>\n<h2>Passos para iniciar sess\u00e3o no Goldzino<\/h2>\n<p>Ter acesso r\u00e1pido \u00e0 sua conta \u00e9 muito importante; \u00e9 por isso que torn\u00e1mos o processo de login no Goldzino muito simples. Siga estes passos:<\/p>\n<ol>\n<li>Clique em \u00abIniciar sess\u00e3o\u00bb no canto superior direito da p\u00e1gina inicial do Goldzino.<\/li>\n<li>Insira o seu e-mail e palavra-passe registados.<\/li>\n<\/ol>\n<p>Ap\u00f3s um login bem-sucedido, poder\u00e1 aceder ao painel da sua conta, onde poder\u00e1:<\/p>\n<ul>\n<li>Veja o seu saldo, hist\u00f3rico de transa\u00e7\u00f5es e estado dos b\u00f3nus.<\/li>\n<li>Visite a sec\u00e7\u00e3o de pagamentos para depositar e levantar fundos.<\/li>\n<li>Atualize as informa\u00e7\u00f5es do seu perfil, gerencie a sua palavra-passe ou defina limites de dep\u00f3sito.<\/li>\n<li>Entre em contacto com a nossa equipa de suporte atrav\u00e9s do chat ao vivo para obter assist\u00eancia a qualquer momento.<\/li>\n<\/ul>\n<h3>Esqueceu-se da sua palavra-passe?<\/h3>\n<p>Se n\u00e3o conseguir aceder \u00e0 sua conta porque se esqueceu da sua palavra-passe, siga estes passos para recuperar a sua conta:<\/p>\n<ol>\n<li>Na p\u00e1gina Goldzino login, selecione \u201cEsqueceu a senha?\u201d<\/li>\n<li>Insira o endere\u00e7o de e-mail associado \u00e0 sua conta do Goldzino Casino.<\/li>\n<li>Clique em \u00abRepor palavra-passe\u00bb.<\/li>\n<li>Enviaremos um link para redefinir a palavra-passe para o endere\u00e7o de e-mail.<\/li>\n<li>Clique no link e defina uma palavra-passe.<\/li>\n<\/ol>\n<h2>Goldzino Casino Verifica\u00e7\u00e3o<\/h2>\n<p>Estamos comprometidos em defender o jogo respons\u00e1vel, por isso priorizamos a seguran\u00e7a e prote\u00e7\u00e3o dos clientes. Para garantir o cumprimento das regulamenta\u00e7\u00f5es de jogos eletr\u00f3nicos de Anjouan, empregamos um processo obrigat\u00f3rio de verifica\u00e7\u00e3o de conta. As nossas verifica\u00e7\u00f5es Know Your Customer (KYC) exigem que envie c\u00f3pias de determinados documentos \u00e0 nossa equipa para confirmar a sua identidade. Para solicitar levantamentos e ter acesso a todos os recursos da sua conta, deve enviar o seguinte:<\/p>\n<table>\n<tbody>\n<tr>\n<td>Documentos<\/td>\n<td>Objetivo da apresenta\u00e7\u00e3o<\/td>\n<td>Documenta\u00e7\u00e3o necess\u00e1ria<\/td>\n<\/tr>\n<tr>\n<td>Comprovativo de identidade<\/td>\n<td>Para confirmar o nome legal e a data de nascimento do jogador.<\/td>\n<td>Um documento de identifica\u00e7\u00e3o v\u00e1lido com foto emitido pelo governo (passaporte, carta de condu\u00e7\u00e3o ou cart\u00e3o de identidade nacional).<\/td>\n<\/tr>\n<tr>\n<td>Comprovativo de morada<\/td>\n<td>Para verificar o endere\u00e7o residencial atual do jogador.<\/td>\n<td>Uma conta de servi\u00e7os p\u00fablicos ou extrato banc\u00e1rio (emitido nos \u00faltimos tr\u00eas meses) que mostre o nome e endere\u00e7o do jogador.<\/td>\n<\/tr>\n<tr>\n<td>Comprovativo de pagamento<\/td>\n<td>Para verificar a titularidade do m\u00e9todo de dep\u00f3sito utilizado.<\/td>\n<td>Para verificar o seu cart\u00e3o, \u00e9 necess\u00e1rio mostrar os primeiros seis e os \u00faltimos quatro d\u00edgitos, o seu nome e a data de validade.<\/p>\n<p>Para verificar as carteiras eletr\u00f3nicas, fa\u00e7a uma captura de ecr\u00e3 mostrando o seu e-mail, n\u00famero\/ID da conta e nome.<\/td>\n<\/tr>\n<\/tbody>\n<\/table>\n<p>Depois de enviar os seus documentos, a nossa equipa dedicada far\u00e1 uma an\u00e1lise minuciosa. Iremos notific\u00e1-lo por e-mail assim que o processo de verifica\u00e7\u00e3o estiver conclu\u00eddo.<\/p>\n<h2>Perguntas frequentes<\/h2>\n<h3>Posso iniciar sess\u00e3o na minha conta Goldzino a partir de v\u00e1rios dispositivos ao mesmo tempo?<\/h3>\n<p>Por motivos de seguran\u00e7a, a sua conta est\u00e1 restrita a uma sess\u00e3o ativa de cada vez. Se iniciar sess\u00e3o num segundo dispositivo, a primeira sess\u00e3o ser\u00e1 automaticamente encerrada.<\/p>\n<h3>O que devo fazer se a minha conta for bloqueada?<\/h3>\n<p>Se a sua conta do casino Goldzino aparecer como bloqueada, geralmente \u00e9 uma medida tomada para proteger a sua seguran\u00e7a, como por exemplo, devido a v\u00e1rias tentativas de login falhadas. Deve contactar imediatamente a nossa equipa de suporte multil\u00edngue atrav\u00e9s do chat ao vivo ou e-mail. O nosso representante ir\u00e1 ajud\u00e1-lo a recuperar o acesso \u00e0 sua conta Gold Zino.<\/p>\n<h3>Como posso encerrar ou suspender temporariamente a minha conta?<\/h3>\n<p>Apoiamos totalmente o jogo respons\u00e1vel. Se desejar encerrar a sua conta permanentemente ou aplicar um per\u00edodo de autoexclus\u00e3o tempor\u00e1ria, pode faz\u00ea-lo facilmente. Entre em contacto diretamente com a nossa equipa de apoio.<\/p>\n<h3>Como posso gerir as configura\u00e7\u00f5es da minha conta?<\/h3>\n<p>Os jogadores podem gerir as suas configura\u00e7\u00f5es no painel da sua conta. A partir daqui, pode atualizar os seus dados de contacto, alterar a sua palavra-passe e definir limites de dep\u00f3sito ou perda.<\/p>\n<\/div><\/div><\/p>\n","protected":false},"excerpt":{"rendered":"<p>Iniciar sess\u00e3o no Goldzino e criar conta No Goldzino Casino, oferecemos uma experi\u00eancia de casino online segura e gratificante. Para aceder aos nossos servi\u00e7os completos, \u00e9 necess\u00e1rio concluir o seu registo com um simples Goldzino login. Certific\u00e1mo-nos de que o nosso processo de registo \u00e9 r\u00e1pido e pode ser feito com apenas alguns cliques.<\/p>\n","protected":false},"author":1,"featured_media":0,"parent":0,"menu_order":0,"comment_status":"closed","ping_status":"closed","template":"template-builder.php","meta":{"_acf_changed":false,"inline_featured_image":false,"footnotes":""},"class_list":["post-1489","page","type-page","status-publish","hentry"],"acf":[],"yoast_head":"<!-- This site is optimized with the Yoast SEO plugin v27.3 - https:\/\/yoast.com\/product\/yoast-seo-wordpress\/ -->\n<title>Goldzino Login: Acesso \u00e0 conta, 2FA, redefini\u00e7\u00e3o de palavra-passe<\/title>\n<meta name=\"description\" content=\"Utilize o Goldzino login para aceder \u00e0 sua conta com o seu e-mail e palavra-passe, ou escolha a op\u00e7\u00e3o Google no mesmo ecr\u00e3. O seu painel re\u00fane as principais ferramentas num s\u00f3 lugar: pagamentos, b\u00f3nus, progresso do programa de fideliza\u00e7\u00e3o e limites. A verifica\u00e7\u00e3o (KYC) pode ser necess\u00e1ria antes dos levantamentos.\" \/>\n<meta name=\"robots\" content=\"index, follow, max-snippet:-1, max-image-preview:large, max-video-preview:-1\" \/>\n<link rel=\"canonical\" href=\"https:\/\/goldzinocasino.org\/pt-pt\/login-e-registo\/\" \/>\n<meta property=\"og:locale\" content=\"pt_PT\" \/>\n<meta property=\"og:type\" content=\"article\" \/>\n<meta property=\"og:title\" content=\"Goldzino Login: Acesso \u00e0 conta, 2FA, redefini\u00e7\u00e3o de palavra-passe\" \/>\n<meta property=\"og:description\" content=\"Utilize o Goldzino login para aceder \u00e0 sua conta com o seu e-mail e palavra-passe, ou escolha a op\u00e7\u00e3o Google no mesmo ecr\u00e3. O seu painel re\u00fane as principais ferramentas num s\u00f3 lugar: pagamentos, b\u00f3nus, progresso do programa de fideliza\u00e7\u00e3o e limites. A verifica\u00e7\u00e3o (KYC) pode ser necess\u00e1ria antes dos levantamentos.\" \/>\n<meta property=\"og:url\" content=\"https:\/\/goldzinocasino.org\/pt-pt\/login-e-registo\/\" \/>\n<meta property=\"og:site_name\" content=\"goldzino\" \/>\n<meta property=\"article:modified_time\" content=\"2026-03-17T09:15:02+00:00\" \/>\n<meta name=\"twitter:card\" content=\"summary_large_image\" \/>\n<meta name=\"twitter:label1\" content=\"Est. reading time\" \/>\n\t<meta name=\"twitter:data1\" content=\"1 minute\" \/>\n<script type=\"application\/ld+json\" class=\"yoast-schema-graph\">{\"@context\":\"https:\\\/\\\/schema.org\",\"@graph\":[{\"@type\":\"WebPage\",\"@id\":\"https:\\\/\\\/goldzinocasino.org\\\/pt-pt\\\/login-e-registo\\\/\",\"url\":\"https:\\\/\\\/goldzinocasino.org\\\/pt-pt\\\/login-e-registo\\\/\",\"name\":\"Goldzino Login: Acesso \u00e0 conta, 2FA, redefini\u00e7\u00e3o de palavra-passe\",\"isPartOf\":{\"@id\":\"https:\\\/\\\/goldzinocasino.org\\\/pt-pt\\\/#website\"},\"datePublished\":\"2025-11-03T12:09:39+00:00\",\"dateModified\":\"2026-03-17T09:15:02+00:00\",\"description\":\"Utilize o Goldzino login para aceder \u00e0 sua conta com o seu e-mail e palavra-passe, ou escolha a op\u00e7\u00e3o Google no mesmo ecr\u00e3. O seu painel re\u00fane as principais ferramentas num s\u00f3 lugar: pagamentos, b\u00f3nus, progresso do programa de fideliza\u00e7\u00e3o e limites. A verifica\u00e7\u00e3o (KYC) pode ser necess\u00e1ria antes dos levantamentos.\",\"breadcrumb\":{\"@id\":\"https:\\\/\\\/goldzinocasino.org\\\/pt-pt\\\/login-e-registo\\\/#breadcrumb\"},\"inLanguage\":\"pt-PT\",\"potentialAction\":[{\"@type\":\"ReadAction\",\"target\":[\"https:\\\/\\\/goldzinocasino.org\\\/pt-pt\\\/login-e-registo\\\/\"]}]},{\"@type\":\"BreadcrumbList\",\"@id\":\"https:\\\/\\\/goldzinocasino.org\\\/pt-pt\\\/login-e-registo\\\/#breadcrumb\",\"itemListElement\":[{\"@type\":\"ListItem\",\"position\":1,\"name\":\"GoldZino\",\"item\":\"https:\\\/\\\/goldzinocasino.org\\\/pt-pt\\\/\"},{\"@type\":\"ListItem\",\"position\":2,\"name\":\"Login e Registo\"}]},{\"@type\":\"WebSite\",\"@id\":\"https:\\\/\\\/goldzinocasino.org\\\/pt-pt\\\/#website\",\"url\":\"https:\\\/\\\/goldzinocasino.org\\\/pt-pt\\\/\",\"name\":\"GoldZino\",\"description\":\"\",\"publisher\":{\"@id\":\"https:\\\/\\\/goldzinocasino.org\\\/pt-pt\\\/#organization\"},\"potentialAction\":[{\"@type\":\"SearchAction\",\"target\":{\"@type\":\"EntryPoint\",\"urlTemplate\":\"https:\\\/\\\/goldzinocasino.org\\\/pt-pt\\\/?s={search_term_string}\"},\"query-input\":{\"@type\":\"PropertyValueSpecification\",\"valueRequired\":true,\"valueName\":\"search_term_string\"}}],\"inLanguage\":\"pt-PT\"},{\"@type\":\"Organization\",\"@id\":\"https:\\\/\\\/goldzinocasino.org\\\/pt-pt\\\/#organization\",\"name\":\"GoldZino\",\"url\":\"https:\\\/\\\/goldzinocasino.org\\\/pt-pt\\\/\",\"logo\":{\"@type\":\"ImageObject\",\"inLanguage\":\"pt-PT\",\"@id\":\"https:\\\/\\\/goldzinocasino.org\\\/pt-pt\\\/#\\\/schema\\\/logo\\\/image\\\/\",\"url\":\"https:\\\/\\\/goldzinocasino.org\\\/wp-content\\\/uploads\\\/2025\\\/08\\\/80u1FaquEZeR6OUTeJCc.png\",\"contentUrl\":\"https:\\\/\\\/goldzinocasino.org\\\/wp-content\\\/uploads\\\/2025\\\/08\\\/80u1FaquEZeR6OUTeJCc.png\",\"width\":209,\"height\":46,\"caption\":\"GoldZino\"},\"image\":{\"@id\":\"https:\\\/\\\/goldzinocasino.org\\\/pt-pt\\\/#\\\/schema\\\/logo\\\/image\\\/\"}}]}<\/script>\n<!-- \/ Yoast SEO plugin. -->","yoast_head_json":{"title":"Goldzino Login: Acesso \u00e0 conta, 2FA, redefini\u00e7\u00e3o de palavra-passe","description":"Utilize o Goldzino login para aceder \u00e0 sua conta com o seu e-mail e palavra-passe, ou escolha a op\u00e7\u00e3o Google no mesmo ecr\u00e3. O seu painel re\u00fane as principais ferramentas num s\u00f3 lugar: pagamentos, b\u00f3nus, progresso do programa de fideliza\u00e7\u00e3o e limites. A verifica\u00e7\u00e3o (KYC) pode ser necess\u00e1ria antes dos levantamentos.","robots":{"index":"index","follow":"follow","max-snippet":"max-snippet:-1","max-image-preview":"max-image-preview:large","max-video-preview":"max-video-preview:-1"},"canonical":"https:\/\/goldzinocasino.org\/pt-pt\/login-e-registo\/","og_locale":"pt_PT","og_type":"article","og_title":"Goldzino Login: Acesso \u00e0 conta, 2FA, redefini\u00e7\u00e3o de palavra-passe","og_description":"Utilize o Goldzino login para aceder \u00e0 sua conta com o seu e-mail e palavra-passe, ou escolha a op\u00e7\u00e3o Google no mesmo ecr\u00e3. O seu painel re\u00fane as principais ferramentas num s\u00f3 lugar: pagamentos, b\u00f3nus, progresso do programa de fideliza\u00e7\u00e3o e limites. A verifica\u00e7\u00e3o (KYC) pode ser necess\u00e1ria antes dos levantamentos.","og_url":"https:\/\/goldzinocasino.org\/pt-pt\/login-e-registo\/","og_site_name":"goldzino","article_modified_time":"2026-03-17T09:15:02+00:00","twitter_card":"summary_large_image","twitter_misc":{"Est. reading time":"1 minute"},"schema":{"@context":"https:\/\/schema.org","@graph":[{"@type":"WebPage","@id":"https:\/\/goldzinocasino.org\/pt-pt\/login-e-registo\/","url":"https:\/\/goldzinocasino.org\/pt-pt\/login-e-registo\/","name":"Goldzino Login: Acesso \u00e0 conta, 2FA, redefini\u00e7\u00e3o de palavra-passe","isPartOf":{"@id":"https:\/\/goldzinocasino.org\/pt-pt\/#website"},"datePublished":"2025-11-03T12:09:39+00:00","dateModified":"2026-03-17T09:15:02+00:00","description":"Utilize o Goldzino login para aceder \u00e0 sua conta com o seu e-mail e palavra-passe, ou escolha a op\u00e7\u00e3o Google no mesmo ecr\u00e3. O seu painel re\u00fane as principais ferramentas num s\u00f3 lugar: pagamentos, b\u00f3nus, progresso do programa de fideliza\u00e7\u00e3o e limites. A verifica\u00e7\u00e3o (KYC) pode ser necess\u00e1ria antes dos levantamentos.","breadcrumb":{"@id":"https:\/\/goldzinocasino.org\/pt-pt\/login-e-registo\/#breadcrumb"},"inLanguage":"pt-PT","potentialAction":[{"@type":"ReadAction","target":["https:\/\/goldzinocasino.org\/pt-pt\/login-e-registo\/"]}]},{"@type":"BreadcrumbList","@id":"https:\/\/goldzinocasino.org\/pt-pt\/login-e-registo\/#breadcrumb","itemListElement":[{"@type":"ListItem","position":1,"name":"GoldZino","item":"https:\/\/goldzinocasino.org\/pt-pt\/"},{"@type":"ListItem","position":2,"name":"Login e Registo"}]},{"@type":"WebSite","@id":"https:\/\/goldzinocasino.org\/pt-pt\/#website","url":"https:\/\/goldzinocasino.org\/pt-pt\/","name":"GoldZino","description":"","publisher":{"@id":"https:\/\/goldzinocasino.org\/pt-pt\/#organization"},"potentialAction":[{"@type":"SearchAction","target":{"@type":"EntryPoint","urlTemplate":"https:\/\/goldzinocasino.org\/pt-pt\/?s={search_term_string}"},"query-input":{"@type":"PropertyValueSpecification","valueRequired":true,"valueName":"search_term_string"}}],"inLanguage":"pt-PT"},{"@type":"Organization","@id":"https:\/\/goldzinocasino.org\/pt-pt\/#organization","name":"GoldZino","url":"https:\/\/goldzinocasino.org\/pt-pt\/","logo":{"@type":"ImageObject","inLanguage":"pt-PT","@id":"https:\/\/goldzinocasino.org\/pt-pt\/#\/schema\/logo\/image\/","url":"https:\/\/goldzinocasino.org\/wp-content\/uploads\/2025\/08\/80u1FaquEZeR6OUTeJCc.png","contentUrl":"https:\/\/goldzinocasino.org\/wp-content\/uploads\/2025\/08\/80u1FaquEZeR6OUTeJCc.png","width":209,"height":46,"caption":"GoldZino"},"image":{"@id":"https:\/\/goldzinocasino.org\/pt-pt\/#\/schema\/logo\/image\/"}}]}},"_links":{"self":[{"href":"https:\/\/goldzinocasino.org\/pt-pt\/wp-json\/wp\/v2\/pages\/1489","targetHints":{"allow":["GET"]}}],"collection":[{"href":"https:\/\/goldzinocasino.org\/pt-pt\/wp-json\/wp\/v2\/pages"}],"about":[{"href":"https:\/\/goldzinocasino.org\/pt-pt\/wp-json\/wp\/v2\/types\/page"}],"author":[{"embeddable":true,"href":"https:\/\/goldzinocasino.org\/pt-pt\/wp-json\/wp\/v2\/users\/1"}],"replies":[{"embeddable":true,"href":"https:\/\/goldzinocasino.org\/pt-pt\/wp-json\/wp\/v2\/comments?post=1489"}],"version-history":[{"count":2,"href":"https:\/\/goldzinocasino.org\/pt-pt\/wp-json\/wp\/v2\/pages\/1489\/revisions"}],"predecessor-version":[{"id":2104,"href":"https:\/\/goldzinocasino.org\/pt-pt\/wp-json\/wp\/v2\/pages\/1489\/revisions\/2104"}],"wp:attachment":[{"href":"https:\/\/goldzinocasino.org\/pt-pt\/wp-json\/wp\/v2\/media?parent=1489"}],"curies":[{"name":"wp","href":"https:\/\/api.w.org\/{rel}","templated":true}]}}